{"id":2984,"date":"2025-08-19T11:55:50","date_gmt":"2025-08-19T11:55:50","guid":{"rendered":"https:\/\/www.brikaelektrik.al\/?post_type=product&#038;p=2984"},"modified":"2025-08-19T11:55:50","modified_gmt":"2025-08-19T11:55:50","slug":"automat-1p-n-6a","status":"publish","type":"product","link":"https:\/\/www.brikaelektrik.al\/al\/produkt\/automat-1p-n-6a\/","title":{"rendered":"AUTOMAT 1P+ N 6A"},"content":{"rendered":"<p data-start=\"160\" data-end=\"916\"><strong data-start=\"160\" data-end=\"170\">Seria:<\/strong> Gewiss 90\u00a0<br data-start=\"184\" data-end=\"187\" \/><strong data-start=\"187\" data-end=\"197\">Lloji:<\/strong> Qark mbrojt\u00ebs kompakt miniatur\u00eb (MTC 45)<br data-start=\"258\" data-end=\"261\" \/><strong data-start=\"261\" data-end=\"280\" data-is-only-node=\"\">Numri i poleve:<\/strong> 1P+N (nj\u00eb pol + neutral)<br data-start=\"305\" data-end=\"308\" \/><strong data-start=\"308\" data-end=\"340\">Karakteristika e shk\u00ebputjes:<\/strong> C<br data-start=\"342\" data-end=\"345\" \/><strong data-start=\"345\" data-end=\"364\">Rryma nominale:<\/strong> 6\u202fA<br data-start=\"368\" data-end=\"371\" \/><strong data-start=\"371\" data-end=\"392\">Tensioni nominal:<\/strong> 230\u202fV AC<br data-start=\"401\" data-end=\"404\" \/><strong data-start=\"404\" data-end=\"418\">Frekuenca:<\/strong> 50\/60\u202fHz<br data-start=\"427\" data-end=\"430\" \/><strong data-start=\"430\" data-end=\"464\">Kapaciteti i shk\u00ebputjes (Icn):<\/strong> 4500\u202fA (sip\u00ebr standardit EN 60898)<br data-start=\"499\" data-end=\"502\" \/><strong data-start=\"502\" data-end=\"536\">Kapaciteti i shk\u00ebputjes (Icu):<\/strong> 4500\u202fA (sip\u00ebr standardit IEC\/EN 60947-2)<br data-start=\"577\" data-end=\"580\" \/><strong data-start=\"580\" data-end=\"614\">Kapaciteti i shk\u00ebputjes (Ics):<\/strong> 100% Icu<br data-start=\"623\" data-end=\"626\" \/><strong data-start=\"626\" data-end=\"655\">Tensioni i izolimit (Ui):<\/strong> 500\u202fV<br data-start=\"661\" data-end=\"664\" \/><strong data-start=\"664\" data-end=\"716\">Tensioni i q\u00ebndrueshm\u00ebris\u00eb ndaj impulsit (Uimp):<\/strong> 4\u202fkV<br data-start=\"721\" data-end=\"724\" \/><strong data-start=\"724\" data-end=\"753\">Tensioni minimal i pun\u00ebs:<\/strong> 12\u202fV AC\/DC<br data-start=\"764\" data-end=\"767\" \/><strong data-start=\"767\" data-end=\"797\">Tensioni maksimal i pun\u00ebs:<\/strong> 253\u202fV AC<br data-start=\"806\" data-end=\"809\" \/><strong data-start=\"809\" data-end=\"836\">Jet\u00ebgjat\u00ebsia elektrike:<\/strong> 10,000 cikle<br data-start=\"849\" data-end=\"852\" \/><strong data-start=\"852\" data-end=\"878\">Jet\u00ebgjat\u00ebsia mekanike:<\/strong> 20,000 cikle<br data-start=\"891\" data-end=\"894\" \/><strong data-start=\"894\" data-end=\"914\">Lidhja e telave:<\/strong><\/p>\n<ul>\n<li data-start=\"919\" data-end=\"951\">Tel i ngurt\u00eb: deri n\u00eb 1&#215;16\u202fmm\u00b2<\/li>\n<li data-start=\"919\" data-end=\"951\">Tel fleksib\u00ebl: deri n\u00eb 1&#215;10\u202fmm\u00b2<\/li>\n<\/ul>","protected":false},"excerpt":{"rendered":"<p>Seria: Gewiss 90\u00a0Lloji: Qark mbrojt\u00ebs kompakt miniatur\u00eb (MTC 45)Numri i poleve: 1P+N (nj\u00eb pol + neutral)Karakteristika e shk\u00ebputjes: CRryma nominale: 6\u202fATensioni nominal: 230\u202fV ACFrekuenca: 50\/60\u202fHzKapaciteti i shk\u00ebputjes (Icn): 4500\u202fA (sip\u00ebr standardit EN 60898)Kapaciteti i shk\u00ebputjes (Icu): 4500\u202fA (sip\u00ebr standardit IEC\/EN 60947-2)Kapaciteti i shk\u00ebputjes (Ics): 100% IcuTensioni i izolimit (Ui): 500\u202fVTensioni i q\u00ebndrueshm\u00ebris\u00eb ndaj impulsit (Uimp): [&hellip;]<\/p>","protected":false},"featured_media":2985,"comment_status":"open","ping_status":"closed","template":"","meta":{"_acf_changed":false},"product_brand":[],"product_cat":[40,69],"product_tag":[],"class_list":{"0":"post-2984","1":"product","2":"type-product","3":"status-publish","4":"has-post-thumbnail","6":"product_cat-serite-civile","7":"product_cat-gewiss-system","9":"first","10":"instock","11":"shipping-taxable","12":"product-type-simple"},"acf":[],"_links":{"self":[{"href":"https:\/\/www.brikaelektrik.al\/al\/wp-json\/wp\/v2\/product\/2984","targetHints":{"allow":["GET"]}}],"collection":[{"href":"https:\/\/www.brikaelektrik.al\/al\/wp-json\/wp\/v2\/product"}],"about":[{"href":"https:\/\/www.brikaelektrik.al\/al\/wp-json\/wp\/v2\/types\/product"}],"replies":[{"embeddable":true,"href":"https:\/\/www.brikaelektrik.al\/al\/wp-json\/wp\/v2\/comments?post=2984"}],"wp:featuredmedia":[{"embeddable":true,"href":"https:\/\/www.brikaelektrik.al\/al\/wp-json\/wp\/v2\/media\/2985"}],"wp:attachment":[{"href":"https:\/\/www.brikaelektrik.al\/al\/wp-json\/wp\/v2\/media?parent=2984"}],"wp:term":[{"taxonomy":"product_brand","embeddable":true,"href":"https:\/\/www.brikaelektrik.al\/al\/wp-json\/wp\/v2\/product_brand?post=2984"},{"taxonomy":"product_cat","embeddable":true,"href":"https:\/\/www.brikaelektrik.al\/al\/wp-json\/wp\/v2\/product_cat?post=2984"},{"taxonomy":"product_tag","embeddable":true,"href":"https:\/\/www.brikaelektrik.al\/al\/wp-json\/wp\/v2\/product_tag?post=2984"}],"curies":[{"name":"wp","href":"https:\/\/api.w.org\/{rel}","templated":true}]}}