{"id":2987,"date":"2025-08-19T12:01:23","date_gmt":"2025-08-19T12:01:23","guid":{"rendered":"https:\/\/www.brikaelektrik.al\/?post_type=product&#038;p=2987"},"modified":"2025-08-19T12:01:23","modified_gmt":"2025-08-19T12:01:23","slug":"automat-1pn-10a-1m","status":"publish","type":"product","link":"https:\/\/www.brikaelektrik.al\/al\/produkt\/automat-1pn-10a-1m\/","title":{"rendered":"AUTOMAT 1P+N 10A 1M"},"content":{"rendered":"<hr data-start=\"196\" data-end=\"199\" \/>\n<p data-start=\"201\" data-end=\"974\"><strong data-start=\"201\" data-end=\"211\">Seria:<\/strong> Gewiss\u00a0<br data-start=\"225\" data-end=\"228\" \/><strong data-start=\"228\" data-end=\"238\">Lloji:<\/strong> Qark mbrojt\u00ebs kompakt miniatur\u00eb (MTC 45)<br data-start=\"299\" data-end=\"302\" \/><strong data-start=\"302\" data-end=\"321\">Numri i poleve:<\/strong> 1P+N (nj\u00eb pol + neutral)<br data-start=\"346\" data-end=\"349\" data-is-only-node=\"\" \/><strong data-start=\"349\" data-end=\"381\">Karakteristika e shk\u00ebputjes:<\/strong> C<br data-start=\"383\" data-end=\"386\" \/><strong data-start=\"386\" data-end=\"405\">Rryma nominale:<\/strong> 10\u202fA<br data-start=\"410\" data-end=\"413\" \/><strong data-start=\"413\" data-end=\"434\">Tensioni nominal:<\/strong> 230\u202fV AC<br data-start=\"443\" data-end=\"446\" \/><strong data-start=\"446\" data-end=\"460\">Frekuenca:<\/strong> 50\/60\u202fHz<br data-start=\"469\" data-end=\"472\" \/><strong data-start=\"472\" data-end=\"506\">Kapaciteti i shk\u00ebputjes (Icn):<\/strong> 4500\u202fA (sip\u00ebr standardit EN 60898)<br data-start=\"541\" data-end=\"544\" \/><strong data-start=\"544\" data-end=\"578\">Kapaciteti i shk\u00ebputjes (Icu):<\/strong> 4500\u202fA (sip\u00ebr standardit IEC\/EN 60947-2)<br data-start=\"619\" data-end=\"622\" \/><strong data-start=\"622\" data-end=\"656\">Kapaciteti i shk\u00ebputjes (Ics):<\/strong> 100% Icu<br data-start=\"665\" data-end=\"668\" \/><strong data-start=\"668\" data-end=\"697\">Tensioni i izolimit (Ui):<\/strong> 500\u202fV<br data-start=\"703\" data-end=\"706\" \/><strong data-start=\"706\" data-end=\"758\">Tensioni i q\u00ebndrueshm\u00ebris\u00eb ndaj impulsit (Uimp):<\/strong> 4\u202fkV<br data-start=\"763\" data-end=\"766\" \/><strong data-start=\"766\" data-end=\"790\">Temperatura e pun\u00ebs:<\/strong> -25\u202f\u00b0C deri n\u00eb +60\u202f\u00b0C<br data-start=\"812\" data-end=\"815\" \/><strong data-start=\"815\" data-end=\"842\">Temperatura e ruajtjes:<\/strong> -40\u202f\u00b0C deri n\u00eb +70\u202f\u00b0C<br data-start=\"864\" data-end=\"867\" \/><strong data-start=\"867\" data-end=\"894\">Jet\u00ebgjat\u00ebsia elektrike:<\/strong> 10,000 cikle<br data-start=\"907\" data-end=\"910\" \/><strong data-start=\"910\" data-end=\"936\">Jet\u00ebgjat\u00ebsia mekanike:<\/strong> 20,000 cikle<br data-start=\"949\" data-end=\"952\" \/><strong data-start=\"952\" data-end=\"972\">Lidhja e telave:<\/strong><\/p>\n<ul>\n<li>Tel i ngurt\u00eb: deri n\u00eb 1&#215;16\u202fmm\u00b2<\/li>\n<li>Tel fleksib\u00ebl: deri n\u00eb 1&#215;10\u202fmm\u00b2<\/li>\n<\/ul>","protected":false},"excerpt":{"rendered":"<p>Seria: Gewiss\u00a0Lloji: Qark mbrojt\u00ebs kompakt miniatur\u00eb (MTC 45)Numri i poleve: 1P+N (nj\u00eb pol + neutral)Karakteristika e shk\u00ebputjes: CRryma nominale: 10\u202fATensioni nominal: 230\u202fV ACFrekuenca: 50\/60\u202fHzKapaciteti i shk\u00ebputjes (Icn): 4500\u202fA (sip\u00ebr standardit EN 60898)Kapaciteti i shk\u00ebputjes (Icu): 4500\u202fA (sip\u00ebr standardit IEC\/EN 60947-2)Kapaciteti i shk\u00ebputjes (Ics): 100% IcuTensioni i izolimit (Ui): 500\u202fVTensioni i q\u00ebndrueshm\u00ebris\u00eb ndaj impulsit (Uimp): 4\u202fkVTemperatura [&hellip;]<\/p>","protected":false},"featured_media":2988,"comment_status":"open","ping_status":"closed","template":"","meta":{"_acf_changed":false},"product_brand":[],"product_cat":[40,69],"product_tag":[],"class_list":{"0":"post-2987","1":"product","2":"type-product","3":"status-publish","4":"has-post-thumbnail","6":"product_cat-serite-civile","7":"product_cat-gewiss-system","9":"first","10":"instock","11":"shipping-taxable","12":"product-type-simple"},"acf":[],"_links":{"self":[{"href":"https:\/\/www.brikaelektrik.al\/al\/wp-json\/wp\/v2\/product\/2987","targetHints":{"allow":["GET"]}}],"collection":[{"href":"https:\/\/www.brikaelektrik.al\/al\/wp-json\/wp\/v2\/product"}],"about":[{"href":"https:\/\/www.brikaelektrik.al\/al\/wp-json\/wp\/v2\/types\/product"}],"replies":[{"embeddable":true,"href":"https:\/\/www.brikaelektrik.al\/al\/wp-json\/wp\/v2\/comments?post=2987"}],"wp:featuredmedia":[{"embeddable":true,"href":"https:\/\/www.brikaelektrik.al\/al\/wp-json\/wp\/v2\/media\/2988"}],"wp:attachment":[{"href":"https:\/\/www.brikaelektrik.al\/al\/wp-json\/wp\/v2\/media?parent=2987"}],"wp:term":[{"taxonomy":"product_brand","embeddable":true,"href":"https:\/\/www.brikaelektrik.al\/al\/wp-json\/wp\/v2\/product_brand?post=2987"},{"taxonomy":"product_cat","embeddable":true,"href":"https:\/\/www.brikaelektrik.al\/al\/wp-json\/wp\/v2\/product_cat?post=2987"},{"taxonomy":"product_tag","embeddable":true,"href":"https:\/\/www.brikaelektrik.al\/al\/wp-json\/wp\/v2\/product_tag?post=2987"}],"curies":[{"name":"wp","href":"https:\/\/api.w.org\/{rel}","templated":true}]}}