{"id":2990,"date":"2025-08-19T12:10:32","date_gmt":"2025-08-19T12:10:32","guid":{"rendered":"https:\/\/www.brikaelektrik.al\/?post_type=product&#038;p=2990"},"modified":"2025-08-19T12:10:32","modified_gmt":"2025-08-19T12:10:32","slug":"automat-1pn-16a-1m","status":"publish","type":"product","link":"https:\/\/www.brikaelektrik.al\/al\/produkt\/automat-1pn-16a-1m\/","title":{"rendered":"AUTOMAT 1P+N 16A 1M"},"content":{"rendered":"<p><strong data-start=\"124\" data-end=\"134\">Seria:<\/strong> Gewiss<br data-start=\"148\" data-end=\"151\" \/><strong data-start=\"151\" data-end=\"161\">Lloji:<\/strong> Qark mbrojt\u00ebs kompakt miniatur\u00eb (MTC 45), 1P + N, karakteristik\u00eb C<br data-start=\"228\" data-end=\"231\" \/><strong data-start=\"231\" data-end=\"250\">Rryma nominale:<\/strong> 16 A<br data-start=\"255\" data-end=\"258\" data-is-only-node=\"\" \/><strong data-start=\"258\" data-end=\"279\">Tensioni nominal:<\/strong> 230 V AC<br data-start=\"288\" data-end=\"291\" \/><strong data-start=\"291\" data-end=\"305\">Frekuenca:<\/strong> 50\/60 Hz<br data-start=\"314\" data-end=\"317\" \/><strong data-start=\"317\" data-end=\"357\">Kapaciteti i shk\u00ebputjes (Icn \/ Icu):<\/strong> 4500 A (EN 60898) \/ 4.5 kA (IEC EN 60947-2), Ics = 100% Icu<br data-start=\"417\" data-end=\"420\" \/><strong data-start=\"420\" data-end=\"449\">Tensioni i izolimit (Ui):<\/strong> 500 V<br data-start=\"455\" data-end=\"458\" \/><strong data-start=\"458\" data-end=\"484\">Ese e impulsit (Uimp):<\/strong> 4 kV<br data-start=\"489\" data-end=\"492\" \/><strong data-start=\"492\" data-end=\"530\">Jet\u00ebgjat\u00ebsia elektrike \/ mekanike:<\/strong> 10 000 \/ 20 000 cikle<br data-start=\"552\" data-end=\"555\" \/><strong data-start=\"555\" data-end=\"576\">Lidhja me kabllo:<\/strong> Kabllo i ngurt\u00eb deri n\u00eb 1\u00d716 mm\u00b2; fleksib\u00ebl deri n\u00eb 1\u00d710 mm\u00b2 (ose 2\u00d76 mm\u00b2)<br data-start=\"651\" data-end=\"654\" \/><strong data-start=\"654\" data-end=\"677\">Moment i ngjeshjes:<\/strong> 1,2 Nm<br data-start=\"684\" data-end=\"687\" \/><strong data-start=\"687\" data-end=\"722\">Temperatura e pun\u00ebs \/ ruajtjes:<\/strong> \u201325 \u00b0C deri n\u00eb +60 \u00b0C \/ \u201340 \u00b0C deri n\u00eb +70 \u00b0C<\/p>","protected":false},"excerpt":{"rendered":"<p>Seria: GewissLloji: Qark mbrojt\u00ebs kompakt miniatur\u00eb (MTC 45), 1P + N, karakteristik\u00eb CRryma nominale: 16 ATensioni nominal: 230 V ACFrekuenca: 50\/60 HzKapaciteti i shk\u00ebputjes (Icn \/ Icu): 4500 A (EN 60898) \/ 4.5 kA (IEC EN 60947-2), Ics = 100% IcuTensioni i izolimit (Ui): 500 VEse e impulsit (Uimp): 4 kVJet\u00ebgjat\u00ebsia elektrike \/ mekanike: 10 [&hellip;]<\/p>","protected":false},"featured_media":2991,"comment_status":"open","ping_status":"closed","template":"","meta":{"_acf_changed":false},"product_brand":[],"product_cat":[40,69],"product_tag":[],"class_list":{"0":"post-2990","1":"product","2":"type-product","3":"status-publish","4":"has-post-thumbnail","6":"product_cat-serite-civile","7":"product_cat-gewiss-system","9":"first","10":"instock","11":"shipping-taxable","12":"product-type-simple"},"acf":[],"_links":{"self":[{"href":"https:\/\/www.brikaelektrik.al\/al\/wp-json\/wp\/v2\/product\/2990","targetHints":{"allow":["GET"]}}],"collection":[{"href":"https:\/\/www.brikaelektrik.al\/al\/wp-json\/wp\/v2\/product"}],"about":[{"href":"https:\/\/www.brikaelektrik.al\/al\/wp-json\/wp\/v2\/types\/product"}],"replies":[{"embeddable":true,"href":"https:\/\/www.brikaelektrik.al\/al\/wp-json\/wp\/v2\/comments?post=2990"}],"wp:featuredmedia":[{"embeddable":true,"href":"https:\/\/www.brikaelektrik.al\/al\/wp-json\/wp\/v2\/media\/2991"}],"wp:attachment":[{"href":"https:\/\/www.brikaelektrik.al\/al\/wp-json\/wp\/v2\/media?parent=2990"}],"wp:term":[{"taxonomy":"product_brand","embeddable":true,"href":"https:\/\/www.brikaelektrik.al\/al\/wp-json\/wp\/v2\/product_brand?post=2990"},{"taxonomy":"product_cat","embeddable":true,"href":"https:\/\/www.brikaelektrik.al\/al\/wp-json\/wp\/v2\/product_cat?post=2990"},{"taxonomy":"product_tag","embeddable":true,"href":"https:\/\/www.brikaelektrik.al\/al\/wp-json\/wp\/v2\/product_tag?post=2990"}],"curies":[{"name":"wp","href":"https:\/\/api.w.org\/{rel}","templated":true}]}}