{"id":2993,"date":"2025-08-19T12:19:15","date_gmt":"2025-08-19T12:19:15","guid":{"rendered":"https:\/\/www.brikaelektrik.al\/?post_type=product&#038;p=2993"},"modified":"2025-08-19T12:19:15","modified_gmt":"2025-08-19T12:19:15","slug":"automat-1pn-20a-1m","status":"publish","type":"product","link":"https:\/\/www.brikaelektrik.al\/al\/produkt\/automat-1pn-20a-1m\/","title":{"rendered":"AUTOMAT 1P+N 20A 1M"},"content":{"rendered":"<p><strong data-start=\"212\" data-end=\"222\">Seria:<\/strong> Gewiss<br data-start=\"229\" data-end=\"232\" \/><strong data-start=\"232\" data-end=\"242\">Lloji:<\/strong> Nd\u00ebrprer\u00ebs automatik modular (MCB) 1P+N, kurba C<br data-start=\"291\" data-end=\"294\" \/><strong data-start=\"294\" data-end=\"313\" data-is-only-node=\"\">Rryma nominale:<\/strong> 20 A<br data-start=\"318\" data-end=\"321\" \/><strong data-start=\"321\" data-end=\"342\">Tensioni i pun\u00ebs:<\/strong> 230 V AC<br data-start=\"351\" data-end=\"354\" \/><strong data-start=\"354\" data-end=\"368\">Frekuenca:<\/strong> 50\/60 Hz<br data-start=\"377\" data-end=\"380\" \/><strong data-start=\"380\" data-end=\"409\">Kapaciteti i nd\u00ebrprerjes:<\/strong> 4500 A (EN 60898-1) \/ 4.5 kA (IEC\/EN 60947-2)<br data-start=\"455\" data-end=\"458\" \/><strong data-start=\"458\" data-end=\"483\">Tension izolues (Ui):<\/strong> 500 V<br data-start=\"489\" data-end=\"492\" \/><strong data-start=\"492\" data-end=\"520\">Tension impulsiv (Uimp):<\/strong> 4 kV<br data-start=\"525\" data-end=\"528\" \/><strong data-start=\"528\" data-end=\"545\">Jet\u00ebgjat\u00ebsia:<\/strong> 10,000 cikle elektrike \/ 20,000 cikle mekanike<br \/>\n<strong data-start=\"721\" data-end=\"743\">Moment ngjeshjeje:<\/strong> 1,2 Nm<br data-start=\"750\" data-end=\"753\" \/><strong data-start=\"753\" data-end=\"777\">Temperatura e pun\u00ebs:<\/strong> \u201325 \u00b0C deri +60 \u00b0C<br data-start=\"796\" data-end=\"799\" \/><strong data-start=\"799\" data-end=\"826\">Temperatura e ruajtjes:<\/strong> \u201340 \u00b0C deri +70 \u00b0C<br data-start=\"845\" data-end=\"848\" \/><strong data-start=\"848\" data-end=\"864\">Certifikime:<\/strong> CE, n\u00eb p\u00ebrputhje me standardet IEC\/EN 60898-1 dhe IEC\/EN 60947-2<\/p>","protected":false},"excerpt":{"rendered":"<p>Seria: GewissLloji: Nd\u00ebrprer\u00ebs automatik modular (MCB) 1P+N, kurba CRryma nominale: 20 ATensioni i pun\u00ebs: 230 V ACFrekuenca: 50\/60 HzKapaciteti i nd\u00ebrprerjes: 4500 A (EN 60898-1) \/ 4.5 kA (IEC\/EN 60947-2)Tension izolues (Ui): 500 VTension impulsiv (Uimp): 4 kVJet\u00ebgjat\u00ebsia: 10,000 cikle elektrike \/ 20,000 cikle mekanike Moment ngjeshjeje: 1,2 NmTemperatura e pun\u00ebs: \u201325 \u00b0C deri +60 [&hellip;]<\/p>","protected":false},"featured_media":2994,"comment_status":"open","ping_status":"closed","template":"","meta":{"_acf_changed":false},"product_brand":[],"product_cat":[40,69],"product_tag":[],"class_list":{"0":"post-2993","1":"product","2":"type-product","3":"status-publish","4":"has-post-thumbnail","6":"product_cat-serite-civile","7":"product_cat-gewiss-system","9":"first","10":"instock","11":"shipping-taxable","12":"product-type-simple"},"acf":[],"_links":{"self":[{"href":"https:\/\/www.brikaelektrik.al\/al\/wp-json\/wp\/v2\/product\/2993","targetHints":{"allow":["GET"]}}],"collection":[{"href":"https:\/\/www.brikaelektrik.al\/al\/wp-json\/wp\/v2\/product"}],"about":[{"href":"https:\/\/www.brikaelektrik.al\/al\/wp-json\/wp\/v2\/types\/product"}],"replies":[{"embeddable":true,"href":"https:\/\/www.brikaelektrik.al\/al\/wp-json\/wp\/v2\/comments?post=2993"}],"wp:featuredmedia":[{"embeddable":true,"href":"https:\/\/www.brikaelektrik.al\/al\/wp-json\/wp\/v2\/media\/2994"}],"wp:attachment":[{"href":"https:\/\/www.brikaelektrik.al\/al\/wp-json\/wp\/v2\/media?parent=2993"}],"wp:term":[{"taxonomy":"product_brand","embeddable":true,"href":"https:\/\/www.brikaelektrik.al\/al\/wp-json\/wp\/v2\/product_brand?post=2993"},{"taxonomy":"product_cat","embeddable":true,"href":"https:\/\/www.brikaelektrik.al\/al\/wp-json\/wp\/v2\/product_cat?post=2993"},{"taxonomy":"product_tag","embeddable":true,"href":"https:\/\/www.brikaelektrik.al\/al\/wp-json\/wp\/v2\/product_tag?post=2993"}],"curies":[{"name":"wp","href":"https:\/\/api.w.org\/{rel}","templated":true}]}}