{"id":2996,"date":"2025-08-19T12:24:59","date_gmt":"2025-08-19T12:24:59","guid":{"rendered":"https:\/\/www.brikaelektrik.al\/?post_type=product&#038;p=2996"},"modified":"2025-08-19T12:25:00","modified_gmt":"2025-08-19T12:25:00","slug":"automat-1pn-25a-1m","status":"publish","type":"product","link":"https:\/\/www.brikaelektrik.al\/al\/produkt\/automat-1pn-25a-1m\/","title":{"rendered":"AUTOMAT 1P+N 25A 1M"},"content":{"rendered":"<p><strong data-start=\"133\" data-end=\"143\">Seria:<\/strong> Gewiss<br data-start=\"150\" data-end=\"153\" \/><strong data-start=\"153\" data-end=\"163\" data-is-only-node=\"\">Lloji:<\/strong> Nd\u00ebrprer\u00ebs automatik modular MTC45 1P+N kurba C<br data-start=\"211\" data-end=\"214\" \/><strong data-start=\"214\" data-end=\"222\">Pol:<\/strong> 1P+N<br data-start=\"227\" data-end=\"230\" \/><strong data-start=\"230\" data-end=\"251\">Tensioni i pun\u00ebs:<\/strong> 230 V AC<br data-start=\"260\" data-end=\"263\" \/><strong data-start=\"263\" data-end=\"281\">Rryma e pun\u00ebs:<\/strong> 25 A<br data-start=\"286\" data-end=\"289\" \/><strong data-start=\"289\" data-end=\"303\">Frekuenca:<\/strong> 50\/60 Hz<br data-start=\"312\" data-end=\"315\" \/><strong data-start=\"315\" data-end=\"344\">Kapaciteti i nd\u00ebrprerjes:<\/strong> 4500 A (EN 60898-1) \/ 4.5 kA (IEC\/EN 60947-2)<br data-start=\"390\" data-end=\"393\" \/><strong data-start=\"393\" data-end=\"401\">Ics:<\/strong> 100% e Icu<br data-start=\"412\" data-end=\"415\" \/><strong data-start=\"415\" data-end=\"435\">Tension izolues:<\/strong> 500 V<br data-start=\"441\" data-end=\"444\" \/><strong data-start=\"444\" data-end=\"465\">Tension impulsiv:<\/strong> 4 kV<br data-start=\"470\" data-end=\"473\" \/><strong data-start=\"473\" data-end=\"500\">Jet\u00ebgjat\u00ebsia elektrike:<\/strong> 10.000 cikle<br data-start=\"513\" data-end=\"516\" \/><strong data-start=\"516\" data-end=\"542\">Jet\u00ebgjat\u00ebsia mekanike:<\/strong> 20.000 cikle<br data-start=\"555\" data-end=\"558\" \/><strong data-start=\"558\" data-end=\"586\">Seksioni i p\u00ebrcjell\u00ebsve:<\/strong> kabllo e ngurt\u00eb max 1\u00d716 mm\u00b2 ose 1\u00d710 mm\u00b2 + 1\u00d76 mm\u00b2 kabllo fleksib\u00ebl max 1\u00d710 mm\u00b2 ose 2\u00d76 mm\u00b2<br data-start=\"680\" data-end=\"683\" \/><strong data-start=\"683\" data-end=\"694\">Lidhja:<\/strong> terminale me vida moment shtr\u00ebngimi 1.2 Nm<br data-start=\"737\" data-end=\"740\" \/><strong data-start=\"740\" data-end=\"764\">Temperatura e pun\u00ebs:<\/strong> \u201325 \u00b0C deri +60 \u00b0C<br data-start=\"783\" data-end=\"786\" \/><strong data-start=\"786\" data-end=\"813\">Temperatura e ruajtjes:<\/strong> \u201340 \u00b0C deri +70 \u00b0C<br data-start=\"832\" data-end=\"835\" \/><strong data-start=\"835\" data-end=\"851\">Certifikime:<\/strong> EN 60898-1 IEC\/EN 60947-2 CE<\/p>","protected":false},"excerpt":{"rendered":"<p>Seria: GewissLloji: Nd\u00ebrprer\u00ebs automatik modular MTC45 1P+N kurba CPol: 1P+NTensioni i pun\u00ebs: 230 V ACRryma e pun\u00ebs: 25 AFrekuenca: 50\/60 HzKapaciteti i nd\u00ebrprerjes: 4500 A (EN 60898-1) \/ 4.5 kA (IEC\/EN 60947-2)Ics: 100% e IcuTension izolues: 500 VTension impulsiv: 4 kVJet\u00ebgjat\u00ebsia elektrike: 10.000 cikleJet\u00ebgjat\u00ebsia mekanike: 20.000 cikleSeksioni i p\u00ebrcjell\u00ebsve: kabllo e ngurt\u00eb max 1\u00d716 mm\u00b2 [&hellip;]<\/p>","protected":false},"featured_media":2997,"comment_status":"open","ping_status":"closed","template":"","meta":{"_acf_changed":false},"product_brand":[],"product_cat":[40,69],"product_tag":[],"class_list":{"0":"post-2996","1":"product","2":"type-product","3":"status-publish","4":"has-post-thumbnail","6":"product_cat-serite-civile","7":"product_cat-gewiss-system","9":"first","10":"instock","11":"shipping-taxable","12":"product-type-simple"},"acf":[],"_links":{"self":[{"href":"https:\/\/www.brikaelektrik.al\/al\/wp-json\/wp\/v2\/product\/2996","targetHints":{"allow":["GET"]}}],"collection":[{"href":"https:\/\/www.brikaelektrik.al\/al\/wp-json\/wp\/v2\/product"}],"about":[{"href":"https:\/\/www.brikaelektrik.al\/al\/wp-json\/wp\/v2\/types\/product"}],"replies":[{"embeddable":true,"href":"https:\/\/www.brikaelektrik.al\/al\/wp-json\/wp\/v2\/comments?post=2996"}],"wp:featuredmedia":[{"embeddable":true,"href":"https:\/\/www.brikaelektrik.al\/al\/wp-json\/wp\/v2\/media\/2997"}],"wp:attachment":[{"href":"https:\/\/www.brikaelektrik.al\/al\/wp-json\/wp\/v2\/media?parent=2996"}],"wp:term":[{"taxonomy":"product_brand","embeddable":true,"href":"https:\/\/www.brikaelektrik.al\/al\/wp-json\/wp\/v2\/product_brand?post=2996"},{"taxonomy":"product_cat","embeddable":true,"href":"https:\/\/www.brikaelektrik.al\/al\/wp-json\/wp\/v2\/product_cat?post=2996"},{"taxonomy":"product_tag","embeddable":true,"href":"https:\/\/www.brikaelektrik.al\/al\/wp-json\/wp\/v2\/product_tag?post=2996"}],"curies":[{"name":"wp","href":"https:\/\/api.w.org\/{rel}","templated":true}]}}