{"id":2999,"date":"2025-08-19T12:31:22","date_gmt":"2025-08-19T12:31:22","guid":{"rendered":"https:\/\/www.brikaelektrik.al\/?post_type=product&#038;p=2999"},"modified":"2025-08-19T12:31:22","modified_gmt":"2025-08-19T12:31:22","slug":"automat-1pn-32a-1m","status":"publish","type":"product","link":"https:\/\/www.brikaelektrik.al\/al\/produkt\/automat-1pn-32a-1m\/","title":{"rendered":"AUTOMAT 1P+N 32A 1M"},"content":{"rendered":"<p><strong data-start=\"149\" data-end=\"159\">Seria:<\/strong> Gewiss<br data-start=\"166\" data-end=\"169\" \/><strong data-start=\"169\" data-end=\"179\">Lloji:<\/strong> Nd\u00ebrprer\u00ebs automatik modular (MTC 45), 1P+N, kurba C<br data-start=\"232\" data-end=\"235\" \/><strong data-start=\"235\" data-end=\"243\" data-is-only-node=\"\">Pol:<\/strong> 1P+N<br data-start=\"248\" data-end=\"251\" \/><strong data-start=\"251\" data-end=\"272\">Tensioni i pun\u00ebs:<\/strong> 230 V AC<br data-start=\"281\" data-end=\"284\" \/><strong data-start=\"284\" data-end=\"302\">Rryma e pun\u00ebs:<\/strong> 32 A<br data-start=\"307\" data-end=\"310\" \/><strong data-start=\"310\" data-end=\"324\">Frekuenca:<\/strong> 50\/60 Hz<br data-start=\"333\" data-end=\"336\" \/><strong data-start=\"336\" data-end=\"365\">Kapaciteti i nd\u00ebrprerjes:<\/strong> 4500 A (EN 60898-1) \/ 4.5 kA (IEC\/EN 60947-2)<br data-start=\"411\" data-end=\"414\" \/><strong data-start=\"414\" data-end=\"422\">Ics:<\/strong> 100 % e Icu<br data-start=\"434\" data-end=\"437\" \/><strong data-start=\"437\" data-end=\"462\">Tension izolues (Ui):<\/strong> 500 V<br data-start=\"468\" data-end=\"471\" \/><strong data-start=\"471\" data-end=\"499\">Tension impulsiv (Uimp):<\/strong> 4 kV<br data-start=\"504\" data-end=\"507\" \/><strong data-start=\"507\" data-end=\"548\">Tension minimal\/maksimal funksionimi:<\/strong> 12 V AC \/ 253 V AC<br data-start=\"567\" data-end=\"570\" \/><strong data-start=\"570\" data-end=\"597\">Jet\u00ebgjat\u00ebsia elektrike:<\/strong> 10 000 cikle<br data-start=\"610\" data-end=\"613\" \/><strong data-start=\"613\" data-end=\"639\">Jet\u00ebgjat\u00ebsia mekanike:<\/strong> 20 000 cikle<\/p>","protected":false},"excerpt":{"rendered":"<p>Seria: GewissLloji: Nd\u00ebrprer\u00ebs automatik modular (MTC 45), 1P+N, kurba CPol: 1P+NTensioni i pun\u00ebs: 230 V ACRryma e pun\u00ebs: 32 AFrekuenca: 50\/60 HzKapaciteti i nd\u00ebrprerjes: 4500 A (EN 60898-1) \/ 4.5 kA (IEC\/EN 60947-2)Ics: 100 % e IcuTension izolues (Ui): 500 VTension impulsiv (Uimp): 4 kVTension minimal\/maksimal funksionimi: 12 V AC \/ 253 V ACJet\u00ebgjat\u00ebsia elektrike: [&hellip;]<\/p>","protected":false},"featured_media":3000,"comment_status":"open","ping_status":"closed","template":"","meta":{"_acf_changed":false},"product_brand":[],"product_cat":[40,69],"product_tag":[],"class_list":{"0":"post-2999","1":"product","2":"type-product","3":"status-publish","4":"has-post-thumbnail","6":"product_cat-serite-civile","7":"product_cat-gewiss-system","9":"first","10":"instock","11":"shipping-taxable","12":"product-type-simple"},"acf":[],"_links":{"self":[{"href":"https:\/\/www.brikaelektrik.al\/al\/wp-json\/wp\/v2\/product\/2999","targetHints":{"allow":["GET"]}}],"collection":[{"href":"https:\/\/www.brikaelektrik.al\/al\/wp-json\/wp\/v2\/product"}],"about":[{"href":"https:\/\/www.brikaelektrik.al\/al\/wp-json\/wp\/v2\/types\/product"}],"replies":[{"embeddable":true,"href":"https:\/\/www.brikaelektrik.al\/al\/wp-json\/wp\/v2\/comments?post=2999"}],"wp:featuredmedia":[{"embeddable":true,"href":"https:\/\/www.brikaelektrik.al\/al\/wp-json\/wp\/v2\/media\/3000"}],"wp:attachment":[{"href":"https:\/\/www.brikaelektrik.al\/al\/wp-json\/wp\/v2\/media?parent=2999"}],"wp:term":[{"taxonomy":"product_brand","embeddable":true,"href":"https:\/\/www.brikaelektrik.al\/al\/wp-json\/wp\/v2\/product_brand?post=2999"},{"taxonomy":"product_cat","embeddable":true,"href":"https:\/\/www.brikaelektrik.al\/al\/wp-json\/wp\/v2\/product_cat?post=2999"},{"taxonomy":"product_tag","embeddable":true,"href":"https:\/\/www.brikaelektrik.al\/al\/wp-json\/wp\/v2\/product_tag?post=2999"}],"curies":[{"name":"wp","href":"https:\/\/api.w.org\/{rel}","templated":true}]}}