{"id":3006,"date":"2025-08-19T12:42:34","date_gmt":"2025-08-19T12:42:34","guid":{"rendered":"https:\/\/www.brikaelektrik.al\/?post_type=product&#038;p=3006"},"modified":"2025-08-19T12:42:34","modified_gmt":"2025-08-19T12:42:34","slug":"automat-1p-40a-me-xham","status":"publish","type":"product","link":"https:\/\/www.brikaelektrik.al\/al\/produkt\/automat-1p-40a-me-xham\/","title":{"rendered":"AUTOMAT 1P 40A ME XHAM"},"content":{"rendered":"<p><strong data-start=\"101\" data-end=\"111\">Seria:<\/strong> Gewiss\u00a0<br data-start=\"125\" data-end=\"128\" \/><strong data-start=\"128\" data-end=\"138\">Lloji:<\/strong> Nd\u00ebrprer\u00ebs automatik modular MTC45, 1P, kurba C<br data-start=\"186\" data-end=\"189\" data-is-only-node=\"\" \/><strong data-start=\"189\" data-end=\"197\">Pol:<\/strong> 1P<br data-start=\"200\" data-end=\"203\" \/><strong data-start=\"203\" data-end=\"222\">Rryma nominale:<\/strong> 40 A<br data-start=\"227\" data-end=\"230\" \/><strong data-start=\"230\" data-end=\"250\">Tension i pun\u00ebs:<\/strong> 230\u2011400 V AC<br data-start=\"263\" data-end=\"266\" \/><strong data-start=\"266\" data-end=\"298\">Numri i moduleve (EN\u202f50022):<\/strong> 1<br data-start=\"300\" data-end=\"303\" \/><strong data-start=\"303\" data-end=\"342\">Kapaciteti i nd\u00ebrprerjes (Icn\/Icu):<\/strong> 4500 A (EN\u202f60898\u20111) \/ 4.5 kA (IEC\/EN\u202f60947\u20112)<br data-start=\"388\" data-end=\"391\" \/><strong data-start=\"391\" data-end=\"401\">Kurba:<\/strong> C (karakteristik\u00eb shp\u00ebrthimi)<br data-start=\"431\" data-end=\"434\" \/><strong data-start=\"434\" data-end=\"459\">Tension izolues (Ui):<\/strong> 230\/400 V<br data-start=\"469\" data-end=\"472\" \/><strong data-start=\"472\" data-end=\"500\">Tension impulsiv (Uimp):<\/strong> 4 kV<br data-start=\"505\" data-end=\"508\" \/><strong data-start=\"508\" data-end=\"535\">Jet\u00ebgjat\u00ebsia elektrike:<\/strong> 10.000 cikle<br data-start=\"548\" data-end=\"551\" \/><strong data-start=\"551\" data-end=\"577\">Jet\u00ebgjat\u00ebsia mekanike:<\/strong> 20.000 cikle<br data-start=\"590\" data-end=\"593\" \/><strong data-start=\"593\" data-end=\"618\">Seksioni i p\u00ebr\u00e7uesve:<\/strong><br data-start=\"618\" data-end=\"621\" \/>\u2011 Kabllo e ngurt\u00eb: deri n\u00eb 1\u00d716\u202fmm\u00b2 ose 1\u00d710\u202fmm\u00b2 + 1\u00d76\u202fmm\u00b2<br data-start=\"679\" data-end=\"682\" \/>\u2011 Kabllo fleksib\u00ebl: deri n\u00eb 1\u00d710\u202fmm\u00b2 ose 2\u00d76\u202fmm\u00b2<br data-start=\"730\" data-end=\"733\" \/><strong data-start=\"733\" data-end=\"758\">Moment i shtr\u00ebngimit:<\/strong> 1.2\u202fNm<br data-start=\"765\" data-end=\"768\" \/><strong data-start=\"768\" data-end=\"792\">Temperatura e pun\u00ebs:<\/strong> \u201325\u202f\u00b0C deri +60\u202f\u00b0C<br data-start=\"811\" data-end=\"814\" \/><strong data-start=\"814\" data-end=\"841\">Temperatura e ruajtjes:<\/strong> \u201340\u202f\u00b0C deri +70\u202f\u00b0C<br data-start=\"860\" data-end=\"863\" \/><strong data-start=\"863\" data-end=\"879\">Certifikime:<\/strong> EN\u202f60898\u20111, IEC\/EN\u202f60947\u20112, CE<\/p>","protected":false},"excerpt":{"rendered":"<p>Seria: Gewiss\u00a0Lloji: Nd\u00ebrprer\u00ebs automatik modular MTC45, 1P, kurba CPol: 1PRryma nominale: 40 ATension i pun\u00ebs: 230\u2011400 V ACNumri i moduleve (EN\u202f50022): 1Kapaciteti i nd\u00ebrprerjes (Icn\/Icu): 4500 A (EN\u202f60898\u20111) \/ 4.5 kA (IEC\/EN\u202f60947\u20112)Kurba: C (karakteristik\u00eb shp\u00ebrthimi)Tension izolues (Ui): 230\/400 VTension impulsiv (Uimp): 4 kVJet\u00ebgjat\u00ebsia elektrike: 10.000 cikleJet\u00ebgjat\u00ebsia mekanike: 20.000 cikleSeksioni i p\u00ebr\u00e7uesve:\u2011 Kabllo e ngurt\u00eb: deri [&hellip;]<\/p>","protected":false},"featured_media":3007,"comment_status":"open","ping_status":"closed","template":"","meta":{"_acf_changed":false},"product_brand":[],"product_cat":[40,69],"product_tag":[],"class_list":{"0":"post-3006","1":"product","2":"type-product","3":"status-publish","4":"has-post-thumbnail","6":"product_cat-serite-civile","7":"product_cat-gewiss-system","9":"first","10":"instock","11":"shipping-taxable","12":"product-type-simple"},"acf":[],"_links":{"self":[{"href":"https:\/\/www.brikaelektrik.al\/al\/wp-json\/wp\/v2\/product\/3006","targetHints":{"allow":["GET"]}}],"collection":[{"href":"https:\/\/www.brikaelektrik.al\/al\/wp-json\/wp\/v2\/product"}],"about":[{"href":"https:\/\/www.brikaelektrik.al\/al\/wp-json\/wp\/v2\/types\/product"}],"replies":[{"embeddable":true,"href":"https:\/\/www.brikaelektrik.al\/al\/wp-json\/wp\/v2\/comments?post=3006"}],"wp:featuredmedia":[{"embeddable":true,"href":"https:\/\/www.brikaelektrik.al\/al\/wp-json\/wp\/v2\/media\/3007"}],"wp:attachment":[{"href":"https:\/\/www.brikaelektrik.al\/al\/wp-json\/wp\/v2\/media?parent=3006"}],"wp:term":[{"taxonomy":"product_brand","embeddable":true,"href":"https:\/\/www.brikaelektrik.al\/al\/wp-json\/wp\/v2\/product_brand?post=3006"},{"taxonomy":"product_cat","embeddable":true,"href":"https:\/\/www.brikaelektrik.al\/al\/wp-json\/wp\/v2\/product_cat?post=3006"},{"taxonomy":"product_tag","embeddable":true,"href":"https:\/\/www.brikaelektrik.al\/al\/wp-json\/wp\/v2\/product_tag?post=3006"}],"curies":[{"name":"wp","href":"https:\/\/api.w.org\/{rel}","templated":true}]}}