{"id":3011,"date":"2025-08-19T12:47:16","date_gmt":"2025-08-19T12:47:16","guid":{"rendered":"https:\/\/www.brikaelektrik.al\/?post_type=product&#038;p=3011"},"modified":"2025-08-19T12:47:16","modified_gmt":"2025-08-19T12:47:16","slug":"automat-1p-20a-me-xham","status":"publish","type":"product","link":"https:\/\/www.brikaelektrik.al\/al\/produkt\/automat-1p-20a-me-xham\/","title":{"rendered":"AUTOMAT 1P 20A ME XHAM"},"content":{"rendered":"<p><strong data-start=\"101\" data-end=\"111\">Seria:<\/strong> Gewiss\u00a0<br data-start=\"125\" data-end=\"128\" \/><strong data-start=\"128\" data-end=\"138\">Lloji:<\/strong> Nd\u00ebrprer\u00ebs automatik modular MT45, 1P, kurba C<br data-start=\"185\" data-end=\"188\" data-is-only-node=\"\" \/><strong data-start=\"188\" data-end=\"196\">Pol:<\/strong> 1P<br data-start=\"199\" data-end=\"202\" \/><strong data-start=\"202\" data-end=\"221\">Rryma nominale:<\/strong> 20 A<br data-start=\"226\" data-end=\"229\" \/><strong data-start=\"229\" data-end=\"249\">Tension i pun\u00ebs:<\/strong> 230\u2013400 V AC<br data-start=\"262\" data-end=\"265\" \/><strong data-start=\"265\" data-end=\"297\">Numri i moduleve (EN\u202f50022):<\/strong> 1<br data-start=\"299\" data-end=\"302\" \/><strong data-start=\"302\" data-end=\"341\">Kapaciteti i nd\u00ebrprerjes (Icn\/Icu):<\/strong> 6000 A (EN\u202f60898\u20111) \/ 10 kA (IEC\/EN\u202f60947\u20112)<br data-start=\"386\" data-end=\"389\" \/><strong data-start=\"389\" data-end=\"399\">Kurba:<\/strong> C<br data-start=\"401\" data-end=\"404\" \/><strong data-start=\"404\" data-end=\"429\">Tension izolues (Ui):<\/strong> 500 V<br data-start=\"435\" data-end=\"438\" \/><strong data-start=\"438\" data-end=\"466\">Tension impulsiv (Uimp):<\/strong> 4 kV<br data-start=\"471\" data-end=\"474\" \/><strong data-start=\"474\" data-end=\"501\">Jet\u00ebgjat\u00ebsia elektrike:<\/strong> 10.000 cikle<br data-start=\"514\" data-end=\"517\" \/><strong data-start=\"517\" data-end=\"543\">Jet\u00ebgjat\u00ebsia mekanike:<\/strong> 20.000 cikle<br data-start=\"556\" data-end=\"559\" \/><strong data-start=\"559\" data-end=\"584\">Seksioni i p\u00ebr\u00e7uesve:<\/strong><br data-start=\"584\" data-end=\"587\" \/>\u2011 Kabllo e ngurt\u00eb: deri n\u00eb 1\u00d735\u202fmm\u00b2 ose 2\u00d716\u202fmm\u00b2 ose 1\u00d716\u202fmm\u00b2 + 2\u00d710\u202fmm\u00b2<br data-start=\"659\" data-end=\"662\" \/>\u2011 Kabllo fleksib\u00ebl: deri n\u00eb 1\u00d735\u202fmm\u00b2 ose 2\u00d716\u202fmm\u00b2 ose 1\u00d716\u202fmm\u00b2 + 2\u00d710\u202fmm\u00b2<br data-start=\"735\" data-end=\"738\" \/><strong data-start=\"738\" data-end=\"763\">Moment i shtr\u00ebngimit:<\/strong> 2\u202fNm<br data-start=\"768\" data-end=\"771\" \/><strong data-start=\"771\" data-end=\"795\">Temperatura e pun\u00ebs:<\/strong> \u201325\u202f\u00b0C deri +60\u202f\u00b0C<br data-start=\"814\" data-end=\"817\" \/><strong data-start=\"817\" data-end=\"844\">Temperatura e ruajtjes:<\/strong> \u201340\u202f\u00b0C deri +70\u202f\u00b0C<br data-start=\"863\" data-end=\"866\" \/><strong data-start=\"866\" data-end=\"882\">Certifikime:<\/strong> EN\u202f60898\u20111, IEC\/EN\u202f60947\u20112, CE<\/p>","protected":false},"excerpt":{"rendered":"<p>Seria: Gewiss\u00a0Lloji: Nd\u00ebrprer\u00ebs automatik modular MT45, 1P, kurba CPol: 1PRryma nominale: 20 ATension i pun\u00ebs: 230\u2013400 V ACNumri i moduleve (EN\u202f50022): 1Kapaciteti i nd\u00ebrprerjes (Icn\/Icu): 6000 A (EN\u202f60898\u20111) \/ 10 kA (IEC\/EN\u202f60947\u20112)Kurba: CTension izolues (Ui): 500 VTension impulsiv (Uimp): 4 kVJet\u00ebgjat\u00ebsia elektrike: 10.000 cikleJet\u00ebgjat\u00ebsia mekanike: 20.000 cikleSeksioni i p\u00ebr\u00e7uesve:\u2011 Kabllo e ngurt\u00eb: deri n\u00eb 1\u00d735\u202fmm\u00b2 [&hellip;]<\/p>","protected":false},"featured_media":3012,"comment_status":"open","ping_status":"closed","template":"","meta":{"_acf_changed":false},"product_brand":[],"product_cat":[40,69],"product_tag":[],"class_list":{"0":"post-3011","1":"product","2":"type-product","3":"status-publish","4":"has-post-thumbnail","6":"product_cat-serite-civile","7":"product_cat-gewiss-system","9":"first","10":"instock","11":"shipping-taxable","12":"product-type-simple"},"acf":[],"_links":{"self":[{"href":"https:\/\/www.brikaelektrik.al\/al\/wp-json\/wp\/v2\/product\/3011","targetHints":{"allow":["GET"]}}],"collection":[{"href":"https:\/\/www.brikaelektrik.al\/al\/wp-json\/wp\/v2\/product"}],"about":[{"href":"https:\/\/www.brikaelektrik.al\/al\/wp-json\/wp\/v2\/types\/product"}],"replies":[{"embeddable":true,"href":"https:\/\/www.brikaelektrik.al\/al\/wp-json\/wp\/v2\/comments?post=3011"}],"wp:featuredmedia":[{"embeddable":true,"href":"https:\/\/www.brikaelektrik.al\/al\/wp-json\/wp\/v2\/media\/3012"}],"wp:attachment":[{"href":"https:\/\/www.brikaelektrik.al\/al\/wp-json\/wp\/v2\/media?parent=3011"}],"wp:term":[{"taxonomy":"product_brand","embeddable":true,"href":"https:\/\/www.brikaelektrik.al\/al\/wp-json\/wp\/v2\/product_brand?post=3011"},{"taxonomy":"product_cat","embeddable":true,"href":"https:\/\/www.brikaelektrik.al\/al\/wp-json\/wp\/v2\/product_cat?post=3011"},{"taxonomy":"product_tag","embeddable":true,"href":"https:\/\/www.brikaelektrik.al\/al\/wp-json\/wp\/v2\/product_tag?post=3011"}],"curies":[{"name":"wp","href":"https:\/\/api.w.org\/{rel}","templated":true}]}}