{"id":3013,"date":"2025-08-19T12:53:01","date_gmt":"2025-08-19T12:53:01","guid":{"rendered":"https:\/\/www.brikaelektrik.al\/?post_type=product&#038;p=3013"},"modified":"2025-08-19T12:53:01","modified_gmt":"2025-08-19T12:53:01","slug":"automat-3p-63a-me-xham","status":"publish","type":"product","link":"https:\/\/www.brikaelektrik.al\/al\/produkt\/automat-3p-63a-me-xham\/","title":{"rendered":"AUTOMAT 3P 63A ME XHAM"},"content":{"rendered":"<p><strong data-start=\"133\" data-end=\"143\">Seria:<\/strong> Gewiss\u00a0<br data-start=\"157\" data-end=\"160\" \/><strong data-start=\"160\" data-end=\"170\" data-is-only-node=\"\">Lloji:<\/strong> Nd\u00ebrprer\u00ebs automatik modular MT60 3P kurba C<br data-start=\"215\" data-end=\"218\" \/><strong data-start=\"218\" data-end=\"226\">Pol:<\/strong> 3P<br data-start=\"229\" data-end=\"232\" \/><strong data-start=\"232\" data-end=\"251\">Rryma nominale:<\/strong> 63 A<br data-start=\"256\" data-end=\"259\" \/><strong data-start=\"259\" data-end=\"280\">Tensioni i pun\u00ebs:<\/strong> 230\u2013400 V AC<br data-start=\"293\" data-end=\"296\" \/><strong data-start=\"296\" data-end=\"326\">Numri i moduleve EN\u202f50022:<\/strong> 3<br data-start=\"328\" data-end=\"331\" \/><strong data-start=\"331\" data-end=\"368\">Kapaciteti i nd\u00ebrprerjes Icn\/Icu:<\/strong> EN\u202f60898 230V 6000 A EN\u202f60898 400V 6000 A IEC\/EN\u202f60947\u20112 230V 20 kA IEC\/EN\u202f60947\u20112 400V 10 kA<br data-start=\"462\" data-end=\"465\" \/><strong data-start=\"465\" data-end=\"475\">Kurba:<\/strong> C<br data-start=\"477\" data-end=\"480\" \/><strong data-start=\"480\" data-end=\"503\">Tension izolues Ui:<\/strong> 500 V<br data-start=\"509\" data-end=\"512\" \/><strong data-start=\"512\" data-end=\"538\">Tension impulsiv Uimp:<\/strong> 4 kV<br data-start=\"543\" data-end=\"546\" \/><strong data-start=\"546\" data-end=\"587\">Tension minimal\/maksimal funksionimi:<\/strong> Minimal 12 V AC\/DC Maksimal 440 V AC \/ 220 V DC<br data-start=\"635\" data-end=\"638\" \/><strong data-start=\"638\" data-end=\"665\">Jet\u00ebgjat\u00ebsia elektrike:<\/strong> 10.000 cikle<br data-start=\"678\" data-end=\"681\" \/><strong data-start=\"681\" data-end=\"707\">Jet\u00ebgjat\u00ebsia mekanike:<\/strong> 20.000 cikle<br data-start=\"720\" data-end=\"723\" \/><strong data-start=\"723\" data-end=\"748\">Seksioni i p\u00ebr\u00e7uesve:<\/strong> Kabllo e ngurt\u00eb deri n\u00eb 1\u00d735 mm\u00b2 ose 2\u00d716 mm\u00b2 ose 1\u00d716 mm\u00b2 + 2\u00d710 mm\u00b2 Kabllo fleksib\u00ebl deri n\u00eb 1\u00d735 mm\u00b2 ose 2\u00d716 mm\u00b2 ose 1\u00d716 mm\u00b2 + 2\u00d710 mm\u00b2<br data-start=\"889\" data-end=\"892\" \/><strong data-start=\"892\" data-end=\"917\">Moment i shtr\u00ebngimit:<\/strong> 2 Nm<br data-start=\"922\" data-end=\"925\" \/><strong data-start=\"925\" data-end=\"949\">Temperatura e pun\u00ebs:<\/strong> \u201325 \u00b0C deri +60 \u00b0C<br data-start=\"968\" data-end=\"971\" \/><strong data-start=\"971\" data-end=\"998\">Temperatura e ruajtjes:<\/strong> \u201340 \u00b0C deri +70 \u00b0C<br data-start=\"1017\" data-end=\"1020\" \/><strong data-start=\"1020\" data-end=\"1036\">Certifikime:<\/strong> EN\u202f60898\u20111 IEC\/EN\u202f60947\u20112 CE<\/p>","protected":false},"excerpt":{"rendered":"<p>Seria: Gewiss\u00a0Lloji: Nd\u00ebrprer\u00ebs automatik modular MT60 3P kurba CPol: 3PRryma nominale: 63 ATensioni i pun\u00ebs: 230\u2013400 V ACNumri i moduleve EN\u202f50022: 3Kapaciteti i nd\u00ebrprerjes Icn\/Icu: EN\u202f60898 230V 6000 A EN\u202f60898 400V 6000 A IEC\/EN\u202f60947\u20112 230V 20 kA IEC\/EN\u202f60947\u20112 400V 10 kAKurba: CTension izolues Ui: 500 VTension impulsiv Uimp: 4 kVTension minimal\/maksimal funksionimi: Minimal 12 V [&hellip;]<\/p>","protected":false},"featured_media":3014,"comment_status":"open","ping_status":"closed","template":"","meta":{"_acf_changed":false},"product_brand":[],"product_cat":[40,69],"product_tag":[],"class_list":{"0":"post-3013","1":"product","2":"type-product","3":"status-publish","4":"has-post-thumbnail","6":"product_cat-serite-civile","7":"product_cat-gewiss-system","9":"first","10":"instock","11":"shipping-taxable","12":"product-type-simple"},"acf":[],"_links":{"self":[{"href":"https:\/\/www.brikaelektrik.al\/al\/wp-json\/wp\/v2\/product\/3013","targetHints":{"allow":["GET"]}}],"collection":[{"href":"https:\/\/www.brikaelektrik.al\/al\/wp-json\/wp\/v2\/product"}],"about":[{"href":"https:\/\/www.brikaelektrik.al\/al\/wp-json\/wp\/v2\/types\/product"}],"replies":[{"embeddable":true,"href":"https:\/\/www.brikaelektrik.al\/al\/wp-json\/wp\/v2\/comments?post=3013"}],"wp:featuredmedia":[{"embeddable":true,"href":"https:\/\/www.brikaelektrik.al\/al\/wp-json\/wp\/v2\/media\/3014"}],"wp:attachment":[{"href":"https:\/\/www.brikaelektrik.al\/al\/wp-json\/wp\/v2\/media?parent=3013"}],"wp:term":[{"taxonomy":"product_brand","embeddable":true,"href":"https:\/\/www.brikaelektrik.al\/al\/wp-json\/wp\/v2\/product_brand?post=3013"},{"taxonomy":"product_cat","embeddable":true,"href":"https:\/\/www.brikaelektrik.al\/al\/wp-json\/wp\/v2\/product_cat?post=3013"},{"taxonomy":"product_tag","embeddable":true,"href":"https:\/\/www.brikaelektrik.al\/al\/wp-json\/wp\/v2\/product_tag?post=3013"}],"curies":[{"name":"wp","href":"https:\/\/api.w.org\/{rel}","templated":true}]}}