{"id":3018,"date":"2025-08-19T12:55:17","date_gmt":"2025-08-19T12:55:17","guid":{"rendered":"https:\/\/www.brikaelektrik.al\/?post_type=product&#038;p=3018"},"modified":"2025-08-19T12:55:17","modified_gmt":"2025-08-19T12:55:17","slug":"automat-3p-16a-me-xham","status":"publish","type":"product","link":"https:\/\/www.brikaelektrik.al\/al\/produkt\/automat-3p-16a-me-xham\/","title":{"rendered":"AUTOMAT 3P 16A ME XHAM"},"content":{"rendered":"<p><strong data-start=\"141\" data-end=\"151\">Seria:<\/strong> Gewiss<br data-start=\"165\" data-end=\"168\" \/><strong data-start=\"168\" data-end=\"178\">Lloji:<\/strong> Nd\u00ebrprer\u00ebs automatik modular MT45 3P kurba C<br data-start=\"223\" data-end=\"226\" \/><strong data-start=\"226\" data-end=\"234\" data-is-only-node=\"\">Pol:<\/strong> 3P<br data-start=\"237\" data-end=\"240\" \/><strong data-start=\"240\" data-end=\"259\">Rryma nominale:<\/strong> 16 A<br data-start=\"264\" data-end=\"267\" \/><strong data-start=\"267\" data-end=\"288\">Tensioni i pun\u00ebs:<\/strong> 230\u2013400 V AC<br data-start=\"301\" data-end=\"304\" \/><strong data-start=\"304\" data-end=\"336\">Numri i moduleve (EN\u202f50022):<\/strong> 3<br data-start=\"338\" data-end=\"341\" \/><strong data-start=\"341\" data-end=\"380\">Kapaciteti i nd\u00ebrprerjes (Icn\/Icu):<\/strong> 4500 A (EN\u202f60898\u20111) \/ 4.5 kA (IEC\/EN\u202f60947\u20112)<br data-start=\"426\" data-end=\"429\" \/><strong data-start=\"429\" data-end=\"439\">Kurba:<\/strong> C<br data-start=\"441\" data-end=\"444\" \/><strong data-start=\"444\" data-end=\"469\">Tension izolues (Ui):<\/strong> 500 V<br data-start=\"475\" data-end=\"478\" \/><strong data-start=\"478\" data-end=\"506\">Tension impulsiv (Uimp):<\/strong> 4 kV<br data-start=\"511\" data-end=\"514\" \/><strong data-start=\"514\" data-end=\"541\">Jet\u00ebgjat\u00ebsia elektrike:<\/strong> 10.000 cikle<br data-start=\"554\" data-end=\"557\" \/><strong data-start=\"557\" data-end=\"583\">Jet\u00ebgjat\u00ebsia mekanike:<\/strong> 20.000 cikle<br data-start=\"596\" data-end=\"599\" \/><strong data-start=\"599\" data-end=\"624\">Seksioni i p\u00ebr\u00e7uesve:<\/strong><br data-start=\"624\" data-end=\"627\" \/>\u2011 Kabllo e ngurt\u00eb: deri n\u00eb 1\u00d716 mm\u00b2 ose 2\u00d710 mm\u00b2 ose 1\u00d710 mm\u00b2 + 2\u00d76 mm\u00b2<br data-start=\"698\" data-end=\"701\" \/>\u2011 Kabllo fleksib\u00ebl: deri n\u00eb 1\u00d710 mm\u00b2 ose 2\u00d76 mm\u00b2 ose 1\u00d76 mm\u00b2 + 2\u00d74 mm\u00b2<br data-start=\"771\" data-end=\"774\" \/><strong data-start=\"774\" data-end=\"799\">Moment i shtr\u00ebngimit:<\/strong> 1.2 Nm<br data-start=\"806\" data-end=\"809\" \/><strong data-start=\"809\" data-end=\"833\">Temperatura e pun\u00ebs:<\/strong> \u201325 \u00b0C deri +60 \u00b0C<br data-start=\"852\" data-end=\"855\" \/><strong data-start=\"855\" data-end=\"882\">Temperatura e ruajtjes:<\/strong> \u201340 \u00b0C deri +70 \u00b0C<br data-start=\"901\" data-end=\"904\" \/><strong data-start=\"904\" data-end=\"920\">Certifikime:<\/strong> EN\u202f60898\u20111, IEC\/EN\u202f60947\u20112, CE<\/p>","protected":false},"excerpt":{"rendered":"<p>Seria: GewissLloji: Nd\u00ebrprer\u00ebs automatik modular MT45 3P kurba CPol: 3PRryma nominale: 16 ATensioni i pun\u00ebs: 230\u2013400 V ACNumri i moduleve (EN\u202f50022): 3Kapaciteti i nd\u00ebrprerjes (Icn\/Icu): 4500 A (EN\u202f60898\u20111) \/ 4.5 kA (IEC\/EN\u202f60947\u20112)Kurba: CTension izolues (Ui): 500 VTension impulsiv (Uimp): 4 kVJet\u00ebgjat\u00ebsia elektrike: 10.000 cikleJet\u00ebgjat\u00ebsia mekanike: 20.000 cikleSeksioni i p\u00ebr\u00e7uesve:\u2011 Kabllo e ngurt\u00eb: deri n\u00eb 1\u00d716 [&hellip;]<\/p>","protected":false},"featured_media":3019,"comment_status":"open","ping_status":"closed","template":"","meta":{"_acf_changed":false},"product_brand":[],"product_cat":[40,69],"product_tag":[],"class_list":{"0":"post-3018","1":"product","2":"type-product","3":"status-publish","4":"has-post-thumbnail","6":"product_cat-serite-civile","7":"product_cat-gewiss-system","9":"first","10":"instock","11":"shipping-taxable","12":"product-type-simple"},"acf":[],"_links":{"self":[{"href":"https:\/\/www.brikaelektrik.al\/al\/wp-json\/wp\/v2\/product\/3018","targetHints":{"allow":["GET"]}}],"collection":[{"href":"https:\/\/www.brikaelektrik.al\/al\/wp-json\/wp\/v2\/product"}],"about":[{"href":"https:\/\/www.brikaelektrik.al\/al\/wp-json\/wp\/v2\/types\/product"}],"replies":[{"embeddable":true,"href":"https:\/\/www.brikaelektrik.al\/al\/wp-json\/wp\/v2\/comments?post=3018"}],"wp:featuredmedia":[{"embeddable":true,"href":"https:\/\/www.brikaelektrik.al\/al\/wp-json\/wp\/v2\/media\/3019"}],"wp:attachment":[{"href":"https:\/\/www.brikaelektrik.al\/al\/wp-json\/wp\/v2\/media?parent=3018"}],"wp:term":[{"taxonomy":"product_brand","embeddable":true,"href":"https:\/\/www.brikaelektrik.al\/al\/wp-json\/wp\/v2\/product_brand?post=3018"},{"taxonomy":"product_cat","embeddable":true,"href":"https:\/\/www.brikaelektrik.al\/al\/wp-json\/wp\/v2\/product_cat?post=3018"},{"taxonomy":"product_tag","embeddable":true,"href":"https:\/\/www.brikaelektrik.al\/al\/wp-json\/wp\/v2\/product_tag?post=3018"}],"curies":[{"name":"wp","href":"https:\/\/api.w.org\/{rel}","templated":true}]}}