{"id":3020,"date":"2025-08-19T12:57:45","date_gmt":"2025-08-19T12:57:45","guid":{"rendered":"https:\/\/www.brikaelektrik.al\/?post_type=product&#038;p=3020"},"modified":"2025-08-19T12:57:45","modified_gmt":"2025-08-19T12:57:45","slug":"automat-3p-20a-me-xham","status":"publish","type":"product","link":"https:\/\/www.brikaelektrik.al\/al\/produkt\/automat-3p-20a-me-xham\/","title":{"rendered":"AUTOMAT 3P 20A ME XHAM"},"content":{"rendered":"<p><strong data-start=\"101\" data-end=\"111\">Seria:<\/strong> Gewiss\u00a0<br data-start=\"125\" data-end=\"128\" \/><strong data-start=\"128\" data-end=\"138\">Lloji:<\/strong> Nd\u00ebrprer\u00ebs automatik modular MT45, 3P, kurba C<br data-start=\"185\" data-end=\"188\" data-is-only-node=\"\" \/><strong data-start=\"188\" data-end=\"196\">Pol:<\/strong> 3P<br data-start=\"199\" data-end=\"202\" \/><strong data-start=\"202\" data-end=\"221\">Rryma nominale:<\/strong> 20 A<br data-start=\"226\" data-end=\"229\" \/><strong data-start=\"229\" data-end=\"249\">Tension i pun\u00ebs:<\/strong> 230\u2013400 V AC<br data-start=\"262\" data-end=\"265\" \/><strong data-start=\"265\" data-end=\"297\">Numri i moduleve (EN\u202f50022):<\/strong> 3<br data-start=\"299\" data-end=\"302\" \/><strong data-start=\"302\" data-end=\"341\">Kapaciteti i nd\u00ebrprerjes (Icn\/Icu):<\/strong> 4500 A (EN\u202f60898\u20111) \/ 6 kA (IEC\/EN\u202f60947\u20112)<br data-start=\"385\" data-end=\"388\" \/><strong data-start=\"388\" data-end=\"398\">Kurba:<\/strong> C<br data-start=\"400\" data-end=\"403\" \/><strong data-start=\"403\" data-end=\"428\">Tension izolues (Ui):<\/strong> 500 V<br data-start=\"434\" data-end=\"437\" \/><strong data-start=\"437\" data-end=\"465\">Tension impulsiv (Uimp):<\/strong> 4 kV<br data-start=\"470\" data-end=\"473\" \/><strong data-start=\"473\" data-end=\"500\">Jet\u00ebgjat\u00ebsia elektrike:<\/strong> 10.000 cikle<br data-start=\"513\" data-end=\"516\" \/><strong data-start=\"516\" data-end=\"542\">Jet\u00ebgjat\u00ebsia mekanike:<\/strong> 20.000 cikle<br data-start=\"555\" data-end=\"558\" \/><strong data-start=\"558\" data-end=\"583\">Seksioni i p\u00ebr\u00e7uesve:<\/strong><br data-start=\"583\" data-end=\"586\" \/>\u2011 Kabllo e ngurt\u00eb: deri n\u00eb 1\u00d735 mm\u00b2 ose 2\u00d716 mm\u00b2 ose 1\u00d716 mm\u00b2 + 2\u00d710 mm\u00b2<br data-start=\"658\" data-end=\"661\" \/>\u2011 Kabllo fleksib\u00ebl: deri n\u00eb 1\u00d735 mm\u00b2 ose 2\u00d716 mm\u00b2 ose 1\u00d716 mm\u00b2 + 2\u00d710 mm\u00b2<br data-start=\"734\" data-end=\"737\" \/><strong data-start=\"737\" data-end=\"762\">Moment i shtr\u00ebngimit:<\/strong> 2 Nm<br data-start=\"767\" data-end=\"770\" \/><strong data-start=\"770\" data-end=\"794\">Temperatura e pun\u00ebs:<\/strong> \u201325 \u00b0C deri +60 \u00b0C<br data-start=\"813\" data-end=\"816\" \/><strong data-start=\"816\" data-end=\"843\">Temperatura e ruajtjes:<\/strong> \u201340 \u00b0C deri +70 \u00b0C<br data-start=\"862\" data-end=\"865\" \/><strong data-start=\"865\" data-end=\"881\">Certifikime:<\/strong> EN\u202f60898\u20111, IEC\/EN\u202f60947\u20112, CE<\/p>","protected":false},"excerpt":{"rendered":"<p>Seria: Gewiss\u00a0Lloji: Nd\u00ebrprer\u00ebs automatik modular MT45, 3P, kurba CPol: 3PRryma nominale: 20 ATension i pun\u00ebs: 230\u2013400 V ACNumri i moduleve (EN\u202f50022): 3Kapaciteti i nd\u00ebrprerjes (Icn\/Icu): 4500 A (EN\u202f60898\u20111) \/ 6 kA (IEC\/EN\u202f60947\u20112)Kurba: CTension izolues (Ui): 500 VTension impulsiv (Uimp): 4 kVJet\u00ebgjat\u00ebsia elektrike: 10.000 cikleJet\u00ebgjat\u00ebsia mekanike: 20.000 cikleSeksioni i p\u00ebr\u00e7uesve:\u2011 Kabllo e ngurt\u00eb: deri n\u00eb 1\u00d735 [&hellip;]<\/p>","protected":false},"featured_media":3021,"comment_status":"open","ping_status":"closed","template":"","meta":{"_acf_changed":false},"product_brand":[],"product_cat":[40,69],"product_tag":[],"class_list":{"0":"post-3020","1":"product","2":"type-product","3":"status-publish","4":"has-post-thumbnail","6":"product_cat-serite-civile","7":"product_cat-gewiss-system","9":"first","10":"instock","11":"shipping-taxable","12":"product-type-simple"},"acf":[],"_links":{"self":[{"href":"https:\/\/www.brikaelektrik.al\/al\/wp-json\/wp\/v2\/product\/3020","targetHints":{"allow":["GET"]}}],"collection":[{"href":"https:\/\/www.brikaelektrik.al\/al\/wp-json\/wp\/v2\/product"}],"about":[{"href":"https:\/\/www.brikaelektrik.al\/al\/wp-json\/wp\/v2\/types\/product"}],"replies":[{"embeddable":true,"href":"https:\/\/www.brikaelektrik.al\/al\/wp-json\/wp\/v2\/comments?post=3020"}],"wp:featuredmedia":[{"embeddable":true,"href":"https:\/\/www.brikaelektrik.al\/al\/wp-json\/wp\/v2\/media\/3021"}],"wp:attachment":[{"href":"https:\/\/www.brikaelektrik.al\/al\/wp-json\/wp\/v2\/media?parent=3020"}],"wp:term":[{"taxonomy":"product_brand","embeddable":true,"href":"https:\/\/www.brikaelektrik.al\/al\/wp-json\/wp\/v2\/product_brand?post=3020"},{"taxonomy":"product_cat","embeddable":true,"href":"https:\/\/www.brikaelektrik.al\/al\/wp-json\/wp\/v2\/product_cat?post=3020"},{"taxonomy":"product_tag","embeddable":true,"href":"https:\/\/www.brikaelektrik.al\/al\/wp-json\/wp\/v2\/product_tag?post=3020"}],"curies":[{"name":"wp","href":"https:\/\/api.w.org\/{rel}","templated":true}]}}