{"id":3024,"date":"2025-08-19T13:03:19","date_gmt":"2025-08-19T13:03:19","guid":{"rendered":"https:\/\/www.brikaelektrik.al\/?post_type=product&#038;p=3024"},"modified":"2025-08-19T13:03:19","modified_gmt":"2025-08-19T13:03:19","slug":"automat-3p-32a-me-xham","status":"publish","type":"product","link":"https:\/\/www.brikaelektrik.al\/al\/produkt\/automat-3p-32a-me-xham\/","title":{"rendered":"AUTOMAT 3P 32A ME XHAM"},"content":{"rendered":"<p><strong data-start=\"143\" data-end=\"153\">Seria:<\/strong> Gewiss<br data-start=\"167\" data-end=\"170\" \/><strong data-start=\"170\" data-end=\"180\">Lloji:<\/strong> Nd\u00ebrprer\u00ebs automatik modular MT45, 3P, kurba C<br data-start=\"227\" data-end=\"230\" \/><strong data-start=\"230\" data-end=\"238\" data-is-only-node=\"\">Pol:<\/strong> 3P<br data-start=\"241\" data-end=\"244\" \/><strong data-start=\"244\" data-end=\"263\">Rryma nominale:<\/strong> 32 A<br data-start=\"268\" data-end=\"271\" \/><strong data-start=\"271\" data-end=\"291\">Tension i pun\u00ebs:<\/strong> 230\u2013400 V AC<br data-start=\"304\" data-end=\"307\" \/><strong data-start=\"307\" data-end=\"339\">Numri i moduleve (EN\u202f50022):<\/strong> 3<br data-start=\"341\" data-end=\"344\" \/><strong data-start=\"344\" data-end=\"383\">Kapaciteti i nd\u00ebrprerjes (Icn\/Icu):<\/strong> 4500 A (EN\u202f60898\u20111) \/ 6 kA (IEC\/EN\u202f60947\u20112)<br data-start=\"427\" data-end=\"430\" \/><strong data-start=\"430\" data-end=\"440\">Kurba:<\/strong> C<br data-start=\"442\" data-end=\"445\" \/><strong data-start=\"445\" data-end=\"470\">Tension izolues (Ui):<\/strong> 500 V<br data-start=\"476\" data-end=\"479\" \/><strong data-start=\"479\" data-end=\"507\">Tension impulsiv (Uimp):<\/strong> 4 kV<br data-start=\"512\" data-end=\"515\" \/><strong data-start=\"515\" data-end=\"542\">Jet\u00ebgjat\u00ebsia elektrike:<\/strong> 10.000 cikle<br data-start=\"555\" data-end=\"558\" \/><strong data-start=\"558\" data-end=\"584\">Jet\u00ebgjat\u00ebsia mekanike:<\/strong> 20.000 cikle<br data-start=\"597\" data-end=\"600\" \/><strong data-start=\"600\" data-end=\"625\">Seksioni i p\u00ebr\u00e7uesve:<\/strong><br data-start=\"625\" data-end=\"628\" \/>\u2011 Kabllo e ngurt\u00eb: deri n\u00eb 1\u00d735 mm\u00b2 ose 2\u00d716 mm\u00b2 ose 1\u00d716 mm\u00b2 + 2\u00d710 mm\u00b2<br data-start=\"700\" data-end=\"703\" \/>\u2011 Kabllo fleksib\u00ebl: deri n\u00eb 1\u00d735 mm\u00b2 ose 2\u00d716 mm\u00b2 ose 1\u00d716 mm\u00b2 + 2\u00d710 mm\u00b2<br data-start=\"776\" data-end=\"779\" \/><strong data-start=\"779\" data-end=\"804\">Moment i shtr\u00ebngimit:<\/strong> 2 Nm<br data-start=\"809\" data-end=\"812\" \/><strong data-start=\"812\" data-end=\"836\">Temperatura e pun\u00ebs:<\/strong> \u201325 \u00b0C deri +60 \u00b0C<br data-start=\"855\" data-end=\"858\" \/><strong data-start=\"858\" data-end=\"885\">Temperatura e ruajtjes:<\/strong> \u201340 \u00b0C deri +70 \u00b0C<br data-start=\"904\" data-end=\"907\" \/><strong data-start=\"907\" data-end=\"923\">Certifikime:<\/strong> EN\u202f60898\u20111, IEC\/EN\u202f60947\u20112, CE<\/p>","protected":false},"excerpt":{"rendered":"<p>Seria: GewissLloji: Nd\u00ebrprer\u00ebs automatik modular MT45, 3P, kurba CPol: 3PRryma nominale: 32 ATension i pun\u00ebs: 230\u2013400 V ACNumri i moduleve (EN\u202f50022): 3Kapaciteti i nd\u00ebrprerjes (Icn\/Icu): 4500 A (EN\u202f60898\u20111) \/ 6 kA (IEC\/EN\u202f60947\u20112)Kurba: CTension izolues (Ui): 500 VTension impulsiv (Uimp): 4 kVJet\u00ebgjat\u00ebsia elektrike: 10.000 cikleJet\u00ebgjat\u00ebsia mekanike: 20.000 cikleSeksioni i p\u00ebr\u00e7uesve:\u2011 Kabllo e ngurt\u00eb: deri n\u00eb 1\u00d735 [&hellip;]<\/p>","protected":false},"featured_media":3025,"comment_status":"open","ping_status":"closed","template":"","meta":{"_acf_changed":false},"product_brand":[],"product_cat":[40,69],"product_tag":[],"class_list":{"0":"post-3024","1":"product","2":"type-product","3":"status-publish","4":"has-post-thumbnail","6":"product_cat-serite-civile","7":"product_cat-gewiss-system","9":"first","10":"instock","11":"shipping-taxable","12":"product-type-simple"},"acf":[],"_links":{"self":[{"href":"https:\/\/www.brikaelektrik.al\/al\/wp-json\/wp\/v2\/product\/3024","targetHints":{"allow":["GET"]}}],"collection":[{"href":"https:\/\/www.brikaelektrik.al\/al\/wp-json\/wp\/v2\/product"}],"about":[{"href":"https:\/\/www.brikaelektrik.al\/al\/wp-json\/wp\/v2\/types\/product"}],"replies":[{"embeddable":true,"href":"https:\/\/www.brikaelektrik.al\/al\/wp-json\/wp\/v2\/comments?post=3024"}],"wp:featuredmedia":[{"embeddable":true,"href":"https:\/\/www.brikaelektrik.al\/al\/wp-json\/wp\/v2\/media\/3025"}],"wp:attachment":[{"href":"https:\/\/www.brikaelektrik.al\/al\/wp-json\/wp\/v2\/media?parent=3024"}],"wp:term":[{"taxonomy":"product_brand","embeddable":true,"href":"https:\/\/www.brikaelektrik.al\/al\/wp-json\/wp\/v2\/product_brand?post=3024"},{"taxonomy":"product_cat","embeddable":true,"href":"https:\/\/www.brikaelektrik.al\/al\/wp-json\/wp\/v2\/product_cat?post=3024"},{"taxonomy":"product_tag","embeddable":true,"href":"https:\/\/www.brikaelektrik.al\/al\/wp-json\/wp\/v2\/product_tag?post=3024"}],"curies":[{"name":"wp","href":"https:\/\/api.w.org\/{rel}","templated":true}]}}