{"id":3029,"date":"2025-08-19T13:13:15","date_gmt":"2025-08-19T13:13:15","guid":{"rendered":"https:\/\/www.brikaelektrik.al\/?post_type=product&#038;p=3029"},"modified":"2025-08-19T13:13:15","modified_gmt":"2025-08-19T13:13:15","slug":"automat-4p-16a-me-xham","status":"publish","type":"product","link":"https:\/\/www.brikaelektrik.al\/al\/produkt\/automat-4p-16a-me-xham\/","title":{"rendered":"AUTOMAT 4P 16A ME XHAM"},"content":{"rendered":"<p><strong data-start=\"141\" data-end=\"151\">Seria:<\/strong> Gewiss\u00a0<br data-start=\"165\" data-end=\"168\" \/><strong data-start=\"168\" data-end=\"178\">Lloji:<\/strong> Nd\u00ebrprer\u00ebs automatik modular MT45, 4P, kurba C<br data-start=\"225\" data-end=\"228\" \/><strong data-start=\"228\" data-end=\"236\" data-is-only-node=\"\">Pol:<\/strong> 4P<br data-start=\"239\" data-end=\"242\" \/><strong data-start=\"242\" data-end=\"261\">Rryma nominale:<\/strong> 16 A<br data-start=\"266\" data-end=\"269\" \/><strong data-start=\"269\" data-end=\"290\">Tensioni i pun\u00ebs:<\/strong> 230\u2013400 V AC<br data-start=\"303\" data-end=\"306\" \/><strong data-start=\"306\" data-end=\"338\">Numri i moduleve (EN\u202f50022):<\/strong> 4<br data-start=\"340\" data-end=\"343\" \/><strong data-start=\"343\" data-end=\"382\">Kapaciteti i nd\u00ebrprerjes (Icn\/Icu):<\/strong> 4500 A (EN\u202f60898\u20111) \/ 6 kA (IEC\/EN\u202f60947\u20112)<br data-start=\"426\" data-end=\"429\" \/><strong data-start=\"429\" data-end=\"439\">Kurba:<\/strong> C<br data-start=\"441\" data-end=\"444\" \/><strong data-start=\"444\" data-end=\"469\">Tension izolues (Ui):<\/strong> 500 V<br data-start=\"475\" data-end=\"478\" \/><strong data-start=\"478\" data-end=\"506\">Tension impulsiv (Uimp):<\/strong> 4 kV<br data-start=\"511\" data-end=\"514\" \/><strong data-start=\"514\" data-end=\"541\">Jet\u00ebgjat\u00ebsia elektrike:<\/strong> 10.000 cikle<br data-start=\"554\" data-end=\"557\" \/><strong data-start=\"557\" data-end=\"583\">Jet\u00ebgjat\u00ebsia mekanike:<\/strong> 20.000 cikle<br data-start=\"596\" data-end=\"599\" \/><strong data-start=\"599\" data-end=\"624\">Seksioni i p\u00ebr\u00e7uesve:<\/strong><br data-start=\"624\" data-end=\"627\" \/>\u2011 Kabllo e ngurt\u00eb: deri n\u00eb 1\u00d735 mm\u00b2 ose 2\u00d716 mm\u00b2 ose 1\u00d716 mm\u00b2 + 2\u00d710 mm\u00b2<br data-start=\"699\" data-end=\"702\" \/>\u2011 Kabllo fleksib\u00ebl: deri n\u00eb 1\u00d735 mm\u00b2 ose 2\u00d716 mm\u00b2 ose 1\u00d716 mm\u00b2 + 2\u00d710 mm\u00b2<br data-start=\"775\" data-end=\"778\" \/><strong data-start=\"778\" data-end=\"803\">Moment i shtr\u00ebngimit:<\/strong> 2 Nm<br data-start=\"808\" data-end=\"811\" \/><strong data-start=\"811\" data-end=\"835\">Temperatura e pun\u00ebs:<\/strong> \u201325 \u00b0C deri +60 \u00b0C<br data-start=\"854\" data-end=\"857\" \/><strong data-start=\"857\" data-end=\"884\">Temperatura e ruajtjes:<\/strong> \u201340 \u00b0C deri +70 \u00b0C<br data-start=\"903\" data-end=\"906\" \/><strong data-start=\"906\" data-end=\"922\">Certifikime:<\/strong> EN\u202f60898\u20111, IEC\/EN\u202f60947\u20112, CE<\/p>","protected":false},"excerpt":{"rendered":"<p>Seria: Gewiss\u00a0Lloji: Nd\u00ebrprer\u00ebs automatik modular MT45, 4P, kurba CPol: 4PRryma nominale: 16 ATensioni i pun\u00ebs: 230\u2013400 V ACNumri i moduleve (EN\u202f50022): 4Kapaciteti i nd\u00ebrprerjes (Icn\/Icu): 4500 A (EN\u202f60898\u20111) \/ 6 kA (IEC\/EN\u202f60947\u20112)Kurba: CTension izolues (Ui): 500 VTension impulsiv (Uimp): 4 kVJet\u00ebgjat\u00ebsia elektrike: 10.000 cikleJet\u00ebgjat\u00ebsia mekanike: 20.000 cikleSeksioni i p\u00ebr\u00e7uesve:\u2011 Kabllo e ngurt\u00eb: deri n\u00eb 1\u00d735 [&hellip;]<\/p>","protected":false},"featured_media":3030,"comment_status":"open","ping_status":"closed","template":"","meta":{"_acf_changed":false},"product_brand":[],"product_cat":[40,69],"product_tag":[],"class_list":{"0":"post-3029","1":"product","2":"type-product","3":"status-publish","4":"has-post-thumbnail","6":"product_cat-serite-civile","7":"product_cat-gewiss-system","9":"first","10":"instock","11":"shipping-taxable","12":"product-type-simple"},"acf":[],"_links":{"self":[{"href":"https:\/\/www.brikaelektrik.al\/al\/wp-json\/wp\/v2\/product\/3029","targetHints":{"allow":["GET"]}}],"collection":[{"href":"https:\/\/www.brikaelektrik.al\/al\/wp-json\/wp\/v2\/product"}],"about":[{"href":"https:\/\/www.brikaelektrik.al\/al\/wp-json\/wp\/v2\/types\/product"}],"replies":[{"embeddable":true,"href":"https:\/\/www.brikaelektrik.al\/al\/wp-json\/wp\/v2\/comments?post=3029"}],"wp:featuredmedia":[{"embeddable":true,"href":"https:\/\/www.brikaelektrik.al\/al\/wp-json\/wp\/v2\/media\/3030"}],"wp:attachment":[{"href":"https:\/\/www.brikaelektrik.al\/al\/wp-json\/wp\/v2\/media?parent=3029"}],"wp:term":[{"taxonomy":"product_brand","embeddable":true,"href":"https:\/\/www.brikaelektrik.al\/al\/wp-json\/wp\/v2\/product_brand?post=3029"},{"taxonomy":"product_cat","embeddable":true,"href":"https:\/\/www.brikaelektrik.al\/al\/wp-json\/wp\/v2\/product_cat?post=3029"},{"taxonomy":"product_tag","embeddable":true,"href":"https:\/\/www.brikaelektrik.al\/al\/wp-json\/wp\/v2\/product_tag?post=3029"}],"curies":[{"name":"wp","href":"https:\/\/api.w.org\/{rel}","templated":true}]}}