{"id":3031,"date":"2025-08-19T13:16:24","date_gmt":"2025-08-19T13:16:24","guid":{"rendered":"https:\/\/www.brikaelektrik.al\/?post_type=product&#038;p=3031"},"modified":"2025-08-19T13:16:24","modified_gmt":"2025-08-19T13:16:24","slug":"automat-4p-20a-me-xham","status":"publish","type":"product","link":"https:\/\/www.brikaelektrik.al\/al\/produkt\/automat-4p-20a-me-xham\/","title":{"rendered":"AUTOMAT 4P 20A ME XHAM"},"content":{"rendered":"<p><strong data-start=\"141\" data-end=\"151\">Seria:<\/strong> Gewiss\u00a0<br data-start=\"165\" data-end=\"168\" \/><strong data-start=\"168\" data-end=\"178\">Lloji:<\/strong> Nd\u00ebrprer\u00ebs automatik modular MT45, 4P, kurba C<br data-start=\"225\" data-end=\"228\" \/><strong data-start=\"228\" data-end=\"236\" data-is-only-node=\"\">Pol:<\/strong> 4P<br data-start=\"239\" data-end=\"242\" \/><strong data-start=\"242\" data-end=\"261\">Rryma nominale:<\/strong> 20 A<br data-start=\"266\" data-end=\"269\" \/><strong data-start=\"269\" data-end=\"289\">Tension i pun\u00ebs:<\/strong> 230\u2013400 V AC<br data-start=\"302\" data-end=\"305\" \/><strong data-start=\"305\" data-end=\"337\">Numri i moduleve (EN\u202f50022):<\/strong> 4<br data-start=\"339\" data-end=\"342\" \/><strong data-start=\"342\" data-end=\"381\">Kapaciteti i nd\u00ebrprerjes (Icn\/Icu):<\/strong> 4500 A (EN\u202f60898\u20111) \/ 6 kA (IEC\/EN\u202f60947\u20112)<br data-start=\"425\" data-end=\"428\" \/><strong data-start=\"428\" data-end=\"438\">Kurba:<\/strong> C<br data-start=\"440\" data-end=\"443\" \/><strong data-start=\"443\" data-end=\"468\">Tension izolues (Ui):<\/strong> 500 V<br data-start=\"474\" data-end=\"477\" \/><strong data-start=\"477\" data-end=\"505\">Tension impulsiv (Uimp):<\/strong> 4 kV<br data-start=\"510\" data-end=\"513\" \/><strong data-start=\"513\" data-end=\"540\">Jet\u00ebgjat\u00ebsia elektrike:<\/strong> 10.000 cikle<br data-start=\"553\" data-end=\"556\" \/><strong data-start=\"556\" data-end=\"582\">Jet\u00ebgjat\u00ebsia mekanike:<\/strong> 20.000 cikle<br data-start=\"595\" data-end=\"598\" \/><strong data-start=\"598\" data-end=\"623\">Seksioni i p\u00ebr\u00e7uesve:<\/strong><br data-start=\"623\" data-end=\"626\" \/>\u2011 Kabllo e ngurt\u00eb: deri n\u00eb 1\u00d735 mm\u00b2 ose 2\u00d716 mm\u00b2 ose 1\u00d716 mm\u00b2 + 2\u00d710 mm\u00b2<br data-start=\"698\" data-end=\"701\" \/>\u2011 Kabllo fleksib\u00ebl: deri n\u00eb 1\u00d735 mm\u00b2 ose 2\u00d716 mm\u00b2 ose 1\u00d716 mm\u00b2 + 2\u00d710 mm\u00b2<br data-start=\"774\" data-end=\"777\" \/><strong data-start=\"777\" data-end=\"802\">Moment i shtr\u00ebngimit:<\/strong> 2 Nm<br data-start=\"807\" data-end=\"810\" \/><strong data-start=\"810\" data-end=\"834\">Temperatura e pun\u00ebs:<\/strong> \u201325 \u00b0C deri +60 \u00b0C<br data-start=\"853\" data-end=\"856\" \/><strong data-start=\"856\" data-end=\"883\">Temperatura e ruajtjes:<\/strong> \u201340 \u00b0C deri +70 \u00b0C<br data-start=\"902\" data-end=\"905\" \/><strong data-start=\"905\" data-end=\"921\">Certifikime:<\/strong> EN\u202f60898\u20111, IEC\/EN\u202f60947\u20112, CE<\/p>","protected":false},"excerpt":{"rendered":"<p>Seria: Gewiss\u00a0Lloji: Nd\u00ebrprer\u00ebs automatik modular MT45, 4P, kurba CPol: 4PRryma nominale: 20 ATension i pun\u00ebs: 230\u2013400 V ACNumri i moduleve (EN\u202f50022): 4Kapaciteti i nd\u00ebrprerjes (Icn\/Icu): 4500 A (EN\u202f60898\u20111) \/ 6 kA (IEC\/EN\u202f60947\u20112)Kurba: CTension izolues (Ui): 500 VTension impulsiv (Uimp): 4 kVJet\u00ebgjat\u00ebsia elektrike: 10.000 cikleJet\u00ebgjat\u00ebsia mekanike: 20.000 cikleSeksioni i p\u00ebr\u00e7uesve:\u2011 Kabllo e ngurt\u00eb: deri n\u00eb 1\u00d735 [&hellip;]<\/p>","protected":false},"featured_media":3032,"comment_status":"open","ping_status":"closed","template":"","meta":{"_acf_changed":false},"product_brand":[],"product_cat":[40,69],"product_tag":[],"class_list":{"0":"post-3031","1":"product","2":"type-product","3":"status-publish","4":"has-post-thumbnail","6":"product_cat-serite-civile","7":"product_cat-gewiss-system","9":"first","10":"instock","11":"shipping-taxable","12":"product-type-simple"},"acf":[],"_links":{"self":[{"href":"https:\/\/www.brikaelektrik.al\/al\/wp-json\/wp\/v2\/product\/3031","targetHints":{"allow":["GET"]}}],"collection":[{"href":"https:\/\/www.brikaelektrik.al\/al\/wp-json\/wp\/v2\/product"}],"about":[{"href":"https:\/\/www.brikaelektrik.al\/al\/wp-json\/wp\/v2\/types\/product"}],"replies":[{"embeddable":true,"href":"https:\/\/www.brikaelektrik.al\/al\/wp-json\/wp\/v2\/comments?post=3031"}],"wp:featuredmedia":[{"embeddable":true,"href":"https:\/\/www.brikaelektrik.al\/al\/wp-json\/wp\/v2\/media\/3032"}],"wp:attachment":[{"href":"https:\/\/www.brikaelektrik.al\/al\/wp-json\/wp\/v2\/media?parent=3031"}],"wp:term":[{"taxonomy":"product_brand","embeddable":true,"href":"https:\/\/www.brikaelektrik.al\/al\/wp-json\/wp\/v2\/product_brand?post=3031"},{"taxonomy":"product_cat","embeddable":true,"href":"https:\/\/www.brikaelektrik.al\/al\/wp-json\/wp\/v2\/product_cat?post=3031"},{"taxonomy":"product_tag","embeddable":true,"href":"https:\/\/www.brikaelektrik.al\/al\/wp-json\/wp\/v2\/product_tag?post=3031"}],"curies":[{"name":"wp","href":"https:\/\/api.w.org\/{rel}","templated":true}]}}