{"id":3033,"date":"2025-08-19T13:19:01","date_gmt":"2025-08-19T13:19:01","guid":{"rendered":"https:\/\/www.brikaelektrik.al\/?post_type=product&#038;p=3033"},"modified":"2025-08-19T13:19:01","modified_gmt":"2025-08-19T13:19:01","slug":"automat-4p-25a-me-xham","status":"publish","type":"product","link":"https:\/\/www.brikaelektrik.al\/al\/produkt\/automat-4p-25a-me-xham\/","title":{"rendered":"AUTOMAT 4P 25A ME XHAM"},"content":{"rendered":"<p><strong data-start=\"188\" data-end=\"198\">Seria:<\/strong> Gewiss\u00a0<br data-start=\"212\" data-end=\"215\" \/><strong data-start=\"215\" data-end=\"225\">Lloji:<\/strong> Nd\u00ebrprer\u00ebs automatik modular MT45, 4P, kurba C<br data-start=\"272\" data-end=\"275\" \/><strong data-start=\"275\" data-end=\"283\" data-is-only-node=\"\">Pol:<\/strong> 4P<br data-start=\"286\" data-end=\"289\" \/><strong data-start=\"289\" data-end=\"308\">Rryma nominale:<\/strong> 25 A<br data-start=\"313\" data-end=\"316\" \/><strong data-start=\"316\" data-end=\"337\">Tensioni i pun\u00ebs:<\/strong> 230\u2013400 V AC<br data-start=\"350\" data-end=\"353\" \/><strong data-start=\"353\" data-end=\"385\">Numri i moduleve (EN\u202f50022):<\/strong> 4<br data-start=\"387\" data-end=\"390\" \/><strong data-start=\"390\" data-end=\"429\">Kapaciteti i nd\u00ebrprerjes (Icn\/Icu):<\/strong> 4500 A (EN\u202f60898\u20111) \/ 6 kA (IEC\/EN\u202f60947\u20112)<br data-start=\"473\" data-end=\"476\" \/><strong data-start=\"476\" data-end=\"486\">Kurba:<\/strong> C<br data-start=\"488\" data-end=\"491\" \/><strong data-start=\"491\" data-end=\"516\">Tension izolues (Ui):<\/strong> 500 V<br data-start=\"522\" data-end=\"525\" \/><strong data-start=\"525\" data-end=\"553\">Tension impulsiv (Uimp):<\/strong> 4 kV<br data-start=\"558\" data-end=\"561\" \/><strong data-start=\"561\" data-end=\"588\">Jet\u00ebgjat\u00ebsia elektrike:<\/strong> 10.000 cikle<br data-start=\"601\" data-end=\"604\" \/><strong data-start=\"604\" data-end=\"630\">Jet\u00ebgjat\u00ebsia mekanike:<\/strong> 20.000 cikle<br data-start=\"643\" data-end=\"646\" \/><strong data-start=\"646\" data-end=\"671\">Seksioni i p\u00ebr\u00e7uesve:<\/strong><br data-start=\"671\" data-end=\"674\" \/>\u2011 Kabllo e ngurt\u00eb: deri n\u00eb 1\u00d735 mm\u00b2 ose 2\u00d716 mm\u00b2 ose 1\u00d716 mm\u00b2 + 2\u00d710 mm\u00b2<br data-start=\"746\" data-end=\"749\" \/>\u2011 Kabllo fleksib\u00ebl: deri n\u00eb 1\u00d735 mm\u00b2 ose 2\u00d716 mm\u00b2 ose 1\u00d716 mm\u00b2 + 2\u00d710 mm\u00b2<br data-start=\"822\" data-end=\"825\" \/><strong data-start=\"825\" data-end=\"850\">Moment i shtr\u00ebngimit:<\/strong> 2 Nm<br data-start=\"855\" data-end=\"858\" \/><strong data-start=\"858\" data-end=\"882\">Temperatura e pun\u00ebs:<\/strong> \u201325 \u00b0C deri +60 \u00b0C<br data-start=\"901\" data-end=\"904\" \/><strong data-start=\"904\" data-end=\"931\">Temperatura e ruajtjes:<\/strong> \u201340 \u00b0C deri +70 \u00b0C<br data-start=\"950\" data-end=\"953\" \/><strong data-start=\"953\" data-end=\"969\">Certifikime:<\/strong> EN\u202f60898\u20111, IEC\/EN\u202f60947\u20112, CE<\/p>","protected":false},"excerpt":{"rendered":"<p>Seria: Gewiss\u00a0Lloji: Nd\u00ebrprer\u00ebs automatik modular MT45, 4P, kurba CPol: 4PRryma nominale: 25 ATensioni i pun\u00ebs: 230\u2013400 V ACNumri i moduleve (EN\u202f50022): 4Kapaciteti i nd\u00ebrprerjes (Icn\/Icu): 4500 A (EN\u202f60898\u20111) \/ 6 kA (IEC\/EN\u202f60947\u20112)Kurba: CTension izolues (Ui): 500 VTension impulsiv (Uimp): 4 kVJet\u00ebgjat\u00ebsia elektrike: 10.000 cikleJet\u00ebgjat\u00ebsia mekanike: 20.000 cikleSeksioni i p\u00ebr\u00e7uesve:\u2011 Kabllo e ngurt\u00eb: deri n\u00eb 1\u00d735 [&hellip;]<\/p>","protected":false},"featured_media":3034,"comment_status":"open","ping_status":"closed","template":"","meta":{"_acf_changed":false},"product_brand":[],"product_cat":[40,69],"product_tag":[],"class_list":{"0":"post-3033","1":"product","2":"type-product","3":"status-publish","4":"has-post-thumbnail","6":"product_cat-serite-civile","7":"product_cat-gewiss-system","9":"first","10":"instock","11":"shipping-taxable","12":"product-type-simple"},"acf":[],"_links":{"self":[{"href":"https:\/\/www.brikaelektrik.al\/al\/wp-json\/wp\/v2\/product\/3033","targetHints":{"allow":["GET"]}}],"collection":[{"href":"https:\/\/www.brikaelektrik.al\/al\/wp-json\/wp\/v2\/product"}],"about":[{"href":"https:\/\/www.brikaelektrik.al\/al\/wp-json\/wp\/v2\/types\/product"}],"replies":[{"embeddable":true,"href":"https:\/\/www.brikaelektrik.al\/al\/wp-json\/wp\/v2\/comments?post=3033"}],"wp:featuredmedia":[{"embeddable":true,"href":"https:\/\/www.brikaelektrik.al\/al\/wp-json\/wp\/v2\/media\/3034"}],"wp:attachment":[{"href":"https:\/\/www.brikaelektrik.al\/al\/wp-json\/wp\/v2\/media?parent=3033"}],"wp:term":[{"taxonomy":"product_brand","embeddable":true,"href":"https:\/\/www.brikaelektrik.al\/al\/wp-json\/wp\/v2\/product_brand?post=3033"},{"taxonomy":"product_cat","embeddable":true,"href":"https:\/\/www.brikaelektrik.al\/al\/wp-json\/wp\/v2\/product_cat?post=3033"},{"taxonomy":"product_tag","embeddable":true,"href":"https:\/\/www.brikaelektrik.al\/al\/wp-json\/wp\/v2\/product_tag?post=3033"}],"curies":[{"name":"wp","href":"https:\/\/api.w.org\/{rel}","templated":true}]}}