{"id":3035,"date":"2025-08-19T13:20:35","date_gmt":"2025-08-19T13:20:35","guid":{"rendered":"https:\/\/www.brikaelektrik.al\/?post_type=product&#038;p=3035"},"modified":"2025-08-19T13:20:35","modified_gmt":"2025-08-19T13:20:35","slug":"automat-4p-32a-me-xham","status":"publish","type":"product","link":"https:\/\/www.brikaelektrik.al\/al\/produkt\/automat-4p-32a-me-xham\/","title":{"rendered":"AUTOMAT 4P 32A ME XHAM"},"content":{"rendered":"<p><strong data-start=\"168\" data-end=\"178\">Seria:<\/strong> Gewiss\u00a0<br data-start=\"192\" data-end=\"195\" \/><strong data-start=\"195\" data-end=\"205\">Lloji:<\/strong> Nd\u00ebrprer\u00ebs automatik modular MT45, 4P, kurba C<br data-start=\"252\" data-end=\"255\" \/><strong data-start=\"255\" data-end=\"263\" data-is-only-node=\"\">Pol:<\/strong> 4P<br data-start=\"266\" data-end=\"269\" \/><strong data-start=\"269\" data-end=\"288\">Rryma nominale:<\/strong> 32 A<br data-start=\"293\" data-end=\"296\" \/><strong data-start=\"296\" data-end=\"316\">Tension i pun\u00ebs:<\/strong> 230\u2013400 V<br data-start=\"326\" data-end=\"329\" \/><strong data-start=\"329\" data-end=\"361\">Numri i moduleve (EN\u202f50022):<\/strong> 4<br data-start=\"363\" data-end=\"366\" \/><strong data-start=\"366\" data-end=\"405\">Kapaciteti i nd\u00ebrprerjes (Icn\/Icu):<\/strong> 4500 A (EN\u202f60898\u20111) \/ 6 kA (IEC\/EN\u202f60947\u20112)<br data-start=\"449\" data-end=\"452\" \/><strong data-start=\"452\" data-end=\"462\">Kurba:<\/strong> C<br data-start=\"464\" data-end=\"467\" \/><strong data-start=\"467\" data-end=\"492\">Tension izolues (Ui):<\/strong> 500 V<br data-start=\"498\" data-end=\"501\" \/><strong data-start=\"501\" data-end=\"529\">Tension impulsiv (Uimp):<\/strong> 4 kV<br data-start=\"534\" data-end=\"537\" \/><strong data-start=\"537\" data-end=\"564\">Jet\u00ebgjat\u00ebsia elektrike:<\/strong> 10.000 cikle<br data-start=\"577\" data-end=\"580\" \/><strong data-start=\"580\" data-end=\"606\">Jet\u00ebgjat\u00ebsia mekanike:<\/strong> 20.000 cikle<br data-start=\"619\" data-end=\"622\" \/><strong data-start=\"622\" data-end=\"647\">Seksioni i p\u00ebr\u00e7uesve:<\/strong><br data-start=\"647\" data-end=\"650\" \/>\u2011 Kabllo e ngurt\u00eb: deri n\u00eb 1\u00d735 mm\u00b2 ose 2\u00d716 mm\u00b2 ose 1\u00d716 mm\u00b2 + 2\u00d710 mm\u00b2<br data-start=\"722\" data-end=\"725\" \/>\u2011 Kabllo fleksib\u00ebl: deri n\u00eb 1\u00d735 mm\u00b2 ose 2\u00d716 mm\u00b2 ose 1\u00d716 mm\u00b2 + 2\u00d710 mm\u00b2<br data-start=\"798\" data-end=\"801\" \/><strong data-start=\"801\" data-end=\"826\">Moment i shtr\u00ebngimit:<\/strong> 2 Nm<br data-start=\"831\" data-end=\"834\" \/><strong data-start=\"834\" data-end=\"858\">Temperatura e pun\u00ebs:<\/strong> \u201325 \u00b0C deri +60 \u00b0C<br data-start=\"877\" data-end=\"880\" \/><strong data-start=\"880\" data-end=\"907\">Temperatura e ruajtjes:<\/strong> \u201340 \u00b0C deri +70 \u00b0C<br data-start=\"926\" data-end=\"929\" \/><strong data-start=\"929\" data-end=\"945\">Certifikime:<\/strong> EN\u202f60898\u20111, IEC\/EN\u202f60947\u20112, CE<\/p>","protected":false},"excerpt":{"rendered":"<p>Seria: Gewiss\u00a0Lloji: Nd\u00ebrprer\u00ebs automatik modular MT45, 4P, kurba CPol: 4PRryma nominale: 32 ATension i pun\u00ebs: 230\u2013400 VNumri i moduleve (EN\u202f50022): 4Kapaciteti i nd\u00ebrprerjes (Icn\/Icu): 4500 A (EN\u202f60898\u20111) \/ 6 kA (IEC\/EN\u202f60947\u20112)Kurba: CTension izolues (Ui): 500 VTension impulsiv (Uimp): 4 kVJet\u00ebgjat\u00ebsia elektrike: 10.000 cikleJet\u00ebgjat\u00ebsia mekanike: 20.000 cikleSeksioni i p\u00ebr\u00e7uesve:\u2011 Kabllo e ngurt\u00eb: deri n\u00eb 1\u00d735 mm\u00b2 [&hellip;]<\/p>","protected":false},"featured_media":3036,"comment_status":"open","ping_status":"closed","template":"","meta":{"_acf_changed":false},"product_brand":[],"product_cat":[40,69],"product_tag":[],"class_list":{"0":"post-3035","1":"product","2":"type-product","3":"status-publish","4":"has-post-thumbnail","6":"product_cat-serite-civile","7":"product_cat-gewiss-system","9":"first","10":"instock","11":"shipping-taxable","12":"product-type-simple"},"acf":[],"_links":{"self":[{"href":"https:\/\/www.brikaelektrik.al\/al\/wp-json\/wp\/v2\/product\/3035","targetHints":{"allow":["GET"]}}],"collection":[{"href":"https:\/\/www.brikaelektrik.al\/al\/wp-json\/wp\/v2\/product"}],"about":[{"href":"https:\/\/www.brikaelektrik.al\/al\/wp-json\/wp\/v2\/types\/product"}],"replies":[{"embeddable":true,"href":"https:\/\/www.brikaelektrik.al\/al\/wp-json\/wp\/v2\/comments?post=3035"}],"wp:featuredmedia":[{"embeddable":true,"href":"https:\/\/www.brikaelektrik.al\/al\/wp-json\/wp\/v2\/media\/3036"}],"wp:attachment":[{"href":"https:\/\/www.brikaelektrik.al\/al\/wp-json\/wp\/v2\/media?parent=3035"}],"wp:term":[{"taxonomy":"product_brand","embeddable":true,"href":"https:\/\/www.brikaelektrik.al\/al\/wp-json\/wp\/v2\/product_brand?post=3035"},{"taxonomy":"product_cat","embeddable":true,"href":"https:\/\/www.brikaelektrik.al\/al\/wp-json\/wp\/v2\/product_cat?post=3035"},{"taxonomy":"product_tag","embeddable":true,"href":"https:\/\/www.brikaelektrik.al\/al\/wp-json\/wp\/v2\/product_tag?post=3035"}],"curies":[{"name":"wp","href":"https:\/\/api.w.org\/{rel}","templated":true}]}}