{"id":3037,"date":"2025-08-19T13:26:13","date_gmt":"2025-08-19T13:26:13","guid":{"rendered":"https:\/\/www.brikaelektrik.al\/?post_type=product&#038;p=3037"},"modified":"2025-08-19T13:26:13","modified_gmt":"2025-08-19T13:26:13","slug":"automat-4p-40a-me-xham","status":"publish","type":"product","link":"https:\/\/www.brikaelektrik.al\/al\/produkt\/automat-4p-40a-me-xham\/","title":{"rendered":"AUTOMAT 4P 40A ME XHAM"},"content":{"rendered":"<p><strong data-start=\"179\" data-end=\"189\">Seria:<\/strong> Gewiss\u00a0<br data-start=\"203\" data-end=\"206\" \/><strong data-start=\"206\" data-end=\"216\">Lloji:<\/strong> Nd\u00ebrprer\u00ebs automatik modular MT45, 4P, kurba C<br data-start=\"263\" data-end=\"266\" \/><strong data-start=\"266\" data-end=\"274\" data-is-only-node=\"\">Pol:<\/strong> 4P<br data-start=\"277\" data-end=\"280\" \/><strong data-start=\"280\" data-end=\"299\">Rryma nominale:<\/strong> 40 A<br data-start=\"304\" data-end=\"307\" \/><strong data-start=\"307\" data-end=\"327\">Tension i pun\u00ebs:<\/strong> 230\u2013400 V AC<br data-start=\"340\" data-end=\"343\" \/><strong data-start=\"343\" data-end=\"375\">Numri i moduleve (EN\u202f50022):<\/strong> 4<br data-start=\"377\" data-end=\"380\" \/><strong data-start=\"380\" data-end=\"419\">Kapaciteti i nd\u00ebrprerjes (Icn\/Icu):<\/strong> 4500 A (EN\u202f60898\u20111) \/ 6 kA (IEC\/EN\u202f60947\u20112)<br data-start=\"463\" data-end=\"466\" \/><strong data-start=\"466\" data-end=\"476\">Kurba:<\/strong> C<br data-start=\"478\" data-end=\"481\" \/><strong data-start=\"481\" data-end=\"506\">Tension izolues (Ui):<\/strong> 500 V<br data-start=\"512\" data-end=\"515\" \/><strong data-start=\"515\" data-end=\"543\">Tension impulsiv (Uimp):<\/strong> 4 kV<br data-start=\"548\" data-end=\"551\" \/><strong data-start=\"551\" data-end=\"578\">Jet\u00ebgjat\u00ebsia elektrike:<\/strong> 10.000 cikle<br data-start=\"591\" data-end=\"594\" \/><strong data-start=\"594\" data-end=\"620\">Jet\u00ebgjat\u00ebsia mekanike:<\/strong> 20.000 cikle<br data-start=\"633\" data-end=\"636\" \/><strong data-start=\"636\" data-end=\"661\">Seksioni i p\u00ebr\u00e7uesve:<\/strong><br data-start=\"661\" data-end=\"664\" \/>\u2011 Kabllo e ngurt\u00eb: deri n\u00eb 1\u00d735 mm\u00b2 ose 2\u00d716 mm\u00b2 ose 1\u00d716 mm\u00b2 + 2\u00d710 mm\u00b2<br data-start=\"736\" data-end=\"739\" \/>\u2011 Kabllo fleksib\u00ebl: deri n\u00eb 1\u00d735 mm\u00b2 ose 2\u00d716 mm\u00b2 ose 1\u00d716 mm\u00b2 + 2\u00d710 mm\u00b2<br data-start=\"812\" data-end=\"815\" \/><strong data-start=\"815\" data-end=\"840\">Moment i shtr\u00ebngimit:<\/strong> 2 Nm<br data-start=\"845\" data-end=\"848\" \/><strong data-start=\"848\" data-end=\"872\">Temperatura e pun\u00ebs:<\/strong> \u201325 \u00b0C deri +60 \u00b0C<br data-start=\"891\" data-end=\"894\" \/><strong data-start=\"894\" data-end=\"921\">Temperatura e ruajtjes:<\/strong> \u201340 \u00b0C deri +70 \u00b0C<br data-start=\"940\" data-end=\"943\" \/><strong data-start=\"943\" data-end=\"959\">Certifikime:<\/strong> EN\u202f60898\u20111, IEC\/EN\u202f60947\u20112, CE<\/p>","protected":false},"excerpt":{"rendered":"<p>Seria: Gewiss\u00a0Lloji: Nd\u00ebrprer\u00ebs automatik modular MT45, 4P, kurba CPol: 4PRryma nominale: 40 ATension i pun\u00ebs: 230\u2013400 V ACNumri i moduleve (EN\u202f50022): 4Kapaciteti i nd\u00ebrprerjes (Icn\/Icu): 4500 A (EN\u202f60898\u20111) \/ 6 kA (IEC\/EN\u202f60947\u20112)Kurba: CTension izolues (Ui): 500 VTension impulsiv (Uimp): 4 kVJet\u00ebgjat\u00ebsia elektrike: 10.000 cikleJet\u00ebgjat\u00ebsia mekanike: 20.000 cikleSeksioni i p\u00ebr\u00e7uesve:\u2011 Kabllo e ngurt\u00eb: deri n\u00eb 1\u00d735 [&hellip;]<\/p>","protected":false},"featured_media":3038,"comment_status":"open","ping_status":"closed","template":"","meta":{"_acf_changed":false},"product_brand":[],"product_cat":[40,69],"product_tag":[],"class_list":{"0":"post-3037","1":"product","2":"type-product","3":"status-publish","4":"has-post-thumbnail","6":"product_cat-serite-civile","7":"product_cat-gewiss-system","9":"first","10":"instock","11":"shipping-taxable","12":"product-type-simple"},"acf":[],"_links":{"self":[{"href":"https:\/\/www.brikaelektrik.al\/al\/wp-json\/wp\/v2\/product\/3037","targetHints":{"allow":["GET"]}}],"collection":[{"href":"https:\/\/www.brikaelektrik.al\/al\/wp-json\/wp\/v2\/product"}],"about":[{"href":"https:\/\/www.brikaelektrik.al\/al\/wp-json\/wp\/v2\/types\/product"}],"replies":[{"embeddable":true,"href":"https:\/\/www.brikaelektrik.al\/al\/wp-json\/wp\/v2\/comments?post=3037"}],"wp:featuredmedia":[{"embeddable":true,"href":"https:\/\/www.brikaelektrik.al\/al\/wp-json\/wp\/v2\/media\/3038"}],"wp:attachment":[{"href":"https:\/\/www.brikaelektrik.al\/al\/wp-json\/wp\/v2\/media?parent=3037"}],"wp:term":[{"taxonomy":"product_brand","embeddable":true,"href":"https:\/\/www.brikaelektrik.al\/al\/wp-json\/wp\/v2\/product_brand?post=3037"},{"taxonomy":"product_cat","embeddable":true,"href":"https:\/\/www.brikaelektrik.al\/al\/wp-json\/wp\/v2\/product_cat?post=3037"},{"taxonomy":"product_tag","embeddable":true,"href":"https:\/\/www.brikaelektrik.al\/al\/wp-json\/wp\/v2\/product_tag?post=3037"}],"curies":[{"name":"wp","href":"https:\/\/api.w.org\/{rel}","templated":true}]}}