{"id":3042,"date":"2025-08-19T13:36:53","date_gmt":"2025-08-19T13:36:53","guid":{"rendered":"https:\/\/www.brikaelektrik.al\/?post_type=product&#038;p=3042"},"modified":"2025-08-19T13:36:53","modified_gmt":"2025-08-19T13:36:53","slug":"automat-4p-63a-me-xham","status":"publish","type":"product","link":"https:\/\/www.brikaelektrik.al\/al\/produkt\/automat-4p-63a-me-xham\/","title":{"rendered":"AUTOMAT 4P 63A ME XHAM"},"content":{"rendered":"<p><strong data-start=\"180\" data-end=\"190\">Seria:<\/strong> Gewiss\u00a0<br data-start=\"204\" data-end=\"207\" \/><strong data-start=\"207\" data-end=\"217\">Lloji:<\/strong> Nd\u00ebrprer\u00ebs automatik modular MT60, 4P, kurba C<br data-start=\"264\" data-end=\"267\" \/><strong data-start=\"267\" data-end=\"275\" data-is-only-node=\"\">Pol:<\/strong> 4P<br data-start=\"278\" data-end=\"281\" \/><strong data-start=\"281\" data-end=\"300\">Rryma nominale:<\/strong> 63 A<br data-start=\"305\" data-end=\"308\" \/><strong data-start=\"308\" data-end=\"329\">Tensioni i pun\u00ebs:<\/strong> 230\u2013400 V AC<br data-start=\"342\" data-end=\"345\" \/><strong data-start=\"345\" data-end=\"377\">Numri i moduleve (EN\u202f50022):<\/strong> 4<br data-start=\"379\" data-end=\"382\" \/><strong data-start=\"382\" data-end=\"421\">Kapaciteti i nd\u00ebrprerjes (Icn\/Icu):<\/strong> 6000 A (EN\u202f60898\u20111) \/ 20 kA (IEC\/EN\u202f60947\u20112)<br data-start=\"466\" data-end=\"469\" \/><strong data-start=\"469\" data-end=\"479\">Kurba:<\/strong> C<br data-start=\"481\" data-end=\"484\" \/><strong data-start=\"484\" data-end=\"509\">Tension izolues (Ui):<\/strong> 500 V<br data-start=\"515\" data-end=\"518\" \/><strong data-start=\"518\" data-end=\"546\">Tension impulsiv (Uimp):<\/strong> 4 kV<br data-start=\"551\" data-end=\"554\" \/><strong data-start=\"554\" data-end=\"581\">Jet\u00ebgjat\u00ebsia elektrike:<\/strong> 10.000 cikle<br data-start=\"594\" data-end=\"597\" \/><strong data-start=\"597\" data-end=\"623\">Jet\u00ebgjat\u00ebsia mekanike:<\/strong> 20.000 cikle<br data-start=\"636\" data-end=\"639\" \/><strong data-start=\"639\" data-end=\"664\">Seksioni i p\u00ebr\u00e7uesve:<\/strong><br data-start=\"664\" data-end=\"667\" \/>\u2011 Kabllo e ngurt\u00eb: deri n\u00eb 1\u00d735 mm\u00b2 ose 2\u00d716 mm\u00b2 ose 1\u00d716 mm\u00b2 + 2\u00d710 mm\u00b2<br data-start=\"739\" data-end=\"742\" \/>\u2011 Kabllo fleksib\u00ebl: deri n\u00eb 1\u00d735 mm\u00b2 ose 2\u00d716 mm\u00b2 ose 1\u00d716 mm\u00b2 + 2\u00d710 mm\u00b2<br data-start=\"815\" data-end=\"818\" \/><strong data-start=\"818\" data-end=\"843\">Moment i shtr\u00ebngimit:<\/strong> 2 Nm<br data-start=\"848\" data-end=\"851\" \/><strong data-start=\"851\" data-end=\"875\">Temperatura e pun\u00ebs:<\/strong> \u201325 \u00b0C deri +60 \u00b0C<br data-start=\"894\" data-end=\"897\" \/><strong data-start=\"897\" data-end=\"924\">Temperatura e ruajtjes:<\/strong> \u201340 \u00b0C deri +70 \u00b0C<br data-start=\"943\" data-end=\"946\" \/><strong data-start=\"946\" data-end=\"962\">Certifikime:<\/strong> EN\u202f60898\u20111, IEC\/EN\u202f60947\u20112, CE<\/p>","protected":false},"excerpt":{"rendered":"<p>Seria: Gewiss\u00a0Lloji: Nd\u00ebrprer\u00ebs automatik modular MT60, 4P, kurba CPol: 4PRryma nominale: 63 ATensioni i pun\u00ebs: 230\u2013400 V ACNumri i moduleve (EN\u202f50022): 4Kapaciteti i nd\u00ebrprerjes (Icn\/Icu): 6000 A (EN\u202f60898\u20111) \/ 20 kA (IEC\/EN\u202f60947\u20112)Kurba: CTension izolues (Ui): 500 VTension impulsiv (Uimp): 4 kVJet\u00ebgjat\u00ebsia elektrike: 10.000 cikleJet\u00ebgjat\u00ebsia mekanike: 20.000 cikleSeksioni i p\u00ebr\u00e7uesve:\u2011 Kabllo e ngurt\u00eb: deri n\u00eb 1\u00d735 [&hellip;]<\/p>","protected":false},"featured_media":3043,"comment_status":"open","ping_status":"closed","template":"","meta":{"_acf_changed":false},"product_brand":[],"product_cat":[40,69],"product_tag":[],"class_list":{"0":"post-3042","1":"product","2":"type-product","3":"status-publish","4":"has-post-thumbnail","6":"product_cat-serite-civile","7":"product_cat-gewiss-system","9":"first","10":"instock","11":"shipping-taxable","12":"product-type-simple"},"acf":[],"_links":{"self":[{"href":"https:\/\/www.brikaelektrik.al\/al\/wp-json\/wp\/v2\/product\/3042","targetHints":{"allow":["GET"]}}],"collection":[{"href":"https:\/\/www.brikaelektrik.al\/al\/wp-json\/wp\/v2\/product"}],"about":[{"href":"https:\/\/www.brikaelektrik.al\/al\/wp-json\/wp\/v2\/types\/product"}],"replies":[{"embeddable":true,"href":"https:\/\/www.brikaelektrik.al\/al\/wp-json\/wp\/v2\/comments?post=3042"}],"wp:featuredmedia":[{"embeddable":true,"href":"https:\/\/www.brikaelektrik.al\/al\/wp-json\/wp\/v2\/media\/3043"}],"wp:attachment":[{"href":"https:\/\/www.brikaelektrik.al\/al\/wp-json\/wp\/v2\/media?parent=3042"}],"wp:term":[{"taxonomy":"product_brand","embeddable":true,"href":"https:\/\/www.brikaelektrik.al\/al\/wp-json\/wp\/v2\/product_brand?post=3042"},{"taxonomy":"product_cat","embeddable":true,"href":"https:\/\/www.brikaelektrik.al\/al\/wp-json\/wp\/v2\/product_cat?post=3042"},{"taxonomy":"product_tag","embeddable":true,"href":"https:\/\/www.brikaelektrik.al\/al\/wp-json\/wp\/v2\/product_tag?post=3042"}],"curies":[{"name":"wp","href":"https:\/\/api.w.org\/{rel}","templated":true}]}}