{"id":3045,"date":"2025-08-19T14:00:51","date_gmt":"2025-08-19T14:00:51","guid":{"rendered":"https:\/\/www.brikaelektrik.al\/?post_type=product&#038;p=3045"},"modified":"2025-08-19T14:00:51","modified_gmt":"2025-08-19T14:00:51","slug":"celes-automat-16a-modulohet-ne-suport-cp","status":"publish","type":"product","link":"https:\/\/www.brikaelektrik.al\/al\/produkt\/celes-automat-16a-modulohet-ne-suport-cp\/","title":{"rendered":"\u00c7EL\u00cbS AUTOMAT 16A MODULOHET N\u00cb SUPORT C+P"},"content":{"rendered":"<p><strong data-start=\"179\" data-end=\"189\">Seria:<\/strong> Gewiss<br data-start=\"202\" data-end=\"205\" \/><strong data-start=\"205\" data-end=\"215\">Lloji:<\/strong> Nd\u00ebrprer\u00ebs automatik magnetotermik 1P+N<br data-start=\"255\" data-end=\"258\" \/><strong data-start=\"258\" data-end=\"277\" data-is-only-node=\"\">Rryma nominale:<\/strong> 16 A<br data-start=\"282\" data-end=\"285\" \/><strong data-start=\"285\" data-end=\"306\">Tensioni i pun\u00ebs:<\/strong> 230 V AC<br data-start=\"315\" data-end=\"318\" \/><strong data-start=\"318\" data-end=\"350\">Numri i moduleve (EN\u202f50022):<\/strong> 1<br data-start=\"352\" data-end=\"355\" \/><strong data-start=\"355\" data-end=\"394\">Kapaciteti i nd\u00ebrprerjes (Icn\/Icu):<\/strong> 3 kA<br data-start=\"399\" data-end=\"402\" \/><strong data-start=\"402\" data-end=\"412\">Kurba:<\/strong> C<br data-start=\"414\" data-end=\"417\" \/><strong data-start=\"417\" data-end=\"441\">Temperatura e pun\u00ebs:<\/strong> \u201325 \u00b0C deri +60 \u00b0C<br data-start=\"460\" data-end=\"463\" \/><strong data-start=\"463\" data-end=\"490\">Temperatura e ruajtjes:<\/strong> \u201340 \u00b0C deri +70 \u00b0C<br data-start=\"509\" data-end=\"512\" \/><strong data-start=\"512\" data-end=\"535\">Materiali i trupit:<\/strong> Teknopolimer<br data-start=\"548\" data-end=\"551\" \/><strong data-start=\"551\" data-end=\"562\">Ngjyra:<\/strong> E bardh\u00eb<br data-start=\"571\" data-end=\"574\" \/><strong data-start=\"574\" data-end=\"590\">Certifikime:<\/strong> EN\u202f60898-1, CE<\/p>","protected":false},"excerpt":{"rendered":"<p>Seria: GewissLloji: Nd\u00ebrprer\u00ebs automatik magnetotermik 1P+NRryma nominale: 16 ATensioni i pun\u00ebs: 230 V ACNumri i moduleve (EN\u202f50022): 1Kapaciteti i nd\u00ebrprerjes (Icn\/Icu): 3 kAKurba: CTemperatura e pun\u00ebs: \u201325 \u00b0C deri +60 \u00b0CTemperatura e ruajtjes: \u201340 \u00b0C deri +70 \u00b0CMateriali i trupit: TeknopolimerNgjyra: E bardh\u00ebCertifikime: EN\u202f60898-1, CE<\/p>","protected":false},"featured_media":3046,"comment_status":"open","ping_status":"closed","template":"","meta":{"_acf_changed":false},"product_brand":[],"product_cat":[40,69],"product_tag":[],"class_list":{"0":"post-3045","1":"product","2":"type-product","3":"status-publish","4":"has-post-thumbnail","6":"product_cat-serite-civile","7":"product_cat-gewiss-system","9":"first","10":"instock","11":"shipping-taxable","12":"product-type-simple"},"acf":[],"_links":{"self":[{"href":"https:\/\/www.brikaelektrik.al\/al\/wp-json\/wp\/v2\/product\/3045","targetHints":{"allow":["GET"]}}],"collection":[{"href":"https:\/\/www.brikaelektrik.al\/al\/wp-json\/wp\/v2\/product"}],"about":[{"href":"https:\/\/www.brikaelektrik.al\/al\/wp-json\/wp\/v2\/types\/product"}],"replies":[{"embeddable":true,"href":"https:\/\/www.brikaelektrik.al\/al\/wp-json\/wp\/v2\/comments?post=3045"}],"wp:featuredmedia":[{"embeddable":true,"href":"https:\/\/www.brikaelektrik.al\/al\/wp-json\/wp\/v2\/media\/3046"}],"wp:attachment":[{"href":"https:\/\/www.brikaelektrik.al\/al\/wp-json\/wp\/v2\/media?parent=3045"}],"wp:term":[{"taxonomy":"product_brand","embeddable":true,"href":"https:\/\/www.brikaelektrik.al\/al\/wp-json\/wp\/v2\/product_brand?post=3045"},{"taxonomy":"product_cat","embeddable":true,"href":"https:\/\/www.brikaelektrik.al\/al\/wp-json\/wp\/v2\/product_cat?post=3045"},{"taxonomy":"product_tag","embeddable":true,"href":"https:\/\/www.brikaelektrik.al\/al\/wp-json\/wp\/v2\/product_tag?post=3045"}],"curies":[{"name":"wp","href":"https:\/\/api.w.org\/{rel}","templated":true}]}}