{"id":3048,"date":"2025-08-19T14:04:29","date_gmt":"2025-08-19T14:04:29","guid":{"rendered":"https:\/\/www.brikaelektrik.al\/?post_type=product&#038;p=3048"},"modified":"2025-08-19T14:04:29","modified_gmt":"2025-08-19T14:04:29","slug":"celes-bipolar-0-1-2","status":"publish","type":"product","link":"https:\/\/www.brikaelektrik.al\/al\/produkt\/celes-bipolar-0-1-2\/","title":{"rendered":"\u00c7EL\u00cbS BIPOLAR 0-1"},"content":{"rendered":"<p><strong data-start=\"115\" data-end=\"125\">Seria:<\/strong> Gewiss<br data-start=\"138\" data-end=\"141\" \/><strong data-start=\"141\" data-end=\"151\">Lloji:<\/strong> Nd\u00ebrprer\u00ebs bipolar 16A 250V AC<br data-start=\"182\" data-end=\"185\" \/><strong data-start=\"185\" data-end=\"197\" data-is-only-node=\"\">Simboli:<\/strong> 0\/I<br data-start=\"201\" data-end=\"204\" \/><strong data-start=\"204\" data-end=\"236\">Numri i moduleve (EN\u202f50022):<\/strong> 1<br data-start=\"238\" data-end=\"241\" \/><strong data-start=\"241\" data-end=\"262\">Tensioni i pun\u00ebs:<\/strong> 250 V AC<br data-start=\"271\" data-end=\"274\" \/><strong data-start=\"274\" data-end=\"293\">Rryma nominale:<\/strong> 16 A<br data-start=\"298\" data-end=\"301\" \/><strong data-start=\"301\" data-end=\"312\">Ngjyra:<\/strong> E bardh\u00eb, e shk\u00eblqyer<br data-start=\"334\" data-end=\"337\" \/><strong data-start=\"337\" data-end=\"351\">Materiali:<\/strong> Teknopolimer<br data-start=\"364\" data-end=\"367\" \/><strong data-start=\"367\" data-end=\"391\">Temperatura e pun\u00ebs:<\/strong> \u201325 \u00b0C deri +60 \u00b0C<br data-start=\"410\" data-end=\"413\" \/><strong data-start=\"413\" data-end=\"440\">Temperatura e ruajtjes:<\/strong> \u201340 \u00b0C deri +70 \u00b0C<br data-start=\"459\" data-end=\"462\" \/><strong data-start=\"462\" data-end=\"485\">Norma e referenc\u00ebs:<\/strong> EN\u202f60669-1<br data-start=\"496\" data-end=\"499\" \/><strong data-start=\"499\" data-end=\"525\">Rezistenca e izolimit:<\/strong> &gt; 5 M\u03a9<br data-start=\"532\" data-end=\"535\" \/><strong data-start=\"535\" data-end=\"558\">Morseta e kabllove:<\/strong> Me vida<br data-start=\"566\" data-end=\"569\" \/><strong data-start=\"569\" data-end=\"588\">P\u00ebrputhshm\u00ebria:<\/strong> E p\u00ebrshtatshme p\u00ebr instalime n\u00eb kutia t\u00eb drejtk\u00ebnd\u00ebsha ose katrore, si dhe p\u00ebr aplikime speciale<\/p>","protected":false},"excerpt":{"rendered":"<p>Seria: GewissLloji: Nd\u00ebrprer\u00ebs bipolar 16A 250V ACSimboli: 0\/INumri i moduleve (EN\u202f50022): 1Tensioni i pun\u00ebs: 250 V ACRryma nominale: 16 ANgjyra: E bardh\u00eb, e shk\u00eblqyerMateriali: TeknopolimerTemperatura e pun\u00ebs: \u201325 \u00b0C deri +60 \u00b0CTemperatura e ruajtjes: \u201340 \u00b0C deri +70 \u00b0CNorma e referenc\u00ebs: EN\u202f60669-1Rezistenca e izolimit: &gt; 5 M\u03a9Morseta e kabllove: Me vidaP\u00ebrputhshm\u00ebria: E p\u00ebrshtatshme p\u00ebr instalime [&hellip;]<\/p>","protected":false},"featured_media":3050,"comment_status":"open","ping_status":"closed","template":"","meta":{"_acf_changed":false},"product_brand":[],"product_cat":[40,69],"product_tag":[],"class_list":{"0":"post-3048","1":"product","2":"type-product","3":"status-publish","4":"has-post-thumbnail","6":"product_cat-serite-civile","7":"product_cat-gewiss-system","9":"first","10":"instock","11":"shipping-taxable","12":"product-type-simple"},"acf":[],"_links":{"self":[{"href":"https:\/\/www.brikaelektrik.al\/al\/wp-json\/wp\/v2\/product\/3048","targetHints":{"allow":["GET"]}}],"collection":[{"href":"https:\/\/www.brikaelektrik.al\/al\/wp-json\/wp\/v2\/product"}],"about":[{"href":"https:\/\/www.brikaelektrik.al\/al\/wp-json\/wp\/v2\/types\/product"}],"replies":[{"embeddable":true,"href":"https:\/\/www.brikaelektrik.al\/al\/wp-json\/wp\/v2\/comments?post=3048"}],"wp:featuredmedia":[{"embeddable":true,"href":"https:\/\/www.brikaelektrik.al\/al\/wp-json\/wp\/v2\/media\/3050"}],"wp:attachment":[{"href":"https:\/\/www.brikaelektrik.al\/al\/wp-json\/wp\/v2\/media?parent=3048"}],"wp:term":[{"taxonomy":"product_brand","embeddable":true,"href":"https:\/\/www.brikaelektrik.al\/al\/wp-json\/wp\/v2\/product_brand?post=3048"},{"taxonomy":"product_cat","embeddable":true,"href":"https:\/\/www.brikaelektrik.al\/al\/wp-json\/wp\/v2\/product_cat?post=3048"},{"taxonomy":"product_tag","embeddable":true,"href":"https:\/\/www.brikaelektrik.al\/al\/wp-json\/wp\/v2\/product_tag?post=3048"}],"curies":[{"name":"wp","href":"https:\/\/api.w.org\/{rel}","templated":true}]}}