{"id":3051,"date":"2025-08-19T14:08:45","date_gmt":"2025-08-19T14:08:45","guid":{"rendered":"https:\/\/www.brikaelektrik.al\/?post_type=product&#038;p=3051"},"modified":"2025-08-19T14:19:56","modified_gmt":"2025-08-19T14:19:56","slug":"celes-1p-i-thjeshte","status":"publish","type":"product","link":"https:\/\/www.brikaelektrik.al\/al\/produkt\/celes-1p-i-thjeshte\/","title":{"rendered":"\u00c7EL\u00cbS 1P I THJESHT\u00cb"},"content":{"rendered":"<p><strong data-start=\"141\" data-end=\"151\">Seria:<\/strong> Gewiss<br data-start=\"164\" data-end=\"167\" \/><strong data-start=\"167\" data-end=\"177\">Lloji:<\/strong> Nd\u00ebrprer\u00ebs nj\u00ebpolak (1P), me \u00e7el\u00ebs neutral<br data-start=\"220\" data-end=\"223\" \/><strong data-start=\"223\" data-end=\"242\" data-is-only-node=\"\">Rryma nominale:<\/strong> 16 A<br data-start=\"247\" data-end=\"250\" \/><strong data-start=\"250\" data-end=\"271\">Tensioni i pun\u00ebs:<\/strong> 250 V AC<br data-start=\"280\" data-end=\"283\" \/><strong data-start=\"283\" data-end=\"315\">Numri i moduleve (EN\u202f50022):<\/strong> 1<br data-start=\"317\" data-end=\"320\" \/><strong data-start=\"320\" data-end=\"359\">Kapaciteti i nd\u00ebrprerjes (Icn\/Icu):<\/strong> 6000 A (EN\u202f60898\u20111) \/ 10 kA (IEC\/EN\u202f60947\u20112)<br data-start=\"404\" data-end=\"407\" \/><strong data-start=\"407\" data-end=\"417\">Kurba:<\/strong> C<br data-start=\"419\" data-end=\"422\" \/><strong data-start=\"422\" data-end=\"447\">Tension izolues (Ui):<\/strong> 500 V<br data-start=\"453\" data-end=\"456\" \/><strong data-start=\"456\" data-end=\"484\">Tension impulsiv (Uimp):<\/strong> 4 kV<br data-start=\"489\" data-end=\"492\" \/><strong data-start=\"492\" data-end=\"519\">Jet\u00ebgjat\u00ebsia elektrike:<\/strong> 40.000 cikle (n\u00eb 250 V AC, cos\u03c6=0,6)<br data-start=\"556\" data-end=\"559\" \/><strong data-start=\"559\" data-end=\"585\">Jet\u00ebgjat\u00ebsia mekanike:<\/strong> 20.000 cikle<br data-start=\"598\" data-end=\"601\" \/><strong data-start=\"601\" data-end=\"626\">Seksioni i p\u00ebr\u00e7uesve:<\/strong><br data-start=\"626\" data-end=\"629\" \/>\u2011 Kabllo e ngurt\u00eb: deri n\u00eb 1\u00d735 mm\u00b2 ose 2\u00d716 mm\u00b2 ose 1\u00d716 mm\u00b2 + 2\u00d710 mm\u00b2<br data-start=\"701\" data-end=\"704\" \/>\u2011 Kabllo fleksib\u00ebl: deri n\u00eb 1\u00d735 mm\u00b2 ose 2\u00d716 mm\u00b2 ose 1\u00d716 mm\u00b2 + 2\u00d710 mm\u00b2<br data-start=\"777\" data-end=\"780\" \/><strong data-start=\"780\" data-end=\"805\">Moment i shtr\u00ebngimit:<\/strong> 2 Nm<br data-start=\"810\" data-end=\"813\" \/><strong data-start=\"813\" data-end=\"837\">Temperatura e pun\u00ebs:<\/strong> \u201325 \u00b0C deri +60 \u00b0C<br data-start=\"856\" data-end=\"859\" \/><strong data-start=\"859\" data-end=\"886\">Temperatura e ruajtjes:<\/strong> \u201340 \u00b0C deri +70 \u00b0C<br data-start=\"905\" data-end=\"908\" \/><strong data-start=\"908\" data-end=\"931\">Materiali i trupit:<\/strong> Teknopolimer<br data-start=\"944\" data-end=\"947\" \/><strong data-start=\"947\" data-end=\"958\">Ngjyra:<\/strong> E bardh\u00eb, e shk\u00eblqyer<br data-start=\"980\" data-end=\"983\" \/><strong data-start=\"983\" data-end=\"999\">Certifikime:<\/strong> EN\u202f60898\u20111, IEC\/EN\u202f60947\u20112, CE<\/p>","protected":false},"excerpt":{"rendered":"<p>Seria: GewissLloji: Nd\u00ebrprer\u00ebs nj\u00ebpolak (1P), me \u00e7el\u00ebs neutralRryma nominale: 16 ATensioni i pun\u00ebs: 250 V ACNumri i moduleve (EN\u202f50022): 1Kapaciteti i nd\u00ebrprerjes (Icn\/Icu): 6000 A (EN\u202f60898\u20111) \/ 10 kA (IEC\/EN\u202f60947\u20112)Kurba: CTension izolues (Ui): 500 VTension impulsiv (Uimp): 4 kVJet\u00ebgjat\u00ebsia elektrike: 40.000 cikle (n\u00eb 250 V AC, cos\u03c6=0,6)Jet\u00ebgjat\u00ebsia mekanike: 20.000 cikleSeksioni i p\u00ebr\u00e7uesve:\u2011 Kabllo e ngurt\u00eb: [&hellip;]<\/p>","protected":false},"featured_media":3052,"comment_status":"open","ping_status":"closed","template":"","meta":{"_acf_changed":false},"product_brand":[],"product_cat":[40,69],"product_tag":[],"class_list":{"0":"post-3051","1":"product","2":"type-product","3":"status-publish","4":"has-post-thumbnail","6":"product_cat-serite-civile","7":"product_cat-gewiss-system","9":"first","10":"instock","11":"shipping-taxable","12":"product-type-simple"},"acf":[],"_links":{"self":[{"href":"https:\/\/www.brikaelektrik.al\/al\/wp-json\/wp\/v2\/product\/3051","targetHints":{"allow":["GET"]}}],"collection":[{"href":"https:\/\/www.brikaelektrik.al\/al\/wp-json\/wp\/v2\/product"}],"about":[{"href":"https:\/\/www.brikaelektrik.al\/al\/wp-json\/wp\/v2\/types\/product"}],"replies":[{"embeddable":true,"href":"https:\/\/www.brikaelektrik.al\/al\/wp-json\/wp\/v2\/comments?post=3051"}],"wp:featuredmedia":[{"embeddable":true,"href":"https:\/\/www.brikaelektrik.al\/al\/wp-json\/wp\/v2\/media\/3052"}],"wp:attachment":[{"href":"https:\/\/www.brikaelektrik.al\/al\/wp-json\/wp\/v2\/media?parent=3051"}],"wp:term":[{"taxonomy":"product_brand","embeddable":true,"href":"https:\/\/www.brikaelektrik.al\/al\/wp-json\/wp\/v2\/product_brand?post=3051"},{"taxonomy":"product_cat","embeddable":true,"href":"https:\/\/www.brikaelektrik.al\/al\/wp-json\/wp\/v2\/product_cat?post=3051"},{"taxonomy":"product_tag","embeddable":true,"href":"https:\/\/www.brikaelektrik.al\/al\/wp-json\/wp\/v2\/product_tag?post=3051"}],"curies":[{"name":"wp","href":"https:\/\/api.w.org\/{rel}","templated":true}]}}