{"id":3053,"date":"2025-08-19T14:11:17","date_gmt":"2025-08-19T14:11:17","guid":{"rendered":"https:\/\/www.brikaelektrik.al\/?post_type=product&#038;p=3053"},"modified":"2025-08-19T14:11:17","modified_gmt":"2025-08-19T14:11:17","slug":"celes-bipolar-0-1-i-zi","status":"publish","type":"product","link":"https:\/\/www.brikaelektrik.al\/al\/produkt\/celes-bipolar-0-1-i-zi\/","title":{"rendered":"\u00c7EL\u00cbS BIPOLAR 0-1 I ZI"},"content":{"rendered":"<p><strong data-start=\"141\" data-end=\"151\">Seria:<\/strong> Gewiss<br data-start=\"164\" data-end=\"167\" \/><strong data-start=\"167\" data-end=\"177\">Lloji:<\/strong> Nd\u00ebrprer\u00ebs nj\u00ebpolak (1P), me \u00e7el\u00ebs neutral<br data-start=\"220\" data-end=\"223\" \/><strong data-start=\"223\" data-end=\"242\" data-is-only-node=\"\">Rryma nominale:<\/strong> 16 A<br data-start=\"247\" data-end=\"250\" \/><strong data-start=\"250\" data-end=\"271\">Tensioni i pun\u00ebs:<\/strong> 250 V AC<br data-start=\"280\" data-end=\"283\" \/><strong data-start=\"283\" data-end=\"315\">Numri i moduleve (EN\u202f50022):<\/strong> 1<br data-start=\"317\" data-end=\"320\" \/><strong data-start=\"320\" data-end=\"332\">Simboli:<\/strong> 0\/I<br data-start=\"336\" data-end=\"339\" \/><strong data-start=\"339\" data-end=\"363\">Temperatura e pun\u00ebs:<\/strong> \u201325 \u00b0C deri +60 \u00b0C<br data-start=\"382\" data-end=\"385\" \/><strong data-start=\"385\" data-end=\"412\">Temperatura e ruajtjes:<\/strong> \u201340 \u00b0C deri +70 \u00b0C<br data-start=\"431\" data-end=\"434\" \/><strong data-start=\"434\" data-end=\"457\">Materiali i trupit:<\/strong> Teknopolimer<br data-start=\"470\" data-end=\"473\" \/><strong data-start=\"473\" data-end=\"484\">Ngjyra:<\/strong> E zez\u00eb<br data-start=\"491\" data-end=\"494\" \/><strong data-start=\"494\" data-end=\"510\">Certifikime:<\/strong> EN\u202f60669-1, CE<\/p>","protected":false},"excerpt":{"rendered":"<p>Seria: GewissLloji: Nd\u00ebrprer\u00ebs nj\u00ebpolak (1P), me \u00e7el\u00ebs neutralRryma nominale: 16 ATensioni i pun\u00ebs: 250 V ACNumri i moduleve (EN\u202f50022): 1Simboli: 0\/ITemperatura e pun\u00ebs: \u201325 \u00b0C deri +60 \u00b0CTemperatura e ruajtjes: \u201340 \u00b0C deri +70 \u00b0CMateriali i trupit: TeknopolimerNgjyra: E zez\u00ebCertifikime: EN\u202f60669-1, CE<\/p>","protected":false},"featured_media":3054,"comment_status":"open","ping_status":"closed","template":"","meta":{"_acf_changed":false},"product_brand":[],"product_cat":[40,69],"product_tag":[],"class_list":{"0":"post-3053","1":"product","2":"type-product","3":"status-publish","4":"has-post-thumbnail","6":"product_cat-serite-civile","7":"product_cat-gewiss-system","9":"first","10":"instock","11":"shipping-taxable","12":"product-type-simple"},"acf":[],"_links":{"self":[{"href":"https:\/\/www.brikaelektrik.al\/al\/wp-json\/wp\/v2\/product\/3053","targetHints":{"allow":["GET"]}}],"collection":[{"href":"https:\/\/www.brikaelektrik.al\/al\/wp-json\/wp\/v2\/product"}],"about":[{"href":"https:\/\/www.brikaelektrik.al\/al\/wp-json\/wp\/v2\/types\/product"}],"replies":[{"embeddable":true,"href":"https:\/\/www.brikaelektrik.al\/al\/wp-json\/wp\/v2\/comments?post=3053"}],"wp:featuredmedia":[{"embeddable":true,"href":"https:\/\/www.brikaelektrik.al\/al\/wp-json\/wp\/v2\/media\/3054"}],"wp:attachment":[{"href":"https:\/\/www.brikaelektrik.al\/al\/wp-json\/wp\/v2\/media?parent=3053"}],"wp:term":[{"taxonomy":"product_brand","embeddable":true,"href":"https:\/\/www.brikaelektrik.al\/al\/wp-json\/wp\/v2\/product_brand?post=3053"},{"taxonomy":"product_cat","embeddable":true,"href":"https:\/\/www.brikaelektrik.al\/al\/wp-json\/wp\/v2\/product_cat?post=3053"},{"taxonomy":"product_tag","embeddable":true,"href":"https:\/\/www.brikaelektrik.al\/al\/wp-json\/wp\/v2\/product_tag?post=3053"}],"curies":[{"name":"wp","href":"https:\/\/api.w.org\/{rel}","templated":true}]}}