{"id":3056,"date":"2025-08-19T14:16:28","date_gmt":"2025-08-19T14:16:28","guid":{"rendered":"https:\/\/www.brikaelektrik.al\/?post_type=product&#038;p=3056"},"modified":"2025-08-19T14:16:28","modified_gmt":"2025-08-19T14:16:28","slug":"celes-1p-i-thjeshte-i-zi","status":"publish","type":"product","link":"https:\/\/www.brikaelektrik.al\/al\/produkt\/celes-1p-i-thjeshte-i-zi\/","title":{"rendered":"\u00c7EL\u00cbS 1P I THJESHT\u00cb I ZI"},"content":{"rendered":"<p><strong data-start=\"164\" data-end=\"174\">Seria:<\/strong> Gewiss<br data-start=\"187\" data-end=\"190\" \/><strong data-start=\"190\" data-end=\"200\">Lloji:<\/strong> Nd\u00ebrprer\u00ebs nj\u00ebpolak (1P) me \u00e7el\u00ebs neutral<br data-start=\"242\" data-end=\"245\" \/><strong data-start=\"245\" data-end=\"264\" data-is-only-node=\"\">Rryma nominale:<\/strong> 16 A<br data-start=\"269\" data-end=\"272\" \/><strong data-start=\"272\" data-end=\"293\">Tensioni i pun\u00ebs:<\/strong> 250 V AC<br data-start=\"302\" data-end=\"305\" \/><strong data-start=\"305\" data-end=\"337\">Numri i moduleve (EN\u202f50022):<\/strong> 1<br data-start=\"356\" data-end=\"359\" \/><strong data-start=\"359\" data-end=\"393\">P\u00ebrputhshm\u00ebria me LED (230 V):<\/strong> 200 W<br data-start=\"399\" data-end=\"402\" \/><strong data-start=\"402\" data-end=\"428\">Rezistenca e izolimit:<\/strong> &gt; 5 M\u03a9<br data-start=\"435\" data-end=\"438\" \/><strong data-start=\"438\" data-end=\"463\">Terminalet e lidhjes:<\/strong> Me vida<br data-start=\"471\" data-end=\"474\" \/><strong data-start=\"474\" data-end=\"530\">Jet\u00ebgjat\u00ebsia e funksionimit (n\u00eb 250 V AC, cos\u03c6=0,6):<\/strong> 40.000 cikle<br data-start=\"543\" data-end=\"546\" \/><strong data-start=\"546\" data-end=\"570\">Temperatura e pun\u00ebs:<\/strong> \u201325 \u00b0C deri +60 \u00b0C<br data-start=\"589\" data-end=\"592\" \/><strong data-start=\"592\" data-end=\"619\">Temperatura e ruajtjes:<\/strong> \u201340 \u00b0C deri +70 \u00b0C<br data-start=\"638\" data-end=\"641\" \/><strong data-start=\"641\" data-end=\"664\">Materiali i trupit:<\/strong> Teknopolimer<br data-start=\"677\" data-end=\"680\" \/><strong data-start=\"680\" data-end=\"691\">Ngjyra:<\/strong> E zez\u00eb satin<\/p>","protected":false},"excerpt":{"rendered":"<p>Seria: GewissLloji: Nd\u00ebrprer\u00ebs nj\u00ebpolak (1P) me \u00e7el\u00ebs neutralRryma nominale: 16 ATensioni i pun\u00ebs: 250 V ACNumri i moduleve (EN\u202f50022): 1P\u00ebrputhshm\u00ebria me LED (230 V): 200 WRezistenca e izolimit: &gt; 5 M\u03a9Terminalet e lidhjes: Me vidaJet\u00ebgjat\u00ebsia e funksionimit (n\u00eb 250 V AC, cos\u03c6=0,6): 40.000 cikleTemperatura e pun\u00ebs: \u201325 \u00b0C deri +60 \u00b0CTemperatura e ruajtjes: \u201340 \u00b0C [&hellip;]<\/p>","protected":false},"featured_media":3057,"comment_status":"open","ping_status":"closed","template":"","meta":{"_acf_changed":false},"product_brand":[],"product_cat":[40,69],"product_tag":[],"class_list":{"0":"post-3056","1":"product","2":"type-product","3":"status-publish","4":"has-post-thumbnail","6":"product_cat-serite-civile","7":"product_cat-gewiss-system","9":"first","10":"instock","11":"shipping-taxable","12":"product-type-simple"},"acf":[],"_links":{"self":[{"href":"https:\/\/www.brikaelektrik.al\/al\/wp-json\/wp\/v2\/product\/3056","targetHints":{"allow":["GET"]}}],"collection":[{"href":"https:\/\/www.brikaelektrik.al\/al\/wp-json\/wp\/v2\/product"}],"about":[{"href":"https:\/\/www.brikaelektrik.al\/al\/wp-json\/wp\/v2\/types\/product"}],"replies":[{"embeddable":true,"href":"https:\/\/www.brikaelektrik.al\/al\/wp-json\/wp\/v2\/comments?post=3056"}],"wp:featuredmedia":[{"embeddable":true,"href":"https:\/\/www.brikaelektrik.al\/al\/wp-json\/wp\/v2\/media\/3057"}],"wp:attachment":[{"href":"https:\/\/www.brikaelektrik.al\/al\/wp-json\/wp\/v2\/media?parent=3056"}],"wp:term":[{"taxonomy":"product_brand","embeddable":true,"href":"https:\/\/www.brikaelektrik.al\/al\/wp-json\/wp\/v2\/product_brand?post=3056"},{"taxonomy":"product_cat","embeddable":true,"href":"https:\/\/www.brikaelektrik.al\/al\/wp-json\/wp\/v2\/product_cat?post=3056"},{"taxonomy":"product_tag","embeddable":true,"href":"https:\/\/www.brikaelektrik.al\/al\/wp-json\/wp\/v2\/product_tag?post=3056"}],"curies":[{"name":"wp","href":"https:\/\/api.w.org\/{rel}","templated":true}]}}