{"id":3059,"date":"2025-08-19T14:19:07","date_gmt":"2025-08-19T14:19:07","guid":{"rendered":"https:\/\/www.brikaelektrik.al\/?post_type=product&#038;p=3059"},"modified":"2025-08-19T14:19:07","modified_gmt":"2025-08-19T14:19:07","slug":"celes-invertitor-i-zi","status":"publish","type":"product","link":"https:\/\/www.brikaelektrik.al\/al\/produkt\/celes-invertitor-i-zi\/","title":{"rendered":"\u00c7EL\u00cbS INVERTITOR I ZI"},"content":{"rendered":"<p><strong data-start=\"171\" data-end=\"181\">Seria:<\/strong> Gewiss<br data-start=\"194\" data-end=\"197\" \/><strong data-start=\"197\" data-end=\"207\">Lloji:<\/strong> Nd\u00ebrrues nd\u00ebrmjet\u00ebs (cross switch) 1P<br data-start=\"245\" data-end=\"248\" \/><strong data-start=\"248\" data-end=\"267\" data-is-only-node=\"\">Rryma nominale:<\/strong> 16 A<br data-start=\"272\" data-end=\"275\" \/><strong data-start=\"275\" data-end=\"296\">Tensioni i pun\u00ebs:<\/strong> 250 V AC<br data-start=\"305\" data-end=\"308\" \/><strong data-start=\"308\" data-end=\"340\">Numri i moduleve (EN\u202f50022):<\/strong> 1<br data-start=\"342\" data-end=\"345\" \/><strong data-start=\"345\" data-end=\"357\">Simboli:<\/strong> \u2013<br data-start=\"359\" data-end=\"362\" \/><strong data-start=\"362\" data-end=\"373\">Ngjyra:<\/strong> E zez\u00eb<br data-start=\"380\" data-end=\"383\" \/><strong data-start=\"383\" data-end=\"406\">Materiali i trupit:<\/strong> Teknopolimer<br data-start=\"419\" data-end=\"422\" \/><strong data-start=\"422\" data-end=\"446\">Temperatura e pun\u00ebs:<\/strong> \u201325 \u00b0C deri +60 \u00b0C<br data-start=\"465\" data-end=\"468\" \/><strong data-start=\"468\" data-end=\"495\">Temperatura e ruajtjes:<\/strong> \u201340 \u00b0C deri +70 \u00b0C<br data-start=\"514\" data-end=\"517\" \/><strong data-start=\"517\" data-end=\"543\">Rezistenca e izolimit:<\/strong> &gt; 5 M\u03a9<br data-start=\"550\" data-end=\"553\" \/><strong data-start=\"553\" data-end=\"578\">Terminalet e lidhjes:<\/strong> Me vida<br data-start=\"586\" data-end=\"589\" \/><strong data-start=\"589\" data-end=\"645\">Jet\u00ebgjat\u00ebsia e funksionimit (n\u00eb 250 V AC, cos\u03c6=0,6):<\/strong> 40.000 cikle<br data-start=\"658\" data-end=\"661\" \/><strong data-start=\"661\" data-end=\"695\">P\u00ebrputhshm\u00ebria me LED (230 V):<\/strong> 200 W<\/p>","protected":false},"excerpt":{"rendered":"<p>Seria: GewissLloji: Nd\u00ebrrues nd\u00ebrmjet\u00ebs (cross switch) 1PRryma nominale: 16 ATensioni i pun\u00ebs: 250 V ACNumri i moduleve (EN\u202f50022): 1Simboli: \u2013Ngjyra: E zez\u00ebMateriali i trupit: TeknopolimerTemperatura e pun\u00ebs: \u201325 \u00b0C deri +60 \u00b0CTemperatura e ruajtjes: \u201340 \u00b0C deri +70 \u00b0CRezistenca e izolimit: &gt; 5 M\u03a9Terminalet e lidhjes: Me vidaJet\u00ebgjat\u00ebsia e funksionimit (n\u00eb 250 V AC, cos\u03c6=0,6): [&hellip;]<\/p>","protected":false},"featured_media":3060,"comment_status":"open","ping_status":"closed","template":"","meta":{"_acf_changed":false},"product_brand":[],"product_cat":[40,69],"product_tag":[],"class_list":{"0":"post-3059","1":"product","2":"type-product","3":"status-publish","4":"has-post-thumbnail","6":"product_cat-serite-civile","7":"product_cat-gewiss-system","9":"first","10":"instock","11":"shipping-taxable","12":"product-type-simple"},"acf":[],"_links":{"self":[{"href":"https:\/\/www.brikaelektrik.al\/al\/wp-json\/wp\/v2\/product\/3059","targetHints":{"allow":["GET"]}}],"collection":[{"href":"https:\/\/www.brikaelektrik.al\/al\/wp-json\/wp\/v2\/product"}],"about":[{"href":"https:\/\/www.brikaelektrik.al\/al\/wp-json\/wp\/v2\/types\/product"}],"replies":[{"embeddable":true,"href":"https:\/\/www.brikaelektrik.al\/al\/wp-json\/wp\/v2\/comments?post=3059"}],"wp:featuredmedia":[{"embeddable":true,"href":"https:\/\/www.brikaelektrik.al\/al\/wp-json\/wp\/v2\/media\/3060"}],"wp:attachment":[{"href":"https:\/\/www.brikaelektrik.al\/al\/wp-json\/wp\/v2\/media?parent=3059"}],"wp:term":[{"taxonomy":"product_brand","embeddable":true,"href":"https:\/\/www.brikaelektrik.al\/al\/wp-json\/wp\/v2\/product_brand?post=3059"},{"taxonomy":"product_cat","embeddable":true,"href":"https:\/\/www.brikaelektrik.al\/al\/wp-json\/wp\/v2\/product_cat?post=3059"},{"taxonomy":"product_tag","embeddable":true,"href":"https:\/\/www.brikaelektrik.al\/al\/wp-json\/wp\/v2\/product_tag?post=3059"}],"curies":[{"name":"wp","href":"https:\/\/api.w.org\/{rel}","templated":true}]}}