{"id":3062,"date":"2025-08-20T08:54:26","date_gmt":"2025-08-20T08:54:26","guid":{"rendered":"https:\/\/www.brikaelektrik.al\/?post_type=product&#038;p=3062"},"modified":"2025-08-20T09:04:20","modified_gmt":"2025-08-20T09:04:20","slug":"celes-2p-40a-per-panel-kuadri","status":"publish","type":"product","link":"https:\/\/www.brikaelektrik.al\/al\/produkt\/celes-2p-40a-per-panel-kuadri\/","title":{"rendered":"\u00c7EL\u00cbS 2P 40A P\u00cbR PANEL KUADRI"},"content":{"rendered":"<p><strong data-start=\"104\" data-end=\"114\">Seria:<\/strong> 90 AM Range<br data-start=\"126\" data-end=\"129\" \/><strong data-start=\"129\" data-end=\"139\" data-is-only-node=\"\">Lloji:<\/strong> Nd\u00ebrprer\u00ebs disjektor (Switch disconnector) 2P<br data-start=\"185\" data-end=\"188\" \/><strong data-start=\"188\" data-end=\"207\">Rryma nominale:<\/strong> 40 A<br data-start=\"212\" data-end=\"215\" \/><strong data-start=\"215\" data-end=\"241\">Tensioni i pun\u00ebs (Ue):<\/strong> 415 V AC<br data-start=\"250\" data-end=\"253\" \/><strong data-start=\"253\" data-end=\"285\">Numri i moduleve (EN 50022):<\/strong> 2<br data-start=\"287\" data-end=\"290\" \/><strong data-start=\"290\" data-end=\"315\">Tension izolues (Ui):<\/strong> 500 V<br data-start=\"321\" data-end=\"324\" \/><strong data-start=\"324\" data-end=\"352\">Tension impulsiv (Uimp):<\/strong> 4 kV<br data-start=\"357\" data-end=\"360\" \/><strong data-start=\"360\" data-end=\"375\">Freskuenca:<\/strong> 50\/60 Hz<br data-start=\"384\" data-end=\"387\" \/><strong data-start=\"387\" data-end=\"442\">Kapaciteti i rezistenc\u00ebs me koh\u00eb t\u00eb shkurt\u00ebr (Icw):<\/strong> 480 A p\u00ebr 1 sekond\u00eb<br data-start=\"462\" data-end=\"465\" \/><strong data-start=\"465\" data-end=\"483\">Jeta mekanike:<\/strong> 20,000 manovra<br data-start=\"498\" data-end=\"501\" \/><strong data-start=\"501\" data-end=\"525\">Endurance elektrike:<\/strong> 5,000 manovra<br data-start=\"539\" data-end=\"542\" \/><strong data-start=\"542\" data-end=\"567\">Moment i shtr\u00ebngimit:<\/strong> 2 Nm<br data-start=\"572\" data-end=\"575\" \/><strong data-start=\"575\" data-end=\"629\">Sekcioni maksimal i kabllove (i ngurt\u00eb\/fleksib\u00ebl):<\/strong> deri n\u00eb 1\u00d735 mm\u00b2, 2\u00d716 mm\u00b2, ose 1\u00d716 + 2\u00d710 mm\u00b2<br data-start=\"677\" data-end=\"680\" \/><strong data-start=\"680\" data-end=\"702\">T\u00eb p\u00ebrputhshme me:<\/strong> Kategoria p\u00ebrdorimi AC-23B, p\u00ebr montimin: Po (vet\u00ebm p\u00ebr posht\u00eb)<br data-start=\"766\" data-end=\"769\" \/><strong data-start=\"769\" data-end=\"785\">Mbrojtja IP:<\/strong> IP20<br data-start=\"790\" data-end=\"793\" \/><strong data-start=\"793\" data-end=\"831\">Dissapation (Power loss) per pole:<\/strong> 1.5 W<br data-start=\"837\" data-end=\"840\" \/><strong data-start=\"840\" data-end=\"861\">Temperatura pune:<\/strong> \u20135 \u00b0C deri +40 \u00b0C<br data-start=\"879\" data-end=\"882\" \/><strong data-start=\"882\" data-end=\"900\">Tropicalizimi:<\/strong> 55 \u00b0C \u2013 UR 95%<\/p>","protected":false},"excerpt":{"rendered":"<p>Seria: 90 AM RangeLloji: Nd\u00ebrprer\u00ebs disjektor (Switch disconnector) 2PRryma nominale: 40 ATensioni i pun\u00ebs (Ue): 415 V ACNumri i moduleve (EN 50022): 2Tension izolues (Ui): 500 VTension impulsiv (Uimp): 4 kVFreskuenca: 50\/60 HzKapaciteti i rezistenc\u00ebs me koh\u00eb t\u00eb shkurt\u00ebr (Icw): 480 A p\u00ebr 1 sekond\u00ebJeta mekanike: 20,000 manovraEndurance elektrike: 5,000 manovraMoment i shtr\u00ebngimit: 2 NmSekcioni [&hellip;]<\/p>","protected":false},"featured_media":3063,"comment_status":"open","ping_status":"closed","template":"","meta":{"_acf_changed":false},"product_brand":[],"product_cat":[40,69],"product_tag":[],"class_list":{"0":"post-3062","1":"product","2":"type-product","3":"status-publish","4":"has-post-thumbnail","6":"product_cat-serite-civile","7":"product_cat-gewiss-system","9":"first","10":"instock","11":"shipping-taxable","12":"product-type-simple"},"acf":[],"_links":{"self":[{"href":"https:\/\/www.brikaelektrik.al\/al\/wp-json\/wp\/v2\/product\/3062","targetHints":{"allow":["GET"]}}],"collection":[{"href":"https:\/\/www.brikaelektrik.al\/al\/wp-json\/wp\/v2\/product"}],"about":[{"href":"https:\/\/www.brikaelektrik.al\/al\/wp-json\/wp\/v2\/types\/product"}],"replies":[{"embeddable":true,"href":"https:\/\/www.brikaelektrik.al\/al\/wp-json\/wp\/v2\/comments?post=3062"}],"wp:featuredmedia":[{"embeddable":true,"href":"https:\/\/www.brikaelektrik.al\/al\/wp-json\/wp\/v2\/media\/3063"}],"wp:attachment":[{"href":"https:\/\/www.brikaelektrik.al\/al\/wp-json\/wp\/v2\/media?parent=3062"}],"wp:term":[{"taxonomy":"product_brand","embeddable":true,"href":"https:\/\/www.brikaelektrik.al\/al\/wp-json\/wp\/v2\/product_brand?post=3062"},{"taxonomy":"product_cat","embeddable":true,"href":"https:\/\/www.brikaelektrik.al\/al\/wp-json\/wp\/v2\/product_cat?post=3062"},{"taxonomy":"product_tag","embeddable":true,"href":"https:\/\/www.brikaelektrik.al\/al\/wp-json\/wp\/v2\/product_tag?post=3062"}],"curies":[{"name":"wp","href":"https:\/\/api.w.org\/{rel}","templated":true}]}}