{"id":3065,"date":"2025-08-20T09:00:47","date_gmt":"2025-08-20T09:00:47","guid":{"rendered":"https:\/\/www.brikaelektrik.al\/?post_type=product&#038;p=3065"},"modified":"2025-08-20T09:00:48","modified_gmt":"2025-08-20T09:00:48","slug":"celes-me-drite-i-zi","status":"publish","type":"product","link":"https:\/\/www.brikaelektrik.al\/al\/produkt\/celes-me-drite-i-zi\/","title":{"rendered":"\u00c7EL\u00cbS ME DRIT\u00cb I ZI"},"content":{"rendered":"<p><strong data-start=\"172\" data-end=\"182\">Seria:<\/strong> System Black<br data-start=\"195\" data-end=\"198\" \/><strong data-start=\"198\" data-end=\"208\">Lloji:<\/strong> Nd\u00ebrprer\u00ebs nj\u00ebpol (1P), 16 AX, me lente neutral t\u00eb z\u00ebvend\u00eb\u00adshme dhe ndri\u00e7im (backlit) 230 V AC<br data-start=\"303\" data-end=\"306\" data-is-only-node=\"\" \/><strong data-start=\"306\" data-end=\"327\">Tensioni i pun\u00ebs:<\/strong> 250 V AC<br data-start=\"336\" data-end=\"339\" \/><strong data-start=\"339\" data-end=\"371\">Numri i moduleve (EN 50022):<\/strong> 1<br data-start=\"373\" data-end=\"376\" \/><strong data-start=\"376\" data-end=\"417\">Fuqi maksimale p\u00ebr llambat LED 230 V:<\/strong> 200 W<br data-start=\"423\" data-end=\"426\" \/><strong data-start=\"426\" data-end=\"452\">Rezistenca e izolimit:<\/strong> &gt; 5 M\u03a9<br data-start=\"459\" data-end=\"462\" \/><strong data-start=\"462\" data-end=\"477\">Terminalet:<\/strong> Me vida<br data-start=\"485\" data-end=\"488\" \/><strong data-start=\"488\" data-end=\"547\">Jet\u00ebgjat\u00ebsia e funksionimit (n\u00eb 250 V AC, cos \u03c6 = 0,6):<\/strong> 40.000 manovra<br data-start=\"562\" data-end=\"565\" \/><strong data-start=\"565\" data-end=\"588\">Test termik me top:<\/strong> 125 \u00b0C<br data-start=\"595\" data-end=\"598\" \/><strong data-start=\"598\" data-end=\"617\">Test glow wire:<\/strong> 850 \u00b0C<br data-start=\"624\" data-end=\"627\" \/><strong data-start=\"627\" data-end=\"658\">Kapacitet lidhjeje (telat):<\/strong> Kabllo e shum\u00ebfibrave: 0,75 \u2013 2\u00d74 mm\u00b2; kabllo e ngurt\u00eb: 0,5 \u2013 2\u00d72,5 mm\u00b2<br data-start=\"730\" data-end=\"733\" \/><strong data-start=\"733\" data-end=\"765\">Karakteristikat e terminals:<\/strong> Kapje kablli &gt; 50 N<br data-start=\"785\" data-end=\"788\" \/><strong data-start=\"788\" data-end=\"802\">Materiali:<\/strong> Teknopolimer<br data-start=\"815\" data-end=\"818\" \/><strong data-start=\"818\" data-end=\"829\">Ngjyra:<\/strong> E zez\u00eb<br data-start=\"836\" data-end=\"839\" \/><strong data-start=\"839\" data-end=\"852\">Standard:<\/strong> EN 60669-1<\/p>","protected":false},"excerpt":{"rendered":"<p>Seria: System BlackLloji: Nd\u00ebrprer\u00ebs nj\u00ebpol (1P), 16 AX, me lente neutral t\u00eb z\u00ebvend\u00eb\u00adshme dhe ndri\u00e7im (backlit) 230 V ACTensioni i pun\u00ebs: 250 V ACNumri i moduleve (EN 50022): 1Fuqi maksimale p\u00ebr llambat LED 230 V: 200 WRezistenca e izolimit: &gt; 5 M\u03a9Terminalet: Me vidaJet\u00ebgjat\u00ebsia e funksionimit (n\u00eb 250 V AC, cos \u03c6 = 0,6): 40.000 [&hellip;]<\/p>","protected":false},"featured_media":3066,"comment_status":"open","ping_status":"closed","template":"","meta":{"_acf_changed":false},"product_brand":[],"product_cat":[40,69],"product_tag":[],"class_list":{"0":"post-3065","1":"product","2":"type-product","3":"status-publish","4":"has-post-thumbnail","6":"product_cat-serite-civile","7":"product_cat-gewiss-system","9":"first","10":"instock","11":"shipping-taxable","12":"product-type-simple"},"acf":[],"_links":{"self":[{"href":"https:\/\/www.brikaelektrik.al\/al\/wp-json\/wp\/v2\/product\/3065","targetHints":{"allow":["GET"]}}],"collection":[{"href":"https:\/\/www.brikaelektrik.al\/al\/wp-json\/wp\/v2\/product"}],"about":[{"href":"https:\/\/www.brikaelektrik.al\/al\/wp-json\/wp\/v2\/types\/product"}],"replies":[{"embeddable":true,"href":"https:\/\/www.brikaelektrik.al\/al\/wp-json\/wp\/v2\/comments?post=3065"}],"wp:featuredmedia":[{"embeddable":true,"href":"https:\/\/www.brikaelektrik.al\/al\/wp-json\/wp\/v2\/media\/3066"}],"wp:attachment":[{"href":"https:\/\/www.brikaelektrik.al\/al\/wp-json\/wp\/v2\/media?parent=3065"}],"wp:term":[{"taxonomy":"product_brand","embeddable":true,"href":"https:\/\/www.brikaelektrik.al\/al\/wp-json\/wp\/v2\/product_brand?post=3065"},{"taxonomy":"product_cat","embeddable":true,"href":"https:\/\/www.brikaelektrik.al\/al\/wp-json\/wp\/v2\/product_cat?post=3065"},{"taxonomy":"product_tag","embeddable":true,"href":"https:\/\/www.brikaelektrik.al\/al\/wp-json\/wp\/v2\/product_tag?post=3065"}],"curies":[{"name":"wp","href":"https:\/\/api.w.org\/{rel}","templated":true}]}}