{"id":3069,"date":"2025-08-20T09:07:29","date_gmt":"2025-08-20T09:07:29","guid":{"rendered":"https:\/\/www.brikaelektrik.al\/?post_type=product&#038;p=3069"},"modified":"2025-08-20T09:07:29","modified_gmt":"2025-08-20T09:07:29","slug":"celes-deviat-i-zi","status":"publish","type":"product","link":"https:\/\/www.brikaelektrik.al\/al\/produkt\/celes-deviat-i-zi\/","title":{"rendered":"\u00c7EL\u00cbS DEVIAT I ZI"},"content":{"rendered":"<p><strong data-start=\"165\" data-end=\"175\">Seria:<\/strong> System Black<br data-start=\"188\" data-end=\"191\" \/><strong data-start=\"191\" data-end=\"201\">Lloji:<\/strong> Nd\u00ebrprer\u00ebs nj\u00ebpolak 1P me lente neutral t\u00eb z\u00ebvend\u00ad\u00eb\u00adsun dhe ndri\u00e7im (backlit) 230 V AC<br data-start=\"288\" data-end=\"291\" data-is-only-node=\"\" \/><strong data-start=\"291\" data-end=\"310\">Rryma nominale:<\/strong> 16 AX<br data-start=\"316\" data-end=\"319\" \/><strong data-start=\"319\" data-end=\"340\">Tensioni i pun\u00ebs:<\/strong> 250 V AC<br data-start=\"349\" data-end=\"352\" \/><strong data-start=\"352\" data-end=\"384\">Numri i moduleve (EN 50022):<\/strong> 1<br data-start=\"386\" data-end=\"389\" \/><strong data-start=\"389\" data-end=\"422\">Fuqi p\u00ebr llambat LED (230 V):<\/strong> 200 W<br data-start=\"428\" data-end=\"431\" \/><strong data-start=\"431\" data-end=\"457\">Rezistenca e izolimit:<\/strong> &gt; 5 M\u03a9<br data-start=\"464\" data-end=\"467\" \/><strong data-start=\"467\" data-end=\"482\">Terminalet:<\/strong> Me vida<br data-start=\"490\" data-end=\"493\" \/><strong data-start=\"493\" data-end=\"552\">Jet\u00ebgjat\u00ebsia e funksionimit (n\u00eb 250 V AC, cos \u03c6 = 0,6):<\/strong> 40 000 manovra<br data-start=\"567\" data-end=\"570\" \/><strong data-start=\"570\" data-end=\"593\">Test termik me top:<\/strong> 125 \u00b0C<br data-start=\"600\" data-end=\"603\" \/><strong data-start=\"603\" data-end=\"622\">Glow Wire Test:<\/strong> 850 \u00b0C<br data-start=\"629\" data-end=\"632\" \/><strong data-start=\"632\" data-end=\"663\">Kapacitet lidhjeje (telat):<\/strong> kabllo fleksib\u00ebl 0,75 \u2013 2\u00d74 mm\u00b2, i ngurt\u00eb 0,5 \u2013 2\u00d72,5 mm\u00b2<br data-start=\"721\" data-end=\"724\" \/><strong data-start=\"724\" data-end=\"743\">Kapje kabllo &gt;:<\/strong> 50 N<br data-start=\"748\" data-end=\"751\" \/><strong data-start=\"751\" data-end=\"765\">Materiali:<\/strong> Teknopolimer<br data-start=\"778\" data-end=\"781\" \/><strong data-start=\"781\" data-end=\"792\">Ngjyra:<\/strong> E zez\u00eb satin<br data-start=\"805\" data-end=\"808\" \/><strong data-start=\"808\" data-end=\"821\">Standard:<\/strong> EN 60669-1<\/p>","protected":false},"excerpt":{"rendered":"<p>Seria: System BlackLloji: Nd\u00ebrprer\u00ebs nj\u00ebpolak 1P me lente neutral t\u00eb z\u00ebvend\u00ad\u00eb\u00adsun dhe ndri\u00e7im (backlit) 230 V ACRryma nominale: 16 AXTensioni i pun\u00ebs: 250 V ACNumri i moduleve (EN 50022): 1Fuqi p\u00ebr llambat LED (230 V): 200 WRezistenca e izolimit: &gt; 5 M\u03a9Terminalet: Me vidaJet\u00ebgjat\u00ebsia e funksionimit (n\u00eb 250 V AC, cos \u03c6 = 0,6): 40 [&hellip;]<\/p>","protected":false},"featured_media":3071,"comment_status":"open","ping_status":"closed","template":"","meta":{"_acf_changed":false},"product_brand":[],"product_cat":[40,69],"product_tag":[],"class_list":{"0":"post-3069","1":"product","2":"type-product","3":"status-publish","4":"has-post-thumbnail","6":"product_cat-serite-civile","7":"product_cat-gewiss-system","9":"first","10":"instock","11":"shipping-taxable","12":"product-type-simple"},"acf":[],"_links":{"self":[{"href":"https:\/\/www.brikaelektrik.al\/al\/wp-json\/wp\/v2\/product\/3069","targetHints":{"allow":["GET"]}}],"collection":[{"href":"https:\/\/www.brikaelektrik.al\/al\/wp-json\/wp\/v2\/product"}],"about":[{"href":"https:\/\/www.brikaelektrik.al\/al\/wp-json\/wp\/v2\/types\/product"}],"replies":[{"embeddable":true,"href":"https:\/\/www.brikaelektrik.al\/al\/wp-json\/wp\/v2\/comments?post=3069"}],"wp:featuredmedia":[{"embeddable":true,"href":"https:\/\/www.brikaelektrik.al\/al\/wp-json\/wp\/v2\/media\/3071"}],"wp:attachment":[{"href":"https:\/\/www.brikaelektrik.al\/al\/wp-json\/wp\/v2\/media?parent=3069"}],"wp:term":[{"taxonomy":"product_brand","embeddable":true,"href":"https:\/\/www.brikaelektrik.al\/al\/wp-json\/wp\/v2\/product_brand?post=3069"},{"taxonomy":"product_cat","embeddable":true,"href":"https:\/\/www.brikaelektrik.al\/al\/wp-json\/wp\/v2\/product_cat?post=3069"},{"taxonomy":"product_tag","embeddable":true,"href":"https:\/\/www.brikaelektrik.al\/al\/wp-json\/wp\/v2\/product_tag?post=3069"}],"curies":[{"name":"wp","href":"https:\/\/api.w.org\/{rel}","templated":true}]}}