{"id":3075,"date":"2025-08-20T09:12:52","date_gmt":"2025-08-20T09:12:52","guid":{"rendered":"https:\/\/www.brikaelektrik.al\/?post_type=product&#038;p=3075"},"modified":"2025-08-20T09:12:52","modified_gmt":"2025-08-20T09:12:52","slug":"celes-me-drite-i-bardhe","status":"publish","type":"product","link":"https:\/\/www.brikaelektrik.al\/al\/produkt\/celes-me-drite-i-bardhe\/","title":{"rendered":"\u00c7EL\u00cbS ME DRIT\u00cb I BARDH\u00cb"},"content":{"rendered":"<p><strong data-start=\"151\" data-end=\"161\">Seria:<\/strong> System White<br data-start=\"174\" data-end=\"177\" \/><strong data-start=\"177\" data-end=\"187\">Lloji:<\/strong> Nd\u00ebrprer\u00ebs nj\u00ebpolak (1P) 16 AX me lente neutral t\u00eb z\u00ebvend\u00ebsuesh\u00ebm dhe ndri\u00e7im (backlit 230 V AC)<br data-start=\"284\" data-end=\"287\" data-is-only-node=\"\" \/><strong data-start=\"287\" data-end=\"308\">Tensioni i pun\u00ebs:<\/strong> 250 V AC<br data-start=\"317\" data-end=\"320\" \/><strong data-start=\"320\" data-end=\"352\">Numri i moduleve (EN 50022):<\/strong> 1<br data-start=\"354\" data-end=\"357\" \/><strong data-start=\"357\" data-end=\"379\">Nj\u00ebsi sinjalizimi:<\/strong> Miniatur\u00eb fluoreskuese 230 V AC 0.4 W (e kuqe)<br data-start=\"426\" data-end=\"429\" \/><strong data-start=\"429\" data-end=\"443\">Standardi:<\/strong> EN 60669-1<br data-start=\"454\" data-end=\"457\" \/><strong data-start=\"457\" data-end=\"495\">Rezistenca ndaj testit me tension:<\/strong> 2000 V AC (50 Hz, 1 minut\u00eb)<br data-start=\"523\" data-end=\"526\" \/><strong data-start=\"526\" data-end=\"568\">Fuqia maksimale p\u00ebr llambat LED 230 V:<\/strong> 200 W<br data-start=\"574\" data-end=\"577\" \/><strong data-start=\"577\" data-end=\"603\">Rezistenca e izolimit:<\/strong> &gt; 5 M\u03a9<br data-start=\"610\" data-end=\"613\" \/><strong data-start=\"613\" data-end=\"628\">Terminalet:<\/strong> Me vida<br data-start=\"636\" data-end=\"639\" \/><strong data-start=\"639\" data-end=\"683\">Jet\u00ebgjat\u00ebsia (n\u00eb 250 V AC, cos \u03c6 = 0.6):<\/strong> 40 000 manovra<br data-start=\"698\" data-end=\"701\" \/><strong data-start=\"701\" data-end=\"751\">Testi i termopresionit me top (Ball pressure):<\/strong> 125 \u00b0C<br data-start=\"758\" data-end=\"761\" \/><strong data-start=\"761\" data-end=\"781\">Testi Glow Wire:<\/strong> 850 \u00b0C<br data-start=\"788\" data-end=\"791\" \/><strong data-start=\"791\" data-end=\"808\">Kapja kablli:<\/strong> &gt; 50 N<br data-start=\"815\" data-end=\"818\" \/><strong data-start=\"818\" data-end=\"841\">Kapacitet lidhjeje:<\/strong><br data-start=\"841\" data-end=\"844\" \/>\u2022 Kabllo fleksib\u00ebl: 0,75 \u2013 2\u00d74 mm\u00b2<br data-start=\"880\" data-end=\"883\" \/>\u2022 Kabllo i ngurt\u00eb: 0,5 \u2013 2\u00d72,5 mm\u00b2<br data-start=\"919\" data-end=\"922\" \/><strong data-start=\"922\" data-end=\"936\">Materiali:<\/strong> Teknopolimer<br data-start=\"949\" data-end=\"952\" \/><strong data-start=\"952\" data-end=\"963\">Ngjyra:<\/strong> E bardh\u00eb me shk\u00eblqim<\/p>","protected":false},"excerpt":{"rendered":"<p>Seria: System WhiteLloji: Nd\u00ebrprer\u00ebs nj\u00ebpolak (1P) 16 AX me lente neutral t\u00eb z\u00ebvend\u00ebsuesh\u00ebm dhe ndri\u00e7im (backlit 230 V AC)Tensioni i pun\u00ebs: 250 V ACNumri i moduleve (EN 50022): 1Nj\u00ebsi sinjalizimi: Miniatur\u00eb fluoreskuese 230 V AC 0.4 W (e kuqe)Standardi: EN 60669-1Rezistenca ndaj testit me tension: 2000 V AC (50 Hz, 1 minut\u00eb)Fuqia maksimale p\u00ebr llambat [&hellip;]<\/p>","protected":false},"featured_media":3076,"comment_status":"open","ping_status":"closed","template":"","meta":{"_acf_changed":false},"product_brand":[],"product_cat":[40,69],"product_tag":[],"class_list":{"0":"post-3075","1":"product","2":"type-product","3":"status-publish","4":"has-post-thumbnail","6":"product_cat-serite-civile","7":"product_cat-gewiss-system","9":"first","10":"instock","11":"shipping-taxable","12":"product-type-simple"},"acf":[],"_links":{"self":[{"href":"https:\/\/www.brikaelektrik.al\/al\/wp-json\/wp\/v2\/product\/3075","targetHints":{"allow":["GET"]}}],"collection":[{"href":"https:\/\/www.brikaelektrik.al\/al\/wp-json\/wp\/v2\/product"}],"about":[{"href":"https:\/\/www.brikaelektrik.al\/al\/wp-json\/wp\/v2\/types\/product"}],"replies":[{"embeddable":true,"href":"https:\/\/www.brikaelektrik.al\/al\/wp-json\/wp\/v2\/comments?post=3075"}],"wp:featuredmedia":[{"embeddable":true,"href":"https:\/\/www.brikaelektrik.al\/al\/wp-json\/wp\/v2\/media\/3076"}],"wp:attachment":[{"href":"https:\/\/www.brikaelektrik.al\/al\/wp-json\/wp\/v2\/media?parent=3075"}],"wp:term":[{"taxonomy":"product_brand","embeddable":true,"href":"https:\/\/www.brikaelektrik.al\/al\/wp-json\/wp\/v2\/product_brand?post=3075"},{"taxonomy":"product_cat","embeddable":true,"href":"https:\/\/www.brikaelektrik.al\/al\/wp-json\/wp\/v2\/product_cat?post=3075"},{"taxonomy":"product_tag","embeddable":true,"href":"https:\/\/www.brikaelektrik.al\/al\/wp-json\/wp\/v2\/product_tag?post=3075"}],"curies":[{"name":"wp","href":"https:\/\/api.w.org\/{rel}","templated":true}]}}