{"id":3078,"date":"2025-08-20T09:15:41","date_gmt":"2025-08-20T09:15:41","guid":{"rendered":"https:\/\/www.brikaelektrik.al\/?post_type=product&#038;p=3078"},"modified":"2025-08-20T09:15:41","modified_gmt":"2025-08-20T09:15:41","slug":"celes-deviat","status":"publish","type":"product","link":"https:\/\/www.brikaelektrik.al\/al\/produkt\/celes-deviat\/","title":{"rendered":"\u00c7EL\u00cbS DEVIAT"},"content":{"rendered":"<p><strong data-start=\"168\" data-end=\"178\">Seria:<\/strong> System White<br data-start=\"191\" data-end=\"194\" \/><strong data-start=\"194\" data-end=\"204\">Lloji:<\/strong> Nd\u00ebrprer\u00ebs dy-drejtim\u00ebsh 1P me neutral<br data-start=\"243\" data-end=\"246\" data-is-only-node=\"\" \/><strong data-start=\"246\" data-end=\"265\">Rryma nominale:<\/strong> 16 AX<br data-start=\"271\" data-end=\"274\" \/><strong data-start=\"274\" data-end=\"295\">Tensioni i pun\u00ebs:<\/strong> 250 V AC<br data-start=\"304\" data-end=\"307\" \/><strong data-start=\"307\" data-end=\"339\">Numri i moduleve (EN 50022):<\/strong> 1<br data-start=\"341\" data-end=\"344\" \/><strong data-start=\"344\" data-end=\"358\">Standardi:<\/strong> EN 60669-1<br data-start=\"369\" data-end=\"372\" \/><strong data-start=\"372\" data-end=\"392\">Test me tension:<\/strong> 2000 V AC, 1 min n\u00eb 50 Hz<br data-start=\"418\" data-end=\"421\" \/><strong data-start=\"421\" data-end=\"447\">Fuqia p\u00ebr llambat LED:<\/strong> 200 W (230 V)<br data-start=\"461\" data-end=\"464\" \/><strong data-start=\"464\" data-end=\"490\">Rezistenca e izolimit:<\/strong> &gt; 5 M\u03a9<br data-start=\"497\" data-end=\"500\" \/><strong data-start=\"500\" data-end=\"515\">Terminalet:<\/strong> Me vida<br data-start=\"523\" data-end=\"526\" \/><strong data-start=\"526\" data-end=\"543\">Jet\u00ebgjat\u00ebsia:<\/strong> 40 000 manovra (250 V AC, cos \u03c6 = 0,6)<br data-start=\"582\" data-end=\"585\" \/><strong data-start=\"585\" data-end=\"621\">Thermo-pressure (Ball pressure):<\/strong> 125 \u00b0C<br data-start=\"628\" data-end=\"631\" \/><strong data-start=\"631\" data-end=\"650\">Glow Wire Test:<\/strong> 850 \u00b0C<br data-start=\"657\" data-end=\"660\" \/><strong data-start=\"660\" data-end=\"677\">Kapja kablli:<\/strong> &gt; 50 N<br data-start=\"684\" data-end=\"687\" \/><strong data-start=\"687\" data-end=\"710\">Kapacitet lidhjeje:<\/strong> kabllo fleksib\u00ebl 0,75\u20132\u00d74 mm\u00b2; e ngurt\u00eb 0,5\u20132\u00d72,5 mm\u00b2<br data-start=\"764\" data-end=\"767\" \/><strong data-start=\"767\" data-end=\"781\">Materiali:<\/strong> Teknopolimer<br data-start=\"794\" data-end=\"797\" \/><strong data-start=\"797\" data-end=\"808\">Ngjyra:<\/strong> E bardh\u00eb me shk\u00eblqim<\/p>","protected":false},"excerpt":{"rendered":"<p>Seria: System WhiteLloji: Nd\u00ebrprer\u00ebs dy-drejtim\u00ebsh 1P me neutralRryma nominale: 16 AXTensioni i pun\u00ebs: 250 V ACNumri i moduleve (EN 50022): 1Standardi: EN 60669-1Test me tension: 2000 V AC, 1 min n\u00eb 50 HzFuqia p\u00ebr llambat LED: 200 W (230 V)Rezistenca e izolimit: &gt; 5 M\u03a9Terminalet: Me vidaJet\u00ebgjat\u00ebsia: 40 000 manovra (250 V AC, cos \u03c6 [&hellip;]<\/p>","protected":false},"featured_media":3079,"comment_status":"open","ping_status":"closed","template":"","meta":{"_acf_changed":false},"product_brand":[],"product_cat":[40,69],"product_tag":[],"class_list":{"0":"post-3078","1":"product","2":"type-product","3":"status-publish","4":"has-post-thumbnail","6":"product_cat-serite-civile","7":"product_cat-gewiss-system","9":"first","10":"instock","11":"shipping-taxable","12":"product-type-simple"},"acf":[],"_links":{"self":[{"href":"https:\/\/www.brikaelektrik.al\/al\/wp-json\/wp\/v2\/product\/3078","targetHints":{"allow":["GET"]}}],"collection":[{"href":"https:\/\/www.brikaelektrik.al\/al\/wp-json\/wp\/v2\/product"}],"about":[{"href":"https:\/\/www.brikaelektrik.al\/al\/wp-json\/wp\/v2\/types\/product"}],"replies":[{"embeddable":true,"href":"https:\/\/www.brikaelektrik.al\/al\/wp-json\/wp\/v2\/comments?post=3078"}],"wp:featuredmedia":[{"embeddable":true,"href":"https:\/\/www.brikaelektrik.al\/al\/wp-json\/wp\/v2\/media\/3079"}],"wp:attachment":[{"href":"https:\/\/www.brikaelektrik.al\/al\/wp-json\/wp\/v2\/media?parent=3078"}],"wp:term":[{"taxonomy":"product_brand","embeddable":true,"href":"https:\/\/www.brikaelektrik.al\/al\/wp-json\/wp\/v2\/product_brand?post=3078"},{"taxonomy":"product_cat","embeddable":true,"href":"https:\/\/www.brikaelektrik.al\/al\/wp-json\/wp\/v2\/product_cat?post=3078"},{"taxonomy":"product_tag","embeddable":true,"href":"https:\/\/www.brikaelektrik.al\/al\/wp-json\/wp\/v2\/product_tag?post=3078"}],"curies":[{"name":"wp","href":"https:\/\/api.w.org\/{rel}","templated":true}]}}