{"id":3081,"date":"2025-08-20T09:25:03","date_gmt":"2025-08-20T09:25:03","guid":{"rendered":"https:\/\/www.brikaelektrik.al\/?post_type=product&#038;p=3081"},"modified":"2025-08-20T09:25:03","modified_gmt":"2025-08-20T09:25:03","slug":"celes-invertitor","status":"publish","type":"product","link":"https:\/\/www.brikaelektrik.al\/al\/produkt\/celes-invertitor\/","title":{"rendered":"\u00c7EL\u00cbS INVERTITOR"},"content":{"rendered":"<p><strong data-start=\"173\" data-end=\"183\">Seria:<\/strong> System White<br data-start=\"196\" data-end=\"199\" \/><strong data-start=\"199\" data-end=\"209\">Lloji:<\/strong> Nd\u00ebrrues nd\u00ebrmjet\u00ebs (invertitore) nj\u00ebpolak (1P) me neutral<br data-start=\"268\" data-end=\"271\" data-is-only-node=\"\" \/><strong data-start=\"271\" data-end=\"290\">Rryma nominale:<\/strong> 16 AX<br data-start=\"296\" data-end=\"299\" \/><strong data-start=\"299\" data-end=\"320\">Tensioni i pun\u00ebs:<\/strong> 250 V AC<br data-start=\"329\" data-end=\"332\" \/><strong data-start=\"332\" data-end=\"364\">Numri i moduleve (EN 50022):<\/strong> 1<br data-start=\"366\" data-end=\"369\" \/><strong data-start=\"369\" data-end=\"383\">Standardi:<\/strong> EN 60669-1<br data-start=\"394\" data-end=\"397\" \/><strong data-start=\"397\" data-end=\"423\">Rezistenca e izolimit:<\/strong> &gt; 5 M\u03a9<br data-start=\"430\" data-end=\"433\" \/><strong data-start=\"433\" data-end=\"448\">Terminalet:<\/strong> Me vida, kapje kablli &gt; 50 N<br data-start=\"477\" data-end=\"480\" \/><strong data-start=\"480\" data-end=\"503\">Kapacitet lidhjeje:<\/strong> kabllo fleksib\u00ebl 0,75\u20132\u00d74 mm\u00b2; e ngurt\u00eb 0,5\u20132\u00d72,5 mm\u00b2<br data-start=\"557\" data-end=\"560\" \/><strong data-start=\"560\" data-end=\"590\">Jet\u00ebgjat\u00ebsia operacionale:<\/strong> 40 000 manovra (250 V AC, cos \u03c6 = 0,6)<br data-start=\"629\" data-end=\"632\" \/><strong data-start=\"632\" data-end=\"671\">Test termik me top (Ball pressure):<\/strong> 125 \u00b0C<br data-start=\"678\" data-end=\"681\" \/><strong data-start=\"681\" data-end=\"700\">Glow Wire Test:<\/strong> 850 \u00b0C<br data-start=\"707\" data-end=\"710\" \/><strong data-start=\"710\" data-end=\"742\">Fuqia p\u00ebr llambat LED 230 V:<\/strong> 200 W<br data-start=\"748\" data-end=\"751\" \/><strong data-start=\"751\" data-end=\"765\">Materiali:<\/strong> Teknopolimer<br data-start=\"778\" data-end=\"781\" \/><strong data-start=\"781\" data-end=\"792\">Ngjyra:<\/strong> E bardh\u00eb me shk\u00eblqim<\/p>","protected":false},"excerpt":{"rendered":"<p>Seria: System WhiteLloji: Nd\u00ebrrues nd\u00ebrmjet\u00ebs (invertitore) nj\u00ebpolak (1P) me neutralRryma nominale: 16 AXTensioni i pun\u00ebs: 250 V ACNumri i moduleve (EN 50022): 1Standardi: EN 60669-1Rezistenca e izolimit: &gt; 5 M\u03a9Terminalet: Me vida, kapje kablli &gt; 50 NKapacitet lidhjeje: kabllo fleksib\u00ebl 0,75\u20132\u00d74 mm\u00b2; e ngurt\u00eb 0,5\u20132\u00d72,5 mm\u00b2Jet\u00ebgjat\u00ebsia operacionale: 40 000 manovra (250 V AC, cos \u03c6 [&hellip;]<\/p>","protected":false},"featured_media":3082,"comment_status":"open","ping_status":"closed","template":"","meta":{"_acf_changed":false},"product_brand":[],"product_cat":[40,69],"product_tag":[],"class_list":{"0":"post-3081","1":"product","2":"type-product","3":"status-publish","4":"has-post-thumbnail","6":"product_cat-serite-civile","7":"product_cat-gewiss-system","9":"first","10":"instock","11":"shipping-taxable","12":"product-type-simple"},"acf":[],"_links":{"self":[{"href":"https:\/\/www.brikaelektrik.al\/al\/wp-json\/wp\/v2\/product\/3081","targetHints":{"allow":["GET"]}}],"collection":[{"href":"https:\/\/www.brikaelektrik.al\/al\/wp-json\/wp\/v2\/product"}],"about":[{"href":"https:\/\/www.brikaelektrik.al\/al\/wp-json\/wp\/v2\/types\/product"}],"replies":[{"embeddable":true,"href":"https:\/\/www.brikaelektrik.al\/al\/wp-json\/wp\/v2\/comments?post=3081"}],"wp:featuredmedia":[{"embeddable":true,"href":"https:\/\/www.brikaelektrik.al\/al\/wp-json\/wp\/v2\/media\/3082"}],"wp:attachment":[{"href":"https:\/\/www.brikaelektrik.al\/al\/wp-json\/wp\/v2\/media?parent=3081"}],"wp:term":[{"taxonomy":"product_brand","embeddable":true,"href":"https:\/\/www.brikaelektrik.al\/al\/wp-json\/wp\/v2\/product_brand?post=3081"},{"taxonomy":"product_cat","embeddable":true,"href":"https:\/\/www.brikaelektrik.al\/al\/wp-json\/wp\/v2\/product_cat?post=3081"},{"taxonomy":"product_tag","embeddable":true,"href":"https:\/\/www.brikaelektrik.al\/al\/wp-json\/wp\/v2\/product_tag?post=3081"}],"curies":[{"name":"wp","href":"https:\/\/api.w.org\/{rel}","templated":true}]}}