{"id":3087,"date":"2025-08-20T09:37:12","date_gmt":"2025-08-20T09:37:12","guid":{"rendered":"https:\/\/www.brikaelektrik.al\/?post_type=product&#038;p=3087"},"modified":"2025-08-20T09:37:12","modified_gmt":"2025-08-20T09:37:12","slug":"kapak-suport-hermetik-3p-ip65-i-zi","status":"publish","type":"product","link":"https:\/\/www.brikaelektrik.al\/al\/produkt\/kapak-suport-hermetik-3p-ip65-i-zi\/","title":{"rendered":"KAPAK + SUPORT HERMETIK 3P IP65 I ZI"},"content":{"rendered":"<p><strong data-start=\"140\" data-end=\"150\">Seria:<\/strong> System<br data-start=\"157\" data-end=\"160\" \/><strong data-start=\"160\" data-end=\"170\">Lloji:<\/strong> Pllak\u00eb e pap\u00ebrshkueshme nga uji, vet\u00eb-mb\u00ebshtet\u00ebse, p\u00ebr 3 module<br data-start=\"234\" data-end=\"237\" data-is-only-node=\"\" \/><strong data-start=\"237\" data-end=\"248\">Ngjyra:<\/strong> E zez\u00eb me shk\u00eblqim<br data-start=\"267\" data-end=\"270\" \/><strong data-start=\"270\" data-end=\"284\">Materiali:<\/strong> Teknopolimer<br data-start=\"297\" data-end=\"300\" \/><strong data-start=\"300\" data-end=\"313\">Mbrojtja:<\/strong> IP65 (me mbules\u00ebn mbyllur)<br data-start=\"340\" data-end=\"343\" \/><strong data-start=\"343\" data-end=\"354\">Kapaku:<\/strong> Me membran\u00eb transparente<br data-start=\"379\" data-end=\"382\" \/><strong data-start=\"382\" data-end=\"393\">Tjet\u00ebr:<\/strong> Me dorez\u00eb ergonomike p\u00ebr hapje t\u00eb leht\u00eb, me vul\u00eb gome shum\u00eb e zgjatur<br data-start=\"463\" data-end=\"466\" \/><strong data-start=\"466\" data-end=\"478\">Fiksimi:<\/strong> 2 vida galvanizuar 6\/32 \u00d7 18 mm; p\u00ebr kutin\u00eb p\u00ebr montim t\u00eb nd\u00ebrlikuar (path)<br data-start=\"554\" data-end=\"557\" \/><strong data-start=\"557\" data-end=\"576\">Test glow wire:<\/strong> 650 \u00b0C<br data-start=\"583\" data-end=\"586\" \/><strong data-start=\"586\" data-end=\"616\">Testa termopresion me top:<\/strong> 70 \u00b0C<br data-start=\"622\" data-end=\"625\" \/><strong data-start=\"625\" data-end=\"639\">Standardi:<\/strong> EN 60669-1<br data-start=\"650\" data-end=\"653\" \/><strong data-start=\"653\" data-end=\"677\">Temperatura e pun\u00ebs:<\/strong> \u201325 \u00b0C deri +60 \u00b0C<br data-start=\"696\" data-end=\"699\" \/><strong data-start=\"699\" data-end=\"722\">Rezistenc\u00eb ndaj UV:<\/strong> Po (ISO 4892-2)<br data-start=\"738\" data-end=\"741\" \/><strong data-start=\"741\" data-end=\"771\">Hapja maksimale e kapakut:<\/strong> 100\u00b0<\/p>","protected":false},"excerpt":{"rendered":"<p>Seria: SystemLloji: Pllak\u00eb e pap\u00ebrshkueshme nga uji, vet\u00eb-mb\u00ebshtet\u00ebse, p\u00ebr 3 moduleNgjyra: E zez\u00eb me shk\u00eblqimMateriali: TeknopolimerMbrojtja: IP65 (me mbules\u00ebn mbyllur)Kapaku: Me membran\u00eb transparenteTjet\u00ebr: Me dorez\u00eb ergonomike p\u00ebr hapje t\u00eb leht\u00eb, me vul\u00eb gome shum\u00eb e zgjaturFiksimi: 2 vida galvanizuar 6\/32 \u00d7 18 mm; p\u00ebr kutin\u00eb p\u00ebr montim t\u00eb nd\u00ebrlikuar (path)Test glow wire: 650 \u00b0CTesta termopresion [&hellip;]<\/p>","protected":false},"featured_media":3088,"comment_status":"open","ping_status":"closed","template":"","meta":{"_acf_changed":false},"product_brand":[],"product_cat":[40,69],"product_tag":[],"class_list":{"0":"post-3087","1":"product","2":"type-product","3":"status-publish","4":"has-post-thumbnail","6":"product_cat-serite-civile","7":"product_cat-gewiss-system","9":"first","10":"instock","11":"shipping-taxable","12":"product-type-simple"},"acf":[],"_links":{"self":[{"href":"https:\/\/www.brikaelektrik.al\/al\/wp-json\/wp\/v2\/product\/3087","targetHints":{"allow":["GET"]}}],"collection":[{"href":"https:\/\/www.brikaelektrik.al\/al\/wp-json\/wp\/v2\/product"}],"about":[{"href":"https:\/\/www.brikaelektrik.al\/al\/wp-json\/wp\/v2\/types\/product"}],"replies":[{"embeddable":true,"href":"https:\/\/www.brikaelektrik.al\/al\/wp-json\/wp\/v2\/comments?post=3087"}],"wp:featuredmedia":[{"embeddable":true,"href":"https:\/\/www.brikaelektrik.al\/al\/wp-json\/wp\/v2\/media\/3088"}],"wp:attachment":[{"href":"https:\/\/www.brikaelektrik.al\/al\/wp-json\/wp\/v2\/media?parent=3087"}],"wp:term":[{"taxonomy":"product_brand","embeddable":true,"href":"https:\/\/www.brikaelektrik.al\/al\/wp-json\/wp\/v2\/product_brand?post=3087"},{"taxonomy":"product_cat","embeddable":true,"href":"https:\/\/www.brikaelektrik.al\/al\/wp-json\/wp\/v2\/product_cat?post=3087"},{"taxonomy":"product_tag","embeddable":true,"href":"https:\/\/www.brikaelektrik.al\/al\/wp-json\/wp\/v2\/product_tag?post=3087"}],"curies":[{"name":"wp","href":"https:\/\/api.w.org\/{rel}","templated":true}]}}