{"id":3090,"date":"2025-08-20T09:44:36","date_gmt":"2025-08-20T09:44:36","guid":{"rendered":"https:\/\/www.brikaelektrik.al\/?post_type=product&#038;p=3090"},"modified":"2025-08-20T09:44:36","modified_gmt":"2025-08-20T09:44:36","slug":"kapak-3-poste-i-bardhe","status":"publish","type":"product","link":"https:\/\/www.brikaelektrik.al\/al\/produkt\/kapak-3-poste-i-bardhe\/","title":{"rendered":"KAPAK 3 POSTE I BARDH\u00cb"},"content":{"rendered":"<p><strong data-start=\"211\" data-end=\"221\">Seria:<\/strong> System<br data-start=\"228\" data-end=\"231\" \/><strong data-start=\"231\" data-end=\"241\">Lloji:<\/strong> Pllak\u00eb dekorative p\u00ebr 3 module<br data-start=\"272\" data-end=\"275\" \/><strong data-start=\"275\" data-end=\"285\" data-is-only-node=\"\">Forma:<\/strong> Virna (moderne, me p\u00ebrfundim t\u00eb shk\u00eblqyer)<br data-start=\"328\" data-end=\"331\" \/><strong data-start=\"331\" data-end=\"342\">Ngjyra:<\/strong> E bardh\u00eb (Cloud White)<br data-start=\"365\" data-end=\"368\" \/><strong data-start=\"368\" data-end=\"382\">Materiali:<\/strong> Teknopolimer<br data-start=\"395\" data-end=\"398\" \/><strong data-start=\"398\" data-end=\"410\">Mbarimi:<\/strong> Shk\u00eblqim i lart\u00eb<br data-start=\"427\" data-end=\"430\" \/><strong data-start=\"482\" data-end=\"503\">Numri i moduleve:<\/strong> 3<br data-start=\"505\" data-end=\"508\" \/><strong data-start=\"508\" data-end=\"522\">Standardi:<\/strong> CE i certifikuar<\/p>","protected":false},"excerpt":{"rendered":"<p>Seria: SystemLloji: Pllak\u00eb dekorative p\u00ebr 3 moduleForma: Virna (moderne, me p\u00ebrfundim t\u00eb shk\u00eblqyer)Ngjyra: E bardh\u00eb (Cloud White)Materiali: TeknopolimerMbarimi: Shk\u00eblqim i lart\u00ebNumri i moduleve: 3Standardi: CE i certifikuar<\/p>","protected":false},"featured_media":3091,"comment_status":"open","ping_status":"closed","template":"","meta":{"_acf_changed":false},"product_brand":[],"product_cat":[40,69],"product_tag":[],"class_list":{"0":"post-3090","1":"product","2":"type-product","3":"status-publish","4":"has-post-thumbnail","6":"product_cat-serite-civile","7":"product_cat-gewiss-system","9":"first","10":"instock","11":"shipping-taxable","12":"product-type-simple"},"acf":[],"_links":{"self":[{"href":"https:\/\/www.brikaelektrik.al\/al\/wp-json\/wp\/v2\/product\/3090","targetHints":{"allow":["GET"]}}],"collection":[{"href":"https:\/\/www.brikaelektrik.al\/al\/wp-json\/wp\/v2\/product"}],"about":[{"href":"https:\/\/www.brikaelektrik.al\/al\/wp-json\/wp\/v2\/types\/product"}],"replies":[{"embeddable":true,"href":"https:\/\/www.brikaelektrik.al\/al\/wp-json\/wp\/v2\/comments?post=3090"}],"wp:featuredmedia":[{"embeddable":true,"href":"https:\/\/www.brikaelektrik.al\/al\/wp-json\/wp\/v2\/media\/3091"}],"wp:attachment":[{"href":"https:\/\/www.brikaelektrik.al\/al\/wp-json\/wp\/v2\/media?parent=3090"}],"wp:term":[{"taxonomy":"product_brand","embeddable":true,"href":"https:\/\/www.brikaelektrik.al\/al\/wp-json\/wp\/v2\/product_brand?post=3090"},{"taxonomy":"product_cat","embeddable":true,"href":"https:\/\/www.brikaelektrik.al\/al\/wp-json\/wp\/v2\/product_cat?post=3090"},{"taxonomy":"product_tag","embeddable":true,"href":"https:\/\/www.brikaelektrik.al\/al\/wp-json\/wp\/v2\/product_tag?post=3090"}],"curies":[{"name":"wp","href":"https:\/\/api.w.org\/{rel}","templated":true}]}}