{"id":3092,"date":"2025-08-20T09:47:24","date_gmt":"2025-08-20T09:47:24","guid":{"rendered":"https:\/\/www.brikaelektrik.al\/?post_type=product&#038;p=3092"},"modified":"2025-08-20T09:47:24","modified_gmt":"2025-08-20T09:47:24","slug":"kapak-3p-i-zi","status":"publish","type":"product","link":"https:\/\/www.brikaelektrik.al\/al\/produkt\/kapak-3p-i-zi\/","title":{"rendered":"KAPAK 3P I ZI"},"content":{"rendered":"<p><strong data-start=\"157\" data-end=\"167\">Seria:<\/strong> System<br data-start=\"174\" data-end=\"177\" \/><strong data-start=\"177\" data-end=\"187\">Lloji:<\/strong> Pllak\u00eb dekorative p\u00ebr 3 module<br data-start=\"218\" data-end=\"221\" data-is-only-node=\"\" \/><strong data-start=\"221\" data-end=\"231\">Forma:<\/strong> Virna (moderne, me p\u00ebrfundim t\u00eb shk\u00eblqyer)<br data-start=\"274\" data-end=\"277\" \/><strong data-start=\"277\" data-end=\"288\">Ngjyra:<\/strong> E zez\u00eb (Nero Toner)<br data-start=\"308\" data-end=\"311\" \/><strong data-start=\"311\" data-end=\"325\">Materiali:<\/strong> Teknopolimer<br data-start=\"338\" data-end=\"341\" \/><strong data-start=\"341\" data-end=\"353\">Mbarimi:<\/strong> Shk\u00eblqim i lart\u00eb<br data-start=\"422\" data-end=\"425\" \/><strong data-start=\"425\" data-end=\"446\">Numri i moduleve:<\/strong> 3<br data-start=\"448\" data-end=\"451\" \/><strong data-start=\"451\" data-end=\"465\">Standardi:<\/strong> CE i certifikuar<\/p>","protected":false},"excerpt":{"rendered":"<p>Seria: SystemLloji: Pllak\u00eb dekorative p\u00ebr 3 moduleForma: Virna (moderne, me p\u00ebrfundim t\u00eb shk\u00eblqyer)Ngjyra: E zez\u00eb (Nero Toner)Materiali: TeknopolimerMbarimi: Shk\u00eblqim i lart\u00ebNumri i moduleve: 3Standardi: CE i certifikuar<\/p>","protected":false},"featured_media":3093,"comment_status":"open","ping_status":"closed","template":"","meta":{"_acf_changed":false},"product_brand":[],"product_cat":[40,69],"product_tag":[],"class_list":{"0":"post-3092","1":"product","2":"type-product","3":"status-publish","4":"has-post-thumbnail","6":"product_cat-serite-civile","7":"product_cat-gewiss-system","9":"first","10":"instock","11":"shipping-taxable","12":"product-type-simple"},"acf":[],"_links":{"self":[{"href":"https:\/\/www.brikaelektrik.al\/al\/wp-json\/wp\/v2\/product\/3092","targetHints":{"allow":["GET"]}}],"collection":[{"href":"https:\/\/www.brikaelektrik.al\/al\/wp-json\/wp\/v2\/product"}],"about":[{"href":"https:\/\/www.brikaelektrik.al\/al\/wp-json\/wp\/v2\/types\/product"}],"replies":[{"embeddable":true,"href":"https:\/\/www.brikaelektrik.al\/al\/wp-json\/wp\/v2\/comments?post=3092"}],"wp:featuredmedia":[{"embeddable":true,"href":"https:\/\/www.brikaelektrik.al\/al\/wp-json\/wp\/v2\/media\/3093"}],"wp:attachment":[{"href":"https:\/\/www.brikaelektrik.al\/al\/wp-json\/wp\/v2\/media?parent=3092"}],"wp:term":[{"taxonomy":"product_brand","embeddable":true,"href":"https:\/\/www.brikaelektrik.al\/al\/wp-json\/wp\/v2\/product_brand?post=3092"},{"taxonomy":"product_cat","embeddable":true,"href":"https:\/\/www.brikaelektrik.al\/al\/wp-json\/wp\/v2\/product_cat?post=3092"},{"taxonomy":"product_tag","embeddable":true,"href":"https:\/\/www.brikaelektrik.al\/al\/wp-json\/wp\/v2\/product_tag?post=3092"}],"curies":[{"name":"wp","href":"https:\/\/api.w.org\/{rel}","templated":true}]}}