{"id":3094,"date":"2025-08-20T09:57:03","date_gmt":"2025-08-20T09:57:03","guid":{"rendered":"https:\/\/www.brikaelektrik.al\/?post_type=product&#038;p=3094"},"modified":"2025-08-20T09:57:03","modified_gmt":"2025-08-20T09:57:03","slug":"kapak-3p-i-kuq","status":"publish","type":"product","link":"https:\/\/www.brikaelektrik.al\/al\/produkt\/kapak-3p-i-kuq\/","title":{"rendered":"KAPAK 3P I KUQ"},"content":{"rendered":"<p><strong data-start=\"156\" data-end=\"166\">Seria:<\/strong> System<br data-start=\"173\" data-end=\"176\" \/><strong data-start=\"176\" data-end=\"186\">Lloji:<\/strong> Pllak\u00eb dekorative Virna p\u00ebr 3 module<br data-start=\"223\" data-end=\"226\" data-is-only-node=\"\" \/><strong data-start=\"226\" data-end=\"237\">Ngjyra:<\/strong> E kuqe geranium (Geranium Red)<br data-start=\"268\" data-end=\"271\" \/><strong data-start=\"271\" data-end=\"285\">Materiali:<\/strong> Teknopolimer me p\u00ebrfundim me shk\u00eblqim<br data-start=\"323\" data-end=\"326\" \/><strong data-start=\"326\" data-end=\"336\">Forma:<\/strong> Virna (moderne, me p\u00ebrfundim t\u00eb shk\u00eblqyer)<br data-start=\"431\" data-end=\"434\" \/><strong data-start=\"434\" data-end=\"455\">Numri i moduleve:<\/strong> 3<br data-start=\"457\" data-end=\"460\" \/><strong data-start=\"460\" data-end=\"474\">Standardi:<\/strong> CE i certifikuar<\/p>","protected":false},"excerpt":{"rendered":"<p>Seria: SystemLloji: Pllak\u00eb dekorative Virna p\u00ebr 3 moduleNgjyra: E kuqe geranium (Geranium Red)Materiali: Teknopolimer me p\u00ebrfundim me shk\u00eblqimForma: Virna (moderne, me p\u00ebrfundim t\u00eb shk\u00eblqyer)Numri i moduleve: 3Standardi: CE i certifikuar<\/p>","protected":false},"featured_media":3095,"comment_status":"open","ping_status":"closed","template":"","meta":{"_acf_changed":false},"product_brand":[],"product_cat":[40,69],"product_tag":[],"class_list":{"0":"post-3094","1":"product","2":"type-product","3":"status-publish","4":"has-post-thumbnail","6":"product_cat-serite-civile","7":"product_cat-gewiss-system","9":"first","10":"instock","11":"shipping-taxable","12":"product-type-simple"},"acf":[],"_links":{"self":[{"href":"https:\/\/www.brikaelektrik.al\/al\/wp-json\/wp\/v2\/product\/3094","targetHints":{"allow":["GET"]}}],"collection":[{"href":"https:\/\/www.brikaelektrik.al\/al\/wp-json\/wp\/v2\/product"}],"about":[{"href":"https:\/\/www.brikaelektrik.al\/al\/wp-json\/wp\/v2\/types\/product"}],"replies":[{"embeddable":true,"href":"https:\/\/www.brikaelektrik.al\/al\/wp-json\/wp\/v2\/comments?post=3094"}],"wp:featuredmedia":[{"embeddable":true,"href":"https:\/\/www.brikaelektrik.al\/al\/wp-json\/wp\/v2\/media\/3095"}],"wp:attachment":[{"href":"https:\/\/www.brikaelektrik.al\/al\/wp-json\/wp\/v2\/media?parent=3094"}],"wp:term":[{"taxonomy":"product_brand","embeddable":true,"href":"https:\/\/www.brikaelektrik.al\/al\/wp-json\/wp\/v2\/product_brand?post=3094"},{"taxonomy":"product_cat","embeddable":true,"href":"https:\/\/www.brikaelektrik.al\/al\/wp-json\/wp\/v2\/product_cat?post=3094"},{"taxonomy":"product_tag","embeddable":true,"href":"https:\/\/www.brikaelektrik.al\/al\/wp-json\/wp\/v2\/product_tag?post=3094"}],"curies":[{"name":"wp","href":"https:\/\/api.w.org\/{rel}","templated":true}]}}