{"id":3096,"date":"2025-08-20T10:04:48","date_gmt":"2025-08-20T10:04:48","guid":{"rendered":"https:\/\/www.brikaelektrik.al\/?post_type=product&#038;p=3096"},"modified":"2025-08-20T10:04:48","modified_gmt":"2025-08-20T10:04:48","slug":"kapak-4-poste-i-bardhe","status":"publish","type":"product","link":"https:\/\/www.brikaelektrik.al\/al\/produkt\/kapak-4-poste-i-bardhe\/","title":{"rendered":"KAPAK 4 POSTE I BARDH\u00cb"},"content":{"rendered":"<p><strong data-start=\"169\" data-end=\"179\">Seria:<\/strong> System<br data-start=\"186\" data-end=\"189\" \/><strong data-start=\"189\" data-end=\"199\" data-is-only-node=\"\">Lloji:<\/strong> Pllak\u00eb dekorative p\u00ebr 4 module<br data-start=\"230\" data-end=\"233\" \/><strong data-start=\"233\" data-end=\"244\">Ngjyra:<\/strong> E bardh\u00eb<br data-start=\"253\" data-end=\"256\" \/><strong data-start=\"256\" data-end=\"270\">Materiali:<\/strong> Teknopolimer<br data-start=\"283\" data-end=\"286\" \/><strong data-start=\"286\" data-end=\"296\">Forma:<\/strong> Virna moderne me p\u00ebrfundim me shk\u00eblqim<br data-start=\"335\" data-end=\"338\" \/><strong data-start=\"390\" data-end=\"411\">Numri i moduleve:<\/strong> 4<br data-start=\"413\" data-end=\"416\" \/><strong data-start=\"416\" data-end=\"430\">Standardi:<\/strong> CE i certifikuar<br data-start=\"447\" data-end=\"450\" \/><strong data-start=\"450\" data-end=\"463\">P\u00ebrmasat:<\/strong> Gjer\u00ebsia 139,6 mm Lart\u00ebsia 80 mm Thell\u00ebsia 9,5 mm<\/p>","protected":false},"excerpt":{"rendered":"<p>Seria: SystemLloji: Pllak\u00eb dekorative p\u00ebr 4 moduleNgjyra: E bardh\u00ebMateriali: TeknopolimerForma: Virna moderne me p\u00ebrfundim me shk\u00eblqimNumri i moduleve: 4Standardi: CE i certifikuarP\u00ebrmasat: Gjer\u00ebsia 139,6 mm Lart\u00ebsia 80 mm Thell\u00ebsia 9,5 mm<\/p>","protected":false},"featured_media":3097,"comment_status":"open","ping_status":"closed","template":"","meta":{"_acf_changed":false},"product_brand":[],"product_cat":[40,69],"product_tag":[],"class_list":{"0":"post-3096","1":"product","2":"type-product","3":"status-publish","4":"has-post-thumbnail","6":"product_cat-serite-civile","7":"product_cat-gewiss-system","9":"first","10":"instock","11":"shipping-taxable","12":"product-type-simple"},"acf":[],"_links":{"self":[{"href":"https:\/\/www.brikaelektrik.al\/al\/wp-json\/wp\/v2\/product\/3096","targetHints":{"allow":["GET"]}}],"collection":[{"href":"https:\/\/www.brikaelektrik.al\/al\/wp-json\/wp\/v2\/product"}],"about":[{"href":"https:\/\/www.brikaelektrik.al\/al\/wp-json\/wp\/v2\/types\/product"}],"replies":[{"embeddable":true,"href":"https:\/\/www.brikaelektrik.al\/al\/wp-json\/wp\/v2\/comments?post=3096"}],"wp:featuredmedia":[{"embeddable":true,"href":"https:\/\/www.brikaelektrik.al\/al\/wp-json\/wp\/v2\/media\/3097"}],"wp:attachment":[{"href":"https:\/\/www.brikaelektrik.al\/al\/wp-json\/wp\/v2\/media?parent=3096"}],"wp:term":[{"taxonomy":"product_brand","embeddable":true,"href":"https:\/\/www.brikaelektrik.al\/al\/wp-json\/wp\/v2\/product_brand?post=3096"},{"taxonomy":"product_cat","embeddable":true,"href":"https:\/\/www.brikaelektrik.al\/al\/wp-json\/wp\/v2\/product_cat?post=3096"},{"taxonomy":"product_tag","embeddable":true,"href":"https:\/\/www.brikaelektrik.al\/al\/wp-json\/wp\/v2\/product_tag?post=3096"}],"curies":[{"name":"wp","href":"https:\/\/api.w.org\/{rel}","templated":true}]}}