{"id":3098,"date":"2025-08-20T10:13:21","date_gmt":"2025-08-20T10:13:21","guid":{"rendered":"https:\/\/www.brikaelektrik.al\/?post_type=product&#038;p=3098"},"modified":"2025-08-20T10:13:21","modified_gmt":"2025-08-20T10:13:21","slug":"kapak-3p-pasqyre-me-shkelqim","status":"publish","type":"product","link":"https:\/\/www.brikaelektrik.al\/al\/produkt\/kapak-3p-pasqyre-me-shkelqim\/","title":{"rendered":"KAPAK 3P PASQYR\u00cb ME SHK\u00cbLQIM"},"content":{"rendered":"<p><strong data-start=\"170\" data-end=\"180\">Seria:<\/strong> System<br data-start=\"187\" data-end=\"190\" \/><strong data-start=\"190\" data-end=\"200\">Lloji:<\/strong> Pllak\u00eb dekorative Virna p\u00ebr 3 module<br data-start=\"237\" data-end=\"240\" data-is-only-node=\"\" \/><strong data-start=\"240\" data-end=\"251\">Ngjyra:<\/strong> Chrome Soft<br data-start=\"263\" data-end=\"266\" \/><strong data-start=\"266\" data-end=\"280\">Materiali:<\/strong> Teknopolimer me p\u00ebrfundim me shk\u00eblqim<br data-start=\"318\" data-end=\"321\" \/><strong data-start=\"321\" data-end=\"331\">Forma:<\/strong> Virna (moderne, me p\u00ebrfundim t\u00eb shk\u00eblqyer)<br data-start=\"426\" data-end=\"429\" \/><strong data-start=\"429\" data-end=\"450\">Numri i moduleve:<\/strong> 3<br data-start=\"452\" data-end=\"455\" \/><strong data-start=\"455\" data-end=\"469\">Standardi:<\/strong> CE i certifikuar<\/p>","protected":false},"excerpt":{"rendered":"<p>Seria: SystemLloji: Pllak\u00eb dekorative Virna p\u00ebr 3 moduleNgjyra: Chrome SoftMateriali: Teknopolimer me p\u00ebrfundim me shk\u00eblqimForma: Virna (moderne, me p\u00ebrfundim t\u00eb shk\u00eblqyer)Numri i moduleve: 3Standardi: CE i certifikuar<\/p>","protected":false},"featured_media":3099,"comment_status":"open","ping_status":"closed","template":"","meta":{"_acf_changed":false},"product_brand":[],"product_cat":[40,69],"product_tag":[],"class_list":{"0":"post-3098","1":"product","2":"type-product","3":"status-publish","4":"has-post-thumbnail","6":"product_cat-serite-civile","7":"product_cat-gewiss-system","9":"first","10":"instock","11":"shipping-taxable","12":"product-type-simple"},"acf":[],"_links":{"self":[{"href":"https:\/\/www.brikaelektrik.al\/al\/wp-json\/wp\/v2\/product\/3098","targetHints":{"allow":["GET"]}}],"collection":[{"href":"https:\/\/www.brikaelektrik.al\/al\/wp-json\/wp\/v2\/product"}],"about":[{"href":"https:\/\/www.brikaelektrik.al\/al\/wp-json\/wp\/v2\/types\/product"}],"replies":[{"embeddable":true,"href":"https:\/\/www.brikaelektrik.al\/al\/wp-json\/wp\/v2\/comments?post=3098"}],"wp:featuredmedia":[{"embeddable":true,"href":"https:\/\/www.brikaelektrik.al\/al\/wp-json\/wp\/v2\/media\/3099"}],"wp:attachment":[{"href":"https:\/\/www.brikaelektrik.al\/al\/wp-json\/wp\/v2\/media?parent=3098"}],"wp:term":[{"taxonomy":"product_brand","embeddable":true,"href":"https:\/\/www.brikaelektrik.al\/al\/wp-json\/wp\/v2\/product_brand?post=3098"},{"taxonomy":"product_cat","embeddable":true,"href":"https:\/\/www.brikaelektrik.al\/al\/wp-json\/wp\/v2\/product_cat?post=3098"},{"taxonomy":"product_tag","embeddable":true,"href":"https:\/\/www.brikaelektrik.al\/al\/wp-json\/wp\/v2\/product_tag?post=3098"}],"curies":[{"name":"wp","href":"https:\/\/api.w.org\/{rel}","templated":true}]}}