{"id":3102,"date":"2025-08-20T10:24:55","date_gmt":"2025-08-20T10:24:55","guid":{"rendered":"https:\/\/www.brikaelektrik.al\/?post_type=product&#038;p=3102"},"modified":"2025-08-20T10:24:55","modified_gmt":"2025-08-20T10:24:55","slug":"kapak-3p-kafe-me-ujra","status":"publish","type":"product","link":"https:\/\/www.brikaelektrik.al\/al\/produkt\/kapak-3p-kafe-me-ujra\/","title":{"rendered":"KAPAK 3P KAFE ME UJRA"},"content":{"rendered":"<p><strong data-start=\"157\" data-end=\"167\">Seria:<\/strong> System<br data-start=\"174\" data-end=\"177\" \/><strong data-start=\"177\" data-end=\"187\">Lloji:<\/strong> Pllak\u00eb dekorative Virna p\u00ebr 3 module<br data-start=\"224\" data-end=\"227\" data-is-only-node=\"\" \/><strong data-start=\"227\" data-end=\"238\">Ngjyra:<\/strong> Antique\u00a0<br data-start=\"251\" data-end=\"254\" \/><strong data-start=\"254\" data-end=\"268\">Materiali:<\/strong> Teknopolimer me p\u00ebrfundim me shk\u00eblqim<br data-start=\"306\" data-end=\"309\" \/><strong data-start=\"309\" data-end=\"319\">Forma:<\/strong> Virna (moderne, me p\u00ebrfundim t\u00eb shk\u00eblqyer)<br data-start=\"414\" data-end=\"417\" \/><strong data-start=\"417\" data-end=\"438\">Numri i moduleve:<\/strong> 3<br data-start=\"440\" data-end=\"443\" \/><strong data-start=\"443\" data-end=\"457\">Standardi:<\/strong> CE i certifikuar<\/p>","protected":false},"excerpt":{"rendered":"<p>Seria: SystemLloji: Pllak\u00eb dekorative Virna p\u00ebr 3 moduleNgjyra: Antique\u00a0Materiali: Teknopolimer me p\u00ebrfundim me shk\u00eblqimForma: Virna (moderne, me p\u00ebrfundim t\u00eb shk\u00eblqyer)Numri i moduleve: 3Standardi: CE i certifikuar<\/p>","protected":false},"featured_media":3103,"comment_status":"open","ping_status":"closed","template":"","meta":{"_acf_changed":false},"product_brand":[],"product_cat":[40,69],"product_tag":[],"class_list":{"0":"post-3102","1":"product","2":"type-product","3":"status-publish","4":"has-post-thumbnail","6":"product_cat-serite-civile","7":"product_cat-gewiss-system","9":"first","10":"instock","11":"shipping-taxable","12":"product-type-simple"},"acf":[],"_links":{"self":[{"href":"https:\/\/www.brikaelektrik.al\/al\/wp-json\/wp\/v2\/product\/3102","targetHints":{"allow":["GET"]}}],"collection":[{"href":"https:\/\/www.brikaelektrik.al\/al\/wp-json\/wp\/v2\/product"}],"about":[{"href":"https:\/\/www.brikaelektrik.al\/al\/wp-json\/wp\/v2\/types\/product"}],"replies":[{"embeddable":true,"href":"https:\/\/www.brikaelektrik.al\/al\/wp-json\/wp\/v2\/comments?post=3102"}],"wp:featuredmedia":[{"embeddable":true,"href":"https:\/\/www.brikaelektrik.al\/al\/wp-json\/wp\/v2\/media\/3103"}],"wp:attachment":[{"href":"https:\/\/www.brikaelektrik.al\/al\/wp-json\/wp\/v2\/media?parent=3102"}],"wp:term":[{"taxonomy":"product_brand","embeddable":true,"href":"https:\/\/www.brikaelektrik.al\/al\/wp-json\/wp\/v2\/product_brand?post=3102"},{"taxonomy":"product_cat","embeddable":true,"href":"https:\/\/www.brikaelektrik.al\/al\/wp-json\/wp\/v2\/product_cat?post=3102"},{"taxonomy":"product_tag","embeddable":true,"href":"https:\/\/www.brikaelektrik.al\/al\/wp-json\/wp\/v2\/product_tag?post=3102"}],"curies":[{"name":"wp","href":"https:\/\/api.w.org\/{rel}","templated":true}]}}