{"id":3104,"date":"2025-08-20T10:28:44","date_gmt":"2025-08-20T10:28:44","guid":{"rendered":"https:\/\/www.brikaelektrik.al\/?post_type=product&#038;p=3104"},"modified":"2025-08-20T10:28:44","modified_gmt":"2025-08-20T10:28:44","slug":"kapak-6p-gri-metal","status":"publish","type":"product","link":"https:\/\/www.brikaelektrik.al\/al\/produkt\/kapak-6p-gri-metal\/","title":{"rendered":"KAPAK 6P GRI METAL"},"content":{"rendered":"<p><strong data-start=\"170\" data-end=\"180\">Seria:<\/strong> System<br data-start=\"187\" data-end=\"190\" \/><strong data-start=\"190\" data-end=\"200\">Lloji:<\/strong> Pllak\u00eb dekorative Virna p\u00ebr 6 module<br data-start=\"237\" data-end=\"240\" data-is-only-node=\"\" \/><strong data-start=\"240\" data-end=\"251\">Ngjyra:<\/strong> Titanio Metalizato (Titanium Metalizado)<br data-start=\"292\" data-end=\"295\" \/><strong data-start=\"295\" data-end=\"309\">Materiali:<\/strong> Teknopolimer me p\u00ebrfundim me shk\u00eblqim<br data-start=\"347\" data-end=\"350\" \/><strong data-start=\"350\" data-end=\"360\">Forma:<\/strong> Virna (moderne, me p\u00ebrfundim t\u00eb shk\u00eblqyer)<br data-start=\"455\" data-end=\"458\" \/><strong data-start=\"458\" data-end=\"479\">Numri i moduleve:<\/strong> 6<br data-start=\"481\" data-end=\"484\" \/><strong data-start=\"484\" data-end=\"498\">Standardi:<\/strong> CE i certifikuar<\/p>","protected":false},"excerpt":{"rendered":"<p>Seria: SystemLloji: Pllak\u00eb dekorative Virna p\u00ebr 6 moduleNgjyra: Titanio Metalizato (Titanium Metalizado)Materiali: Teknopolimer me p\u00ebrfundim me shk\u00eblqimForma: Virna (moderne, me p\u00ebrfundim t\u00eb shk\u00eblqyer)Numri i moduleve: 6Standardi: CE i certifikuar<\/p>","protected":false},"featured_media":3105,"comment_status":"open","ping_status":"closed","template":"","meta":{"_acf_changed":false},"product_brand":[],"product_cat":[40,69],"product_tag":[],"class_list":{"0":"post-3104","1":"product","2":"type-product","3":"status-publish","4":"has-post-thumbnail","6":"product_cat-serite-civile","7":"product_cat-gewiss-system","9":"first","10":"instock","11":"shipping-taxable","12":"product-type-simple"},"acf":[],"_links":{"self":[{"href":"https:\/\/www.brikaelektrik.al\/al\/wp-json\/wp\/v2\/product\/3104","targetHints":{"allow":["GET"]}}],"collection":[{"href":"https:\/\/www.brikaelektrik.al\/al\/wp-json\/wp\/v2\/product"}],"about":[{"href":"https:\/\/www.brikaelektrik.al\/al\/wp-json\/wp\/v2\/types\/product"}],"replies":[{"embeddable":true,"href":"https:\/\/www.brikaelektrik.al\/al\/wp-json\/wp\/v2\/comments?post=3104"}],"wp:featuredmedia":[{"embeddable":true,"href":"https:\/\/www.brikaelektrik.al\/al\/wp-json\/wp\/v2\/media\/3105"}],"wp:attachment":[{"href":"https:\/\/www.brikaelektrik.al\/al\/wp-json\/wp\/v2\/media?parent=3104"}],"wp:term":[{"taxonomy":"product_brand","embeddable":true,"href":"https:\/\/www.brikaelektrik.al\/al\/wp-json\/wp\/v2\/product_brand?post=3104"},{"taxonomy":"product_cat","embeddable":true,"href":"https:\/\/www.brikaelektrik.al\/al\/wp-json\/wp\/v2\/product_cat?post=3104"},{"taxonomy":"product_tag","embeddable":true,"href":"https:\/\/www.brikaelektrik.al\/al\/wp-json\/wp\/v2\/product_tag?post=3104"}],"curies":[{"name":"wp","href":"https:\/\/api.w.org\/{rel}","templated":true}]}}