{"id":3109,"date":"2025-08-20T10:36:57","date_gmt":"2025-08-20T10:36:57","guid":{"rendered":"https:\/\/www.brikaelektrik.al\/?post_type=product&#038;p=3109"},"modified":"2025-08-20T10:36:57","modified_gmt":"2025-08-20T10:36:57","slug":"kapak-4p-vishnje","status":"publish","type":"product","link":"https:\/\/www.brikaelektrik.al\/al\/produkt\/kapak-4p-vishnje\/","title":{"rendered":"KAPAK 4P VISHNJE"},"content":{"rendered":"<p><strong data-start=\"172\" data-end=\"182\">Seria:<\/strong> PLAYBUS<br data-start=\"190\" data-end=\"193\" \/><strong data-start=\"193\" data-end=\"203\" data-is-only-node=\"\">Lloji:<\/strong> Pllak\u00eb dekorative p\u00ebr 1 modul me kuti izoluese dhe mb\u00ebshtetje<br data-start=\"265\" data-end=\"268\" \/><strong data-start=\"268\" data-end=\"279\">Ngjyra:<\/strong> Vishnje<br data-start=\"287\" data-end=\"290\" \/><strong data-start=\"290\" data-end=\"304\">Materiali:<\/strong> Teknopolimer<br data-start=\"317\" data-end=\"320\" \/><strong data-start=\"320\" data-end=\"330\">Forma:<\/strong> Virna moderne me p\u00ebrfundim t\u00eb shk\u00eblqyer<br data-start=\"422\" data-end=\"425\" \/><strong data-start=\"425\" data-end=\"446\">Numri i moduleve:<\/strong> 1<br data-start=\"448\" data-end=\"451\" \/><strong data-start=\"451\" data-end=\"465\">Standardi:<\/strong> CE i certifikuar<br data-start=\"482\" data-end=\"485\" \/><strong data-start=\"485\" data-end=\"498\">P\u00ebrmasat:<\/strong> Gjer\u00ebsia 85 mm Lart\u00ebsia 85 mm Thell\u00ebsia 10 mm<\/p>","protected":false},"excerpt":{"rendered":"<p>Seria: PLAYBUSLloji: Pllak\u00eb dekorative p\u00ebr 1 modul me kuti izoluese dhe mb\u00ebshtetjeNgjyra: VishnjeMateriali: TeknopolimerForma: Virna moderne me p\u00ebrfundim t\u00eb shk\u00eblqyerNumri i moduleve: 1Standardi: CE i certifikuarP\u00ebrmasat: Gjer\u00ebsia 85 mm Lart\u00ebsia 85 mm Thell\u00ebsia 10 mm<\/p>","protected":false},"featured_media":3110,"comment_status":"open","ping_status":"closed","template":"","meta":{"_acf_changed":false},"product_brand":[],"product_cat":[40,69],"product_tag":[],"class_list":{"0":"post-3109","1":"product","2":"type-product","3":"status-publish","4":"has-post-thumbnail","6":"product_cat-serite-civile","7":"product_cat-gewiss-system","9":"first","10":"instock","11":"shipping-taxable","12":"product-type-simple"},"acf":[],"_links":{"self":[{"href":"https:\/\/www.brikaelektrik.al\/al\/wp-json\/wp\/v2\/product\/3109","targetHints":{"allow":["GET"]}}],"collection":[{"href":"https:\/\/www.brikaelektrik.al\/al\/wp-json\/wp\/v2\/product"}],"about":[{"href":"https:\/\/www.brikaelektrik.al\/al\/wp-json\/wp\/v2\/types\/product"}],"replies":[{"embeddable":true,"href":"https:\/\/www.brikaelektrik.al\/al\/wp-json\/wp\/v2\/comments?post=3109"}],"wp:featuredmedia":[{"embeddable":true,"href":"https:\/\/www.brikaelektrik.al\/al\/wp-json\/wp\/v2\/media\/3110"}],"wp:attachment":[{"href":"https:\/\/www.brikaelektrik.al\/al\/wp-json\/wp\/v2\/media?parent=3109"}],"wp:term":[{"taxonomy":"product_brand","embeddable":true,"href":"https:\/\/www.brikaelektrik.al\/al\/wp-json\/wp\/v2\/product_brand?post=3109"},{"taxonomy":"product_cat","embeddable":true,"href":"https:\/\/www.brikaelektrik.al\/al\/wp-json\/wp\/v2\/product_cat?post=3109"},{"taxonomy":"product_tag","embeddable":true,"href":"https:\/\/www.brikaelektrik.al\/al\/wp-json\/wp\/v2\/product_tag?post=3109"}],"curies":[{"name":"wp","href":"https:\/\/api.w.org\/{rel}","templated":true}]}}