{"id":3111,"date":"2025-08-20T10:39:11","date_gmt":"2025-08-20T10:39:11","guid":{"rendered":"https:\/\/www.brikaelektrik.al\/?post_type=product&#038;p=3111"},"modified":"2025-08-20T10:39:11","modified_gmt":"2025-08-20T10:39:11","slug":"kapak-i-bardhe-12-module-2-rreshta","status":"publish","type":"product","link":"https:\/\/www.brikaelektrik.al\/al\/produkt\/kapak-i-bardhe-12-module-2-rreshta\/","title":{"rendered":"KAPAK I BARDH\u00cb 12 MODULE 2 RRESHTA"},"content":{"rendered":"<p><strong data-start=\"168\" data-end=\"178\">Seria:<\/strong> System<br data-start=\"185\" data-end=\"188\" \/><strong data-start=\"188\" data-end=\"198\" data-is-only-node=\"\">Lloji:<\/strong> Pllak\u00eb dekorative p\u00ebr 12 module<br data-start=\"230\" data-end=\"233\" \/><strong data-start=\"233\" data-end=\"244\">Ngjyra:<\/strong> E bardh\u00eb<br data-start=\"253\" data-end=\"256\" \/><strong data-start=\"256\" data-end=\"270\">Materiali:<\/strong> Teknopolimer<br data-start=\"283\" data-end=\"286\" \/><strong data-start=\"286\" data-end=\"296\">Forma:<\/strong> Virna moderne me p\u00ebrfundim t\u00eb shk\u00eblqyer<br data-start=\"388\" data-end=\"391\" \/><strong data-start=\"391\" data-end=\"412\">Numri i moduleve:<\/strong> 12<br data-start=\"415\" data-end=\"418\" \/><strong data-start=\"418\" data-end=\"432\">Standardi:<\/strong> CE i certifikuar<br data-start=\"449\" data-end=\"452\" \/><strong data-start=\"452\" data-end=\"465\">P\u00ebrmasat:<\/strong> Gjer\u00ebsia 190 mm Lart\u00ebsia 137,2 mm Thell\u00ebsia 10,5 mm<\/p>","protected":false},"excerpt":{"rendered":"<p>Seria: SystemLloji: Pllak\u00eb dekorative p\u00ebr 12 moduleNgjyra: E bardh\u00ebMateriali: TeknopolimerForma: Virna moderne me p\u00ebrfundim t\u00eb shk\u00eblqyerNumri i moduleve: 12Standardi: CE i certifikuarP\u00ebrmasat: Gjer\u00ebsia 190 mm Lart\u00ebsia 137,2 mm Thell\u00ebsia 10,5 mm<\/p>","protected":false},"featured_media":3112,"comment_status":"open","ping_status":"closed","template":"","meta":{"_acf_changed":false},"product_brand":[],"product_cat":[40,69],"product_tag":[],"class_list":{"0":"post-3111","1":"product","2":"type-product","3":"status-publish","4":"has-post-thumbnail","6":"product_cat-serite-civile","7":"product_cat-gewiss-system","9":"first","10":"instock","11":"shipping-taxable","12":"product-type-simple"},"acf":[],"_links":{"self":[{"href":"https:\/\/www.brikaelektrik.al\/al\/wp-json\/wp\/v2\/product\/3111","targetHints":{"allow":["GET"]}}],"collection":[{"href":"https:\/\/www.brikaelektrik.al\/al\/wp-json\/wp\/v2\/product"}],"about":[{"href":"https:\/\/www.brikaelektrik.al\/al\/wp-json\/wp\/v2\/types\/product"}],"replies":[{"embeddable":true,"href":"https:\/\/www.brikaelektrik.al\/al\/wp-json\/wp\/v2\/comments?post=3111"}],"wp:featuredmedia":[{"embeddable":true,"href":"https:\/\/www.brikaelektrik.al\/al\/wp-json\/wp\/v2\/media\/3112"}],"wp:attachment":[{"href":"https:\/\/www.brikaelektrik.al\/al\/wp-json\/wp\/v2\/media?parent=3111"}],"wp:term":[{"taxonomy":"product_brand","embeddable":true,"href":"https:\/\/www.brikaelektrik.al\/al\/wp-json\/wp\/v2\/product_brand?post=3111"},{"taxonomy":"product_cat","embeddable":true,"href":"https:\/\/www.brikaelektrik.al\/al\/wp-json\/wp\/v2\/product_cat?post=3111"},{"taxonomy":"product_tag","embeddable":true,"href":"https:\/\/www.brikaelektrik.al\/al\/wp-json\/wp\/v2\/product_tag?post=3111"}],"curies":[{"name":"wp","href":"https:\/\/api.w.org\/{rel}","templated":true}]}}