{"id":3113,"date":"2025-08-20T10:41:32","date_gmt":"2025-08-20T10:41:32","guid":{"rendered":"https:\/\/www.brikaelektrik.al\/?post_type=product&#038;p=3113"},"modified":"2025-08-20T10:41:32","modified_gmt":"2025-08-20T10:41:32","slug":"kapak-gri-metal-i-erret-3p","status":"publish","type":"product","link":"https:\/\/www.brikaelektrik.al\/al\/produkt\/kapak-gri-metal-i-erret-3p\/","title":{"rendered":"KAPAK GRI METAL I ERR\u00cbT 3P"},"content":{"rendered":"<p><strong data-start=\"172\" data-end=\"182\">Seria:<\/strong> System<br data-start=\"189\" data-end=\"192\" \/><strong data-start=\"192\" data-end=\"202\">Lloji:<\/strong> Pllak\u00eb dekorative Virna p\u00ebr 3 module<br data-start=\"239\" data-end=\"242\" data-is-only-node=\"\" \/><strong data-start=\"242\" data-end=\"253\">Ngjyra:<\/strong> Slate Metalik<br data-start=\"267\" data-end=\"270\" \/><strong data-start=\"270\" data-end=\"284\">Materiali:<\/strong> Teknopolimer me p\u00ebrfundim me shk\u00eblqim<br data-start=\"322\" data-end=\"325\" \/><strong data-start=\"325\" data-end=\"335\">Forma:<\/strong> Virna (moderne, me p\u00ebrfundim t\u00eb shk\u00eblqyer)<br data-start=\"430\" data-end=\"433\" \/><strong data-start=\"433\" data-end=\"454\">Numri i moduleve:<\/strong> 3<br data-start=\"456\" data-end=\"459\" \/><strong data-start=\"459\" data-end=\"473\">Standardi:<\/strong> CE i certifikuar<\/p>","protected":false},"excerpt":{"rendered":"<p>Seria: SystemLloji: Pllak\u00eb dekorative Virna p\u00ebr 3 moduleNgjyra: Slate MetalikMateriali: Teknopolimer me p\u00ebrfundim me shk\u00eblqimForma: Virna (moderne, me p\u00ebrfundim t\u00eb shk\u00eblqyer)Numri i moduleve: 3Standardi: CE i certifikuar<\/p>","protected":false},"featured_media":3114,"comment_status":"open","ping_status":"closed","template":"","meta":{"_acf_changed":false},"product_brand":[],"product_cat":[40,69],"product_tag":[],"class_list":{"0":"post-3113","1":"product","2":"type-product","3":"status-publish","4":"has-post-thumbnail","6":"product_cat-serite-civile","7":"product_cat-gewiss-system","9":"first","10":"instock","11":"shipping-taxable","12":"product-type-simple"},"acf":[],"_links":{"self":[{"href":"https:\/\/www.brikaelektrik.al\/al\/wp-json\/wp\/v2\/product\/3113","targetHints":{"allow":["GET"]}}],"collection":[{"href":"https:\/\/www.brikaelektrik.al\/al\/wp-json\/wp\/v2\/product"}],"about":[{"href":"https:\/\/www.brikaelektrik.al\/al\/wp-json\/wp\/v2\/types\/product"}],"replies":[{"embeddable":true,"href":"https:\/\/www.brikaelektrik.al\/al\/wp-json\/wp\/v2\/comments?post=3113"}],"wp:featuredmedia":[{"embeddable":true,"href":"https:\/\/www.brikaelektrik.al\/al\/wp-json\/wp\/v2\/media\/3114"}],"wp:attachment":[{"href":"https:\/\/www.brikaelektrik.al\/al\/wp-json\/wp\/v2\/media?parent=3113"}],"wp:term":[{"taxonomy":"product_brand","embeddable":true,"href":"https:\/\/www.brikaelektrik.al\/al\/wp-json\/wp\/v2\/product_brand?post=3113"},{"taxonomy":"product_cat","embeddable":true,"href":"https:\/\/www.brikaelektrik.al\/al\/wp-json\/wp\/v2\/product_cat?post=3113"},{"taxonomy":"product_tag","embeddable":true,"href":"https:\/\/www.brikaelektrik.al\/al\/wp-json\/wp\/v2\/product_tag?post=3113"}],"curies":[{"name":"wp","href":"https:\/\/api.w.org\/{rel}","templated":true}]}}