{"id":3115,"date":"2025-08-20T10:46:59","date_gmt":"2025-08-20T10:46:59","guid":{"rendered":"https:\/\/www.brikaelektrik.al\/?post_type=product&#038;p=3115"},"modified":"2025-08-20T10:46:59","modified_gmt":"2025-08-20T10:46:59","slug":"kapak-gri-metal-i-hapur-3p","status":"publish","type":"product","link":"https:\/\/www.brikaelektrik.al\/al\/produkt\/kapak-gri-metal-i-hapur-3p\/","title":{"rendered":"KAPAK GRI METAL I HAPUR 3P"},"content":{"rendered":"<p><strong data-start=\"172\" data-end=\"182\">Seria:<\/strong> System<br data-start=\"189\" data-end=\"192\" \/><strong data-start=\"192\" data-end=\"202\">Lloji:<\/strong> Pllak\u00eb dekorative Virna p\u00ebr 3 module<br data-start=\"239\" data-end=\"242\" data-is-only-node=\"\" \/><strong data-start=\"242\" data-end=\"253\">Ngjyra:<\/strong> Titanio Metalizato (Titanium Metalizado)<br data-start=\"294\" data-end=\"297\" \/><strong data-start=\"297\" data-end=\"311\">Materiali:<\/strong> Teknopolimer me p\u00ebrfundim me shk\u00eblqim<br data-start=\"349\" data-end=\"352\" \/><strong data-start=\"352\" data-end=\"362\">Forma:<\/strong> Virna (moderne, me p\u00ebrfundim t\u00eb shk\u00eblqyer)<br data-start=\"457\" data-end=\"460\" \/><strong data-start=\"460\" data-end=\"481\">Numri i moduleve:<\/strong> 3<br data-start=\"483\" data-end=\"486\" \/><strong data-start=\"486\" data-end=\"500\">Standardi:<\/strong> CE i certifikuar<\/p>","protected":false},"excerpt":{"rendered":"<p>Seria: SystemLloji: Pllak\u00eb dekorative Virna p\u00ebr 3 moduleNgjyra: Titanio Metalizato (Titanium Metalizado)Materiali: Teknopolimer me p\u00ebrfundim me shk\u00eblqimForma: Virna (moderne, me p\u00ebrfundim t\u00eb shk\u00eblqyer)Numri i moduleve: 3Standardi: CE i certifikuar<\/p>","protected":false},"featured_media":3116,"comment_status":"open","ping_status":"closed","template":"","meta":{"_acf_changed":false},"product_brand":[],"product_cat":[40,69],"product_tag":[],"class_list":{"0":"post-3115","1":"product","2":"type-product","3":"status-publish","4":"has-post-thumbnail","6":"product_cat-serite-civile","7":"product_cat-gewiss-system","9":"first","10":"instock","11":"shipping-taxable","12":"product-type-simple"},"acf":[],"_links":{"self":[{"href":"https:\/\/www.brikaelektrik.al\/al\/wp-json\/wp\/v2\/product\/3115","targetHints":{"allow":["GET"]}}],"collection":[{"href":"https:\/\/www.brikaelektrik.al\/al\/wp-json\/wp\/v2\/product"}],"about":[{"href":"https:\/\/www.brikaelektrik.al\/al\/wp-json\/wp\/v2\/types\/product"}],"replies":[{"embeddable":true,"href":"https:\/\/www.brikaelektrik.al\/al\/wp-json\/wp\/v2\/comments?post=3115"}],"wp:featuredmedia":[{"embeddable":true,"href":"https:\/\/www.brikaelektrik.al\/al\/wp-json\/wp\/v2\/media\/3116"}],"wp:attachment":[{"href":"https:\/\/www.brikaelektrik.al\/al\/wp-json\/wp\/v2\/media?parent=3115"}],"wp:term":[{"taxonomy":"product_brand","embeddable":true,"href":"https:\/\/www.brikaelektrik.al\/al\/wp-json\/wp\/v2\/product_brand?post=3115"},{"taxonomy":"product_cat","embeddable":true,"href":"https:\/\/www.brikaelektrik.al\/al\/wp-json\/wp\/v2\/product_cat?post=3115"},{"taxonomy":"product_tag","embeddable":true,"href":"https:\/\/www.brikaelektrik.al\/al\/wp-json\/wp\/v2\/product_tag?post=3115"}],"curies":[{"name":"wp","href":"https:\/\/api.w.org\/{rel}","templated":true}]}}