{"id":3119,"date":"2025-08-20T10:55:13","date_gmt":"2025-08-20T10:55:13","guid":{"rendered":"https:\/\/www.brikaelektrik.al\/?post_type=product&#038;p=3119"},"modified":"2025-08-20T10:55:13","modified_gmt":"2025-08-20T10:55:13","slug":"kapak-qershi-4p","status":"publish","type":"product","link":"https:\/\/www.brikaelektrik.al\/al\/produkt\/kapak-qershi-4p\/","title":{"rendered":"KAPAK QERSHI 4P"},"content":{"rendered":"<p><strong data-start=\"168\" data-end=\"178\">Seria:<\/strong> PLAYBUS YOUNG<br data-start=\"192\" data-end=\"195\" \/><strong data-start=\"195\" data-end=\"205\" data-is-only-node=\"\">Lloji:<\/strong> Pllak\u00eb dekorative p\u00ebr 3 module<br data-start=\"236\" data-end=\"239\" \/><strong data-start=\"239\" data-end=\"250\">Ngjyra:<\/strong> E zez\u00eb<br data-start=\"257\" data-end=\"260\" \/><strong data-start=\"260\" data-end=\"274\">Materiali:<\/strong> Teknopolimer<br data-start=\"287\" data-end=\"290\" \/><strong data-start=\"290\" data-end=\"300\">Forma:<\/strong> Virna moderne me p\u00ebrfundim satin<br data-start=\"385\" data-end=\"388\" \/><strong data-start=\"388\" data-end=\"409\">Numri i moduleve:<\/strong> 3<br data-start=\"411\" data-end=\"414\" \/><strong data-start=\"414\" data-end=\"428\">Standardi:<\/strong> CE i certifikuar<br data-start=\"445\" data-end=\"448\" \/><strong data-start=\"448\" data-end=\"461\">P\u00ebrmasat:<\/strong> Gjer\u00ebsia 118 mm Lart\u00ebsia 86 mm Thell\u00ebsia 8,5 mm<\/p>","protected":false},"excerpt":{"rendered":"<p>Seria: PLAYBUS YOUNGLloji: Pllak\u00eb dekorative p\u00ebr 3 moduleNgjyra: E zez\u00ebMateriali: TeknopolimerForma: Virna moderne me p\u00ebrfundim satinNumri i moduleve: 3Standardi: CE i certifikuarP\u00ebrmasat: Gjer\u00ebsia 118 mm Lart\u00ebsia 86 mm Thell\u00ebsia 8,5 mm<\/p>","protected":false},"featured_media":3120,"comment_status":"open","ping_status":"closed","template":"","meta":{"_acf_changed":false},"product_brand":[],"product_cat":[40,69],"product_tag":[],"class_list":{"0":"post-3119","1":"product","2":"type-product","3":"status-publish","4":"has-post-thumbnail","6":"product_cat-serite-civile","7":"product_cat-gewiss-system","9":"first","10":"instock","11":"shipping-taxable","12":"product-type-simple"},"acf":[],"_links":{"self":[{"href":"https:\/\/www.brikaelektrik.al\/al\/wp-json\/wp\/v2\/product\/3119","targetHints":{"allow":["GET"]}}],"collection":[{"href":"https:\/\/www.brikaelektrik.al\/al\/wp-json\/wp\/v2\/product"}],"about":[{"href":"https:\/\/www.brikaelektrik.al\/al\/wp-json\/wp\/v2\/types\/product"}],"replies":[{"embeddable":true,"href":"https:\/\/www.brikaelektrik.al\/al\/wp-json\/wp\/v2\/comments?post=3119"}],"wp:featuredmedia":[{"embeddable":true,"href":"https:\/\/www.brikaelektrik.al\/al\/wp-json\/wp\/v2\/media\/3120"}],"wp:attachment":[{"href":"https:\/\/www.brikaelektrik.al\/al\/wp-json\/wp\/v2\/media?parent=3119"}],"wp:term":[{"taxonomy":"product_brand","embeddable":true,"href":"https:\/\/www.brikaelektrik.al\/al\/wp-json\/wp\/v2\/product_brand?post=3119"},{"taxonomy":"product_cat","embeddable":true,"href":"https:\/\/www.brikaelektrik.al\/al\/wp-json\/wp\/v2\/product_cat?post=3119"},{"taxonomy":"product_tag","embeddable":true,"href":"https:\/\/www.brikaelektrik.al\/al\/wp-json\/wp\/v2\/product_tag?post=3119"}],"curies":[{"name":"wp","href":"https:\/\/api.w.org\/{rel}","templated":true}]}}