{"id":3121,"date":"2025-08-20T11:57:23","date_gmt":"2025-08-20T11:57:23","guid":{"rendered":"https:\/\/www.brikaelektrik.al\/?post_type=product&#038;p=3121"},"modified":"2025-08-20T11:57:23","modified_gmt":"2025-08-20T11:57:23","slug":"kapak-mjalti-3p","status":"publish","type":"product","link":"https:\/\/www.brikaelektrik.al\/al\/produkt\/kapak-mjalti-3p\/","title":{"rendered":"KAPAK MJALTI 3P"},"content":{"rendered":"<p><strong data-start=\"212\" data-end=\"222\">Seria:<\/strong> System<br data-start=\"229\" data-end=\"232\" \/><strong data-start=\"232\" data-end=\"242\">Lloji:<\/strong> Pllak\u00eb dekorative Virna p\u00ebr 3 module<br data-start=\"279\" data-end=\"282\" \/><strong data-start=\"282\" data-end=\"293\" data-is-only-node=\"\">Ngjyra:<\/strong> Bordeaux klasik<br data-start=\"309\" data-end=\"312\" \/><strong data-start=\"312\" data-end=\"326\">Materiali:<\/strong> Teknopolimer me p\u00ebrfundim me shk\u00eblqim<br data-start=\"364\" data-end=\"367\" \/><strong data-start=\"367\" data-end=\"377\">Forma:<\/strong> Virna (moderne, me p\u00ebrfundim t\u00eb shk\u00eblqyer)<br data-start=\"472\" data-end=\"475\" \/><strong data-start=\"475\" data-end=\"496\">Numri i moduleve:<\/strong> 3<br data-start=\"498\" data-end=\"501\" \/><strong data-start=\"501\" data-end=\"515\">Standardi:<\/strong> CE i certifikuar<\/p>","protected":false},"excerpt":{"rendered":"<p>Seria: SystemLloji: Pllak\u00eb dekorative Virna p\u00ebr 3 moduleNgjyra: Bordeaux klasikMateriali: Teknopolimer me p\u00ebrfundim me shk\u00eblqimForma: Virna (moderne, me p\u00ebrfundim t\u00eb shk\u00eblqyer)Numri i moduleve: 3Standardi: CE i certifikuar<\/p>","protected":false},"featured_media":3122,"comment_status":"open","ping_status":"closed","template":"","meta":{"_acf_changed":false},"product_brand":[],"product_cat":[40,69],"product_tag":[],"class_list":{"0":"post-3121","1":"product","2":"type-product","3":"status-publish","4":"has-post-thumbnail","6":"product_cat-serite-civile","7":"product_cat-gewiss-system","9":"first","10":"instock","11":"shipping-taxable","12":"product-type-simple"},"acf":[],"_links":{"self":[{"href":"https:\/\/www.brikaelektrik.al\/al\/wp-json\/wp\/v2\/product\/3121","targetHints":{"allow":["GET"]}}],"collection":[{"href":"https:\/\/www.brikaelektrik.al\/al\/wp-json\/wp\/v2\/product"}],"about":[{"href":"https:\/\/www.brikaelektrik.al\/al\/wp-json\/wp\/v2\/types\/product"}],"replies":[{"embeddable":true,"href":"https:\/\/www.brikaelektrik.al\/al\/wp-json\/wp\/v2\/comments?post=3121"}],"wp:featuredmedia":[{"embeddable":true,"href":"https:\/\/www.brikaelektrik.al\/al\/wp-json\/wp\/v2\/media\/3122"}],"wp:attachment":[{"href":"https:\/\/www.brikaelektrik.al\/al\/wp-json\/wp\/v2\/media?parent=3121"}],"wp:term":[{"taxonomy":"product_brand","embeddable":true,"href":"https:\/\/www.brikaelektrik.al\/al\/wp-json\/wp\/v2\/product_brand?post=3121"},{"taxonomy":"product_cat","embeddable":true,"href":"https:\/\/www.brikaelektrik.al\/al\/wp-json\/wp\/v2\/product_cat?post=3121"},{"taxonomy":"product_tag","embeddable":true,"href":"https:\/\/www.brikaelektrik.al\/al\/wp-json\/wp\/v2\/product_tag?post=3121"}],"curies":[{"name":"wp","href":"https:\/\/api.w.org\/{rel}","templated":true}]}}