{"id":3123,"date":"2025-08-20T12:02:41","date_gmt":"2025-08-20T12:02:41","guid":{"rendered":"https:\/\/www.brikaelektrik.al\/?post_type=product&#038;p=3123"},"modified":"2025-08-20T12:02:42","modified_gmt":"2025-08-20T12:02:42","slug":"kuti-automati-12m-bm-e-bardhe","status":"publish","type":"product","link":"https:\/\/www.brikaelektrik.al\/al\/produkt\/kuti-automati-12m-bm-e-bardhe\/","title":{"rendered":"KUTI AUTOMATI 12M BM E BARDH\u00cb"},"content":{"rendered":"<p><strong data-start=\"172\" data-end=\"182\">Seria:<\/strong> 40 CDI<br data-start=\"189\" data-end=\"192\" \/><strong data-start=\"192\" data-end=\"202\" data-is-only-node=\"\">Lloji:<\/strong> Centralino da arredo da incasso<br data-start=\"234\" data-end=\"237\" \/><strong data-start=\"237\" data-end=\"248\">Ngjyra:<\/strong> E bardh\u00eb<br data-start=\"257\" data-end=\"260\" \/><strong data-start=\"260\" data-end=\"274\">Materiali:<\/strong> Plastika termoindurente halogen-free<br data-start=\"311\" data-end=\"314\" \/><strong data-start=\"314\" data-end=\"324\">Forma:<\/strong> Virna moderne me p\u00ebrfundim t\u00eb shk\u00eblqyer<br data-start=\"364\" data-end=\"367\" \/><strong data-start=\"367\" data-end=\"385\">P\u00ebrputhshm\u00ebri:<\/strong> P\u00ebrdoret me mb\u00ebshtetje GW40674<br data-start=\"416\" data-end=\"419\" \/><strong data-start=\"419\" data-end=\"440\">Numri i moduleve:<\/strong> 12 + 1<br data-start=\"447\" data-end=\"450\" \/><strong data-start=\"450\" data-end=\"464\">Standardi:<\/strong> CE i certifikuar<br data-start=\"481\" data-end=\"484\" \/><strong data-start=\"484\" data-end=\"497\">P\u00ebrmasat:<\/strong> Gjer\u00ebsia 330 mm Lart\u00ebsia 218 mm Thell\u00ebsia 25 mm<br data-start=\"545\" data-end=\"548\" \/><strong data-start=\"548\" data-end=\"579\">Temperatura e funksionimit:<\/strong> -25\u00b0C \u00f7 +60\u00b0C<br data-start=\"593\" data-end=\"596\" \/><strong data-start=\"596\" data-end=\"617\">Klasa e izolimit:<\/strong> II<br data-start=\"620\" data-end=\"623\" \/><strong data-start=\"623\" data-end=\"656\">P\u00ebrputhshm\u00ebria me standardet:<\/strong> EN 60670-1 IEC 60670-24 CEI 23-48 CEI 23-49<br data-start=\"700\" data-end=\"703\" \/><strong data-start=\"703\" data-end=\"747\">Testi i ngrohjes me filamentin e nxeht\u00eb:<\/strong> 650\u00b0C<\/p>","protected":false},"excerpt":{"rendered":"<p>Seria: 40 CDILloji: Centralino da arredo da incassoNgjyra: E bardh\u00ebMateriali: Plastika termoindurente halogen-freeForma: Virna moderne me p\u00ebrfundim t\u00eb shk\u00eblqyerP\u00ebrputhshm\u00ebri: P\u00ebrdoret me mb\u00ebshtetje GW40674Numri i moduleve: 12 + 1Standardi: CE i certifikuarP\u00ebrmasat: Gjer\u00ebsia 330 mm Lart\u00ebsia 218 mm Thell\u00ebsia 25 mmTemperatura e funksionimit: -25\u00b0C \u00f7 +60\u00b0CKlasa e izolimit: IIP\u00ebrputhshm\u00ebria me standardet: EN 60670-1 IEC 60670-24 CEI [&hellip;]<\/p>","protected":false},"featured_media":3124,"comment_status":"open","ping_status":"closed","template":"","meta":{"_acf_changed":false},"product_brand":[],"product_cat":[40,69],"product_tag":[],"class_list":{"0":"post-3123","1":"product","2":"type-product","3":"status-publish","4":"has-post-thumbnail","6":"product_cat-serite-civile","7":"product_cat-gewiss-system","9":"first","10":"instock","11":"shipping-taxable","12":"product-type-simple"},"acf":[],"_links":{"self":[{"href":"https:\/\/www.brikaelektrik.al\/al\/wp-json\/wp\/v2\/product\/3123","targetHints":{"allow":["GET"]}}],"collection":[{"href":"https:\/\/www.brikaelektrik.al\/al\/wp-json\/wp\/v2\/product"}],"about":[{"href":"https:\/\/www.brikaelektrik.al\/al\/wp-json\/wp\/v2\/types\/product"}],"replies":[{"embeddable":true,"href":"https:\/\/www.brikaelektrik.al\/al\/wp-json\/wp\/v2\/comments?post=3123"}],"wp:featuredmedia":[{"embeddable":true,"href":"https:\/\/www.brikaelektrik.al\/al\/wp-json\/wp\/v2\/media\/3124"}],"wp:attachment":[{"href":"https:\/\/www.brikaelektrik.al\/al\/wp-json\/wp\/v2\/media?parent=3123"}],"wp:term":[{"taxonomy":"product_brand","embeddable":true,"href":"https:\/\/www.brikaelektrik.al\/al\/wp-json\/wp\/v2\/product_brand?post=3123"},{"taxonomy":"product_cat","embeddable":true,"href":"https:\/\/www.brikaelektrik.al\/al\/wp-json\/wp\/v2\/product_cat?post=3123"},{"taxonomy":"product_tag","embeddable":true,"href":"https:\/\/www.brikaelektrik.al\/al\/wp-json\/wp\/v2\/product_tag?post=3123"}],"curies":[{"name":"wp","href":"https:\/\/api.w.org\/{rel}","templated":true}]}}