{"id":3126,"date":"2025-08-20T12:06:27","date_gmt":"2025-08-20T12:06:27","guid":{"rendered":"https:\/\/www.brikaelektrik.al\/?post_type=product&#038;p=3126"},"modified":"2025-08-20T12:06:27","modified_gmt":"2025-08-20T12:06:27","slug":"kuti-automati-12m-bm-e-zeze","status":"publish","type":"product","link":"https:\/\/www.brikaelektrik.al\/al\/produkt\/kuti-automati-12m-bm-e-zeze\/","title":{"rendered":"KUTI AUTOMATI 12M BM E ZEZ\u00cb"},"content":{"rendered":"<p><strong data-start=\"143\" data-end=\"153\">Seria:<\/strong> 40 CDI<br data-start=\"160\" data-end=\"163\" \/><strong data-start=\"163\" data-end=\"173\">Lloji:<\/strong> Centralino da arredo da incasso<br data-start=\"205\" data-end=\"208\" \/><strong data-start=\"208\" data-end=\"219\" data-is-only-node=\"\">Ngjyra:<\/strong> Toner Black<br data-start=\"231\" data-end=\"234\" \/><strong data-start=\"234\" data-end=\"248\">Materiali:<\/strong> Plastica termoindurente halogen-free<br data-start=\"285\" data-end=\"288\" \/><strong data-start=\"288\" data-end=\"298\">Forma:<\/strong> Virna moderne me p\u00ebrfundim t\u00eb shk\u00eblqyer<br data-start=\"338\" data-end=\"341\" \/><strong data-start=\"341\" data-end=\"359\">P\u00ebrputhshm\u00ebri:<\/strong> P\u00ebrdoret me mb\u00ebshtetje GW40674<br data-start=\"390\" data-end=\"393\" \/><strong data-start=\"393\" data-end=\"414\">Numri i moduleve:<\/strong> 12 + 1<br data-start=\"421\" data-end=\"424\" \/><strong data-start=\"424\" data-end=\"438\">Standardi:<\/strong> CE i certifikuar<br data-start=\"455\" data-end=\"458\" \/><strong data-start=\"458\" data-end=\"471\">P\u00ebrmasat:<\/strong><br data-start=\"471\" data-end=\"474\" \/>\u202f\u202f\u2022 Gjer\u00ebsia: 330\u202fmm<br data-start=\"494\" data-end=\"497\" \/>\u202f\u202f\u2022 Lart\u00ebsia: 218\u202fmm<br data-start=\"517\" data-end=\"520\" \/>\u202f\u202f\u2022 Thell\u00ebsia: 25\u202fmm<br data-start=\"540\" data-end=\"543\" \/><strong data-start=\"543\" data-end=\"574\">Temperatura e funksionimit:<\/strong> -25\u00b0C \u00f7 +60\u00b0C<br data-start=\"588\" data-end=\"591\" \/><strong data-start=\"591\" data-end=\"612\">Klasa e izolimit:<\/strong> II (sip\u00ebr IEC 61140)<br data-start=\"633\" data-end=\"636\" \/><strong data-start=\"636\" data-end=\"669\">P\u00ebrputhshm\u00ebria me standardet:<\/strong> EN 60670-1, IEC 60670-24, CEI 23-48, CEI 23-49<br data-start=\"716\" data-end=\"719\" \/><strong data-start=\"719\" data-end=\"763\">Testi i ngrohjes me filamentin e nxeht\u00eb:<\/strong> 650\u00b0C<\/p>","protected":false},"excerpt":{"rendered":"<p>Seria: 40 CDILloji: Centralino da arredo da incassoNgjyra: Toner BlackMateriali: Plastica termoindurente halogen-freeForma: Virna moderne me p\u00ebrfundim t\u00eb shk\u00eblqyerP\u00ebrputhshm\u00ebri: P\u00ebrdoret me mb\u00ebshtetje GW40674Numri i moduleve: 12 + 1Standardi: CE i certifikuarP\u00ebrmasat:\u202f\u202f\u2022 Gjer\u00ebsia: 330\u202fmm\u202f\u202f\u2022 Lart\u00ebsia: 218\u202fmm\u202f\u202f\u2022 Thell\u00ebsia: 25\u202fmmTemperatura e funksionimit: -25\u00b0C \u00f7 +60\u00b0CKlasa e izolimit: II (sip\u00ebr IEC 61140)P\u00ebrputhshm\u00ebria me standardet: EN 60670-1, IEC 60670-24, CEI [&hellip;]<\/p>","protected":false},"featured_media":3127,"comment_status":"open","ping_status":"closed","template":"","meta":{"_acf_changed":false},"product_brand":[],"product_cat":[40,69],"product_tag":[],"class_list":{"0":"post-3126","1":"product","2":"type-product","3":"status-publish","4":"has-post-thumbnail","6":"product_cat-serite-civile","7":"product_cat-gewiss-system","9":"first","10":"instock","11":"shipping-taxable","12":"product-type-simple"},"acf":[],"_links":{"self":[{"href":"https:\/\/www.brikaelektrik.al\/al\/wp-json\/wp\/v2\/product\/3126","targetHints":{"allow":["GET"]}}],"collection":[{"href":"https:\/\/www.brikaelektrik.al\/al\/wp-json\/wp\/v2\/product"}],"about":[{"href":"https:\/\/www.brikaelektrik.al\/al\/wp-json\/wp\/v2\/types\/product"}],"replies":[{"embeddable":true,"href":"https:\/\/www.brikaelektrik.al\/al\/wp-json\/wp\/v2\/comments?post=3126"}],"wp:featuredmedia":[{"embeddable":true,"href":"https:\/\/www.brikaelektrik.al\/al\/wp-json\/wp\/v2\/media\/3127"}],"wp:attachment":[{"href":"https:\/\/www.brikaelektrik.al\/al\/wp-json\/wp\/v2\/media?parent=3126"}],"wp:term":[{"taxonomy":"product_brand","embeddable":true,"href":"https:\/\/www.brikaelektrik.al\/al\/wp-json\/wp\/v2\/product_brand?post=3126"},{"taxonomy":"product_cat","embeddable":true,"href":"https:\/\/www.brikaelektrik.al\/al\/wp-json\/wp\/v2\/product_cat?post=3126"},{"taxonomy":"product_tag","embeddable":true,"href":"https:\/\/www.brikaelektrik.al\/al\/wp-json\/wp\/v2\/product_tag?post=3126"}],"curies":[{"name":"wp","href":"https:\/\/api.w.org\/{rel}","templated":true}]}}