{"id":3129,"date":"2025-08-20T12:14:29","date_gmt":"2025-08-20T12:14:29","guid":{"rendered":"https:\/\/www.brikaelektrik.al\/?post_type=product&#038;p=3129"},"modified":"2025-08-20T12:14:29","modified_gmt":"2025-08-20T12:14:29","slug":"kuti-automati-24m-bm-e-bardhe","status":"publish","type":"product","link":"https:\/\/www.brikaelektrik.al\/al\/produkt\/kuti-automati-24m-bm-e-bardhe\/","title":{"rendered":"KUTI AUTOMATI 24M BM E BARDH\u00cb"},"content":{"rendered":"<p><strong data-start=\"186\" data-end=\"196\">Seria:<\/strong> 40 CDI<br data-start=\"203\" data-end=\"206\" \/><strong data-start=\"206\" data-end=\"216\">Lloji:<\/strong> Centralino da arredo da incasso<br data-start=\"248\" data-end=\"251\" data-is-only-node=\"\" \/><strong data-start=\"251\" data-end=\"262\">Ngjyra:<\/strong> E bardh\u00eb<br data-start=\"271\" data-end=\"274\" \/><strong data-start=\"274\" data-end=\"288\">Materiali:<\/strong> Termoplastik halogen-free<br data-start=\"314\" data-end=\"317\" \/><strong data-start=\"317\" data-end=\"327\">Forma:<\/strong> Virna moderne me p\u00ebrfundim t\u00eb shk\u00eblqyer<br data-start=\"367\" data-end=\"370\" \/><strong data-start=\"370\" data-end=\"388\">P\u00ebrputhshm\u00ebri:<\/strong> P\u00ebrdoret me mb\u00ebshtetje GW40677<br data-start=\"419\" data-end=\"422\" \/><strong data-start=\"422\" data-end=\"443\">Numri i moduleve:<\/strong> 24 + 2<br data-start=\"450\" data-end=\"453\" \/><strong data-start=\"453\" data-end=\"467\">Standardi:<\/strong> CE i certifikuar<br data-start=\"484\" data-end=\"487\" \/><strong data-start=\"487\" data-end=\"500\">P\u00ebrmasat:<\/strong> Gjer\u00ebsia 328 mm Lart\u00ebsia 338 mm Thell\u00ebsia 28 mm<br data-start=\"548\" data-end=\"551\" \/><strong data-start=\"551\" data-end=\"582\">Temperatura e funksionimit:<\/strong> -25\u00b0C \u00f7 +60\u00b0C<br data-start=\"596\" data-end=\"599\" \/><strong data-start=\"599\" data-end=\"620\">Klasa e izolimit:<\/strong> II<br data-start=\"623\" data-end=\"626\" \/><strong data-start=\"626\" data-end=\"659\">P\u00ebrputhshm\u00ebria me standardet:<\/strong> EN 60670-1 IEC 60670-24 CEI 23-48 CEI 23-49<br data-start=\"703\" data-end=\"706\" \/><strong data-start=\"706\" data-end=\"750\">Testi i ngrohjes me filamentin e nxeht\u00eb:<\/strong> 650\u00b0C<\/p>","protected":false},"excerpt":{"rendered":"<p>Seria: 40 CDILloji: Centralino da arredo da incassoNgjyra: E bardh\u00ebMateriali: Termoplastik halogen-freeForma: Virna moderne me p\u00ebrfundim t\u00eb shk\u00eblqyerP\u00ebrputhshm\u00ebri: P\u00ebrdoret me mb\u00ebshtetje GW40677Numri i moduleve: 24 + 2Standardi: CE i certifikuarP\u00ebrmasat: Gjer\u00ebsia 328 mm Lart\u00ebsia 338 mm Thell\u00ebsia 28 mmTemperatura e funksionimit: -25\u00b0C \u00f7 +60\u00b0CKlasa e izolimit: IIP\u00ebrputhshm\u00ebria me standardet: EN 60670-1 IEC 60670-24 CEI 23-48 [&hellip;]<\/p>","protected":false},"featured_media":3130,"comment_status":"open","ping_status":"closed","template":"","meta":{"_acf_changed":false},"product_brand":[],"product_cat":[40,69],"product_tag":[],"class_list":{"0":"post-3129","1":"product","2":"type-product","3":"status-publish","4":"has-post-thumbnail","6":"product_cat-serite-civile","7":"product_cat-gewiss-system","9":"first","10":"instock","11":"shipping-taxable","12":"product-type-simple"},"acf":[],"_links":{"self":[{"href":"https:\/\/www.brikaelektrik.al\/al\/wp-json\/wp\/v2\/product\/3129","targetHints":{"allow":["GET"]}}],"collection":[{"href":"https:\/\/www.brikaelektrik.al\/al\/wp-json\/wp\/v2\/product"}],"about":[{"href":"https:\/\/www.brikaelektrik.al\/al\/wp-json\/wp\/v2\/types\/product"}],"replies":[{"embeddable":true,"href":"https:\/\/www.brikaelektrik.al\/al\/wp-json\/wp\/v2\/comments?post=3129"}],"wp:featuredmedia":[{"embeddable":true,"href":"https:\/\/www.brikaelektrik.al\/al\/wp-json\/wp\/v2\/media\/3130"}],"wp:attachment":[{"href":"https:\/\/www.brikaelektrik.al\/al\/wp-json\/wp\/v2\/media?parent=3129"}],"wp:term":[{"taxonomy":"product_brand","embeddable":true,"href":"https:\/\/www.brikaelektrik.al\/al\/wp-json\/wp\/v2\/product_brand?post=3129"},{"taxonomy":"product_cat","embeddable":true,"href":"https:\/\/www.brikaelektrik.al\/al\/wp-json\/wp\/v2\/product_cat?post=3129"},{"taxonomy":"product_tag","embeddable":true,"href":"https:\/\/www.brikaelektrik.al\/al\/wp-json\/wp\/v2\/product_tag?post=3129"}],"curies":[{"name":"wp","href":"https:\/\/api.w.org\/{rel}","templated":true}]}}