{"id":3132,"date":"2025-08-20T12:19:04","date_gmt":"2025-08-20T12:19:04","guid":{"rendered":"https:\/\/www.brikaelektrik.al\/?post_type=product&#038;p=3132"},"modified":"2025-08-20T12:19:05","modified_gmt":"2025-08-20T12:19:05","slug":"kuti-automati-24m-bm-e-zeze","status":"publish","type":"product","link":"https:\/\/www.brikaelektrik.al\/al\/produkt\/kuti-automati-24m-bm-e-zeze\/","title":{"rendered":"KUTI AUTOMATI 24M BM E ZEZ\u00cb"},"content":{"rendered":"<p><strong data-start=\"194\" data-end=\"204\">Seria:<\/strong> 40 CDI<br data-start=\"211\" data-end=\"214\" \/><strong data-start=\"214\" data-end=\"224\" data-is-only-node=\"\">Lloji:<\/strong> Centralino da arredo da incasso<br data-start=\"256\" data-end=\"259\" \/><strong data-start=\"259\" data-end=\"270\">Ngjyra:<\/strong> Toner Black<br data-start=\"282\" data-end=\"285\" \/><strong data-start=\"285\" data-end=\"299\">Materiali:<\/strong> Termoplastik halogen-free<br data-start=\"325\" data-end=\"328\" \/><strong data-start=\"328\" data-end=\"338\">Forma:<\/strong> Virna moderne me p\u00ebrfundim t\u00eb shk\u00eblqyer<br data-start=\"378\" data-end=\"381\" \/><strong data-start=\"381\" data-end=\"399\">P\u00ebrputhshm\u00ebri:<\/strong> P\u00ebrdoret me mb\u00ebshtetje GW40677<br data-start=\"430\" data-end=\"433\" \/><strong data-start=\"433\" data-end=\"454\">Numri i moduleve:<\/strong> 24 + 2<br data-start=\"461\" data-end=\"464\" \/><strong data-start=\"464\" data-end=\"478\">Standardi:<\/strong> CE i certifikuar<br data-start=\"495\" data-end=\"498\" \/><strong data-start=\"498\" data-end=\"511\">P\u00ebrmasat:<\/strong> Gjer\u00ebsia 328 mm Lart\u00ebsia 338 mm Thell\u00ebsia 108 mm<br data-start=\"560\" data-end=\"563\" \/><strong data-start=\"563\" data-end=\"594\">Temperatura e funksionimit:<\/strong> -15\u00b0C \u00f7 +60\u00b0C<br data-start=\"608\" data-end=\"611\" \/><strong data-start=\"611\" data-end=\"632\">Klasa e izolimit:<\/strong> II<br data-start=\"635\" data-end=\"638\" \/><strong data-start=\"638\" data-end=\"671\">P\u00ebrputhshm\u00ebria me standardet:<\/strong> EN 60670-1 IEC 60670-24 CEI 23-48 CEI 23-49<br data-start=\"715\" data-end=\"718\" \/><strong data-start=\"718\" data-end=\"762\">Testi i ngrohjes me filamentin e nxeht\u00eb:<\/strong> 650\u00b0C<\/p>","protected":false},"excerpt":{"rendered":"<p>Seria: 40 CDILloji: Centralino da arredo da incassoNgjyra: Toner BlackMateriali: Termoplastik halogen-freeForma: Virna moderne me p\u00ebrfundim t\u00eb shk\u00eblqyerP\u00ebrputhshm\u00ebri: P\u00ebrdoret me mb\u00ebshtetje GW40677Numri i moduleve: 24 + 2Standardi: CE i certifikuarP\u00ebrmasat: Gjer\u00ebsia 328 mm Lart\u00ebsia 338 mm Thell\u00ebsia 108 mmTemperatura e funksionimit: -15\u00b0C \u00f7 +60\u00b0CKlasa e izolimit: IIP\u00ebrputhshm\u00ebria me standardet: EN 60670-1 IEC 60670-24 CEI 23-48 [&hellip;]<\/p>","protected":false},"featured_media":3133,"comment_status":"open","ping_status":"closed","template":"","meta":{"_acf_changed":false},"product_brand":[],"product_cat":[40,69],"product_tag":[],"class_list":{"0":"post-3132","1":"product","2":"type-product","3":"status-publish","4":"has-post-thumbnail","6":"product_cat-serite-civile","7":"product_cat-gewiss-system","9":"first","10":"instock","11":"shipping-taxable","12":"product-type-simple"},"acf":[],"_links":{"self":[{"href":"https:\/\/www.brikaelektrik.al\/al\/wp-json\/wp\/v2\/product\/3132","targetHints":{"allow":["GET"]}}],"collection":[{"href":"https:\/\/www.brikaelektrik.al\/al\/wp-json\/wp\/v2\/product"}],"about":[{"href":"https:\/\/www.brikaelektrik.al\/al\/wp-json\/wp\/v2\/types\/product"}],"replies":[{"embeddable":true,"href":"https:\/\/www.brikaelektrik.al\/al\/wp-json\/wp\/v2\/comments?post=3132"}],"wp:featuredmedia":[{"embeddable":true,"href":"https:\/\/www.brikaelektrik.al\/al\/wp-json\/wp\/v2\/media\/3133"}],"wp:attachment":[{"href":"https:\/\/www.brikaelektrik.al\/al\/wp-json\/wp\/v2\/media?parent=3132"}],"wp:term":[{"taxonomy":"product_brand","embeddable":true,"href":"https:\/\/www.brikaelektrik.al\/al\/wp-json\/wp\/v2\/product_brand?post=3132"},{"taxonomy":"product_cat","embeddable":true,"href":"https:\/\/www.brikaelektrik.al\/al\/wp-json\/wp\/v2\/product_cat?post=3132"},{"taxonomy":"product_tag","embeddable":true,"href":"https:\/\/www.brikaelektrik.al\/al\/wp-json\/wp\/v2\/product_tag?post=3132"}],"curies":[{"name":"wp","href":"https:\/\/api.w.org\/{rel}","templated":true}]}}