{"id":3135,"date":"2025-08-20T12:26:25","date_gmt":"2025-08-20T12:26:25","guid":{"rendered":"https:\/\/www.brikaelektrik.al\/?post_type=product&#038;p=3135"},"modified":"2025-08-20T12:26:25","modified_gmt":"2025-08-20T12:26:25","slug":"kuti-automati-54m-gipsi","status":"publish","type":"product","link":"https:\/\/www.brikaelektrik.al\/al\/produkt\/kuti-automati-54m-gipsi\/","title":{"rendered":"KUTI AUTOMATI 54M GIPSI"},"content":{"rendered":"<p><strong data-start=\"2155\" data-end=\"2165\">Seria:<\/strong> 40\u202fCDI (Green Wall Range)<br data-start=\"2191\" data-end=\"2194\" \/><strong data-start=\"2194\" data-end=\"2204\">Lloji:<\/strong> Panel ndarjeje flush\u2011mount p\u00ebr mur karton\u2011gipse me der\u00eb transparent\u2011fum\u00e9 dhe korniz\u00eb t\u00eb nxjerrshme<br data-start=\"2303\" data-end=\"2306\" \/><strong data-start=\"2306\" data-end=\"2317\">Ngjyra:<\/strong> E bardh\u00eb (RAL\u202f9016), der\u00eb transparent\u2011fum\u00e9<br data-start=\"2360\" data-end=\"2363\" \/><strong data-start=\"2363\" data-end=\"2377\">Materiali:<\/strong> Termopolimer pa halogjene (EN\u202f60754\u20112), GWT\u202f850\u202f\u00b0C<br data-start=\"2428\" data-end=\"2431\" \/><strong data-start=\"2431\" data-end=\"2441\">Forma:<\/strong> Flush\u2011mount, me der\u00eb fum\u00e9 dhe korniz\u00eb l\u00ebviz\u00ebse<br data-start=\"2488\" data-end=\"2491\" data-is-only-node=\"\" \/><strong data-start=\"2491\" data-end=\"2512\">Numri i moduleve:<\/strong> 54 (3 \u00d7 18 modulet EN\u202f50022)<br data-start=\"2541\" data-end=\"2544\" \/><strong data-start=\"2544\" data-end=\"2557\">P\u00ebrmasat:<\/strong> 465 \u00d7 680 \u00d7 95 mm<br data-start=\"2575\" data-end=\"2578\" \/><strong data-start=\"2578\" data-end=\"2609\">Temperatura e funksionimit:<\/strong> \u201315\u202f\u00b0C \u00f7 +60\u202f\u00b0C<br data-start=\"2625\" data-end=\"2628\" \/><strong data-start=\"2628\" data-end=\"2649\">Klasa e izolimit:<\/strong> II (IEC\u202f61140)<br data-start=\"2664\" data-end=\"2667\" \/><strong data-start=\"2667\" data-end=\"2674\">IP:<\/strong> IP40; IK08<br data-start=\"2685\" data-end=\"2688\" \/><strong data-start=\"2688\" data-end=\"2703\">Standardet:<\/strong> EN\u202f60670\u20111 (H), IEC\u202f60670\u20111 (Ha), CEI\u202f23\u201149<br data-start=\"2747\" data-end=\"2750\" \/><strong data-start=\"2750\" data-end=\"2775\">Potenca dispersabile:<\/strong> 62\u202fW<br data-start=\"2780\" data-end=\"2783\" \/><strong data-start=\"2783\" data-end=\"2804\">Testi i ngrohjes:<\/strong> GWT 850\u202f\u00b0C (EN\u202f60695\u20112\u201111)<\/p>","protected":false},"excerpt":{"rendered":"<p>Seria: 40\u202fCDI (Green Wall Range)Lloji: Panel ndarjeje flush\u2011mount p\u00ebr mur karton\u2011gipse me der\u00eb transparent\u2011fum\u00e9 dhe korniz\u00eb t\u00eb nxjerrshmeNgjyra: E bardh\u00eb (RAL\u202f9016), der\u00eb transparent\u2011fum\u00e9Materiali: Termopolimer pa halogjene (EN\u202f60754\u20112), GWT\u202f850\u202f\u00b0CForma: Flush\u2011mount, me der\u00eb fum\u00e9 dhe korniz\u00eb l\u00ebviz\u00ebseNumri i moduleve: 54 (3 \u00d7 18 modulet EN\u202f50022)P\u00ebrmasat: 465 \u00d7 680 \u00d7 95 mmTemperatura e funksionimit: \u201315\u202f\u00b0C \u00f7 +60\u202f\u00b0CKlasa e [&hellip;]<\/p>","protected":false},"featured_media":3136,"comment_status":"open","ping_status":"closed","template":"","meta":{"_acf_changed":false},"product_brand":[],"product_cat":[40,69],"product_tag":[],"class_list":{"0":"post-3135","1":"product","2":"type-product","3":"status-publish","4":"has-post-thumbnail","6":"product_cat-serite-civile","7":"product_cat-gewiss-system","9":"first","10":"instock","11":"shipping-taxable","12":"product-type-simple"},"acf":[],"_links":{"self":[{"href":"https:\/\/www.brikaelektrik.al\/al\/wp-json\/wp\/v2\/product\/3135","targetHints":{"allow":["GET"]}}],"collection":[{"href":"https:\/\/www.brikaelektrik.al\/al\/wp-json\/wp\/v2\/product"}],"about":[{"href":"https:\/\/www.brikaelektrik.al\/al\/wp-json\/wp\/v2\/types\/product"}],"replies":[{"embeddable":true,"href":"https:\/\/www.brikaelektrik.al\/al\/wp-json\/wp\/v2\/comments?post=3135"}],"wp:featuredmedia":[{"embeddable":true,"href":"https:\/\/www.brikaelektrik.al\/al\/wp-json\/wp\/v2\/media\/3136"}],"wp:attachment":[{"href":"https:\/\/www.brikaelektrik.al\/al\/wp-json\/wp\/v2\/media?parent=3135"}],"wp:term":[{"taxonomy":"product_brand","embeddable":true,"href":"https:\/\/www.brikaelektrik.al\/al\/wp-json\/wp\/v2\/product_brand?post=3135"},{"taxonomy":"product_cat","embeddable":true,"href":"https:\/\/www.brikaelektrik.al\/al\/wp-json\/wp\/v2\/product_cat?post=3135"},{"taxonomy":"product_tag","embeddable":true,"href":"https:\/\/www.brikaelektrik.al\/al\/wp-json\/wp\/v2\/product_tag?post=3135"}],"curies":[{"name":"wp","href":"https:\/\/api.w.org\/{rel}","templated":true}]}}