{"id":3137,"date":"2025-08-20T12:32:06","date_gmt":"2025-08-20T12:32:06","guid":{"rendered":"https:\/\/www.brikaelektrik.al\/?post_type=product&#038;p=3137"},"modified":"2025-08-20T12:32:06","modified_gmt":"2025-08-20T12:32:06","slug":"kuti-automati-gipsi-72m","status":"publish","type":"product","link":"https:\/\/www.brikaelektrik.al\/al\/produkt\/kuti-automati-gipsi-72m\/","title":{"rendered":"KUTI AUTOMATI GIPSI 72M"},"content":{"rendered":"<p><strong data-start=\"93\" data-end=\"103\">Seria:<\/strong> 40CDI<br data-start=\"109\" data-end=\"112\" \/><strong data-start=\"112\" data-end=\"122\">Lloji:<\/strong> Centralino p\u00ebr montim n\u00eb mur karton-gips<br data-start=\"163\" data-end=\"166\" \/><strong data-start=\"166\" data-end=\"177\" data-is-only-node=\"\">Ngjyra:<\/strong> E bardh\u00eb (RAL 9016), der\u00eb transparent-tymosur<br data-start=\"223\" data-end=\"226\" \/><strong data-start=\"226\" data-end=\"240\">Materiali:<\/strong> Teknopolimer pa halogjene, GWT 850\u00b0C<br data-start=\"277\" data-end=\"280\" \/><strong data-start=\"280\" data-end=\"290\">Forma:<\/strong> Panel modern me korniz\u00eb t\u00eb nxjerrshme dhe der\u00eb t\u00eb tymosur<br data-start=\"348\" data-end=\"351\" \/><strong data-start=\"351\" data-end=\"369\">P\u00ebrputhshm\u00ebri:<\/strong> Bashkohet me elementin GW40425<br data-start=\"400\" data-end=\"403\" \/><strong data-start=\"403\" data-end=\"424\">Numri i moduleve:<\/strong> 72 (4&#215;18)<br data-start=\"434\" data-end=\"437\" \/><strong data-start=\"437\" data-end=\"451\">Standardi:<\/strong> CE i certifikuar<br data-start=\"468\" data-end=\"471\" \/><strong data-start=\"471\" data-end=\"484\">P\u00ebrmasat:<\/strong> Gjer\u00ebsia 465 mm Lart\u00ebsia 880 mm Thell\u00ebsia 95 mm<br data-start=\"532\" data-end=\"535\" \/><strong data-start=\"535\" data-end=\"566\">Temperatura e funksionimit:<\/strong> -15\u00b0C \u00f7 +60\u00b0C<br data-start=\"580\" data-end=\"583\" \/><strong data-start=\"583\" data-end=\"604\">Klasa e izolimit:<\/strong> II<br data-start=\"607\" data-end=\"610\" \/><strong data-start=\"610\" data-end=\"643\">P\u00ebrputhshm\u00ebria me standardet:<\/strong> EN 60670-1 IEC 60670-1 CEI 23-49<br data-start=\"676\" data-end=\"679\" \/><strong data-start=\"679\" data-end=\"723\">Testi i ngrohjes me filamentin e nxeht\u00eb:<\/strong> 850\u00b0C<\/p>","protected":false},"excerpt":{"rendered":"<p>Seria: 40CDILloji: Centralino p\u00ebr montim n\u00eb mur karton-gipsNgjyra: E bardh\u00eb (RAL 9016), der\u00eb transparent-tymosurMateriali: Teknopolimer pa halogjene, GWT 850\u00b0CForma: Panel modern me korniz\u00eb t\u00eb nxjerrshme dhe der\u00eb t\u00eb tymosurP\u00ebrputhshm\u00ebri: Bashkohet me elementin GW40425Numri i moduleve: 72 (4&#215;18)Standardi: CE i certifikuarP\u00ebrmasat: Gjer\u00ebsia 465 mm Lart\u00ebsia 880 mm Thell\u00ebsia 95 mmTemperatura e funksionimit: -15\u00b0C \u00f7 +60\u00b0CKlasa e [&hellip;]<\/p>","protected":false},"featured_media":3138,"comment_status":"open","ping_status":"closed","template":"","meta":{"_acf_changed":false},"product_brand":[],"product_cat":[40,69],"product_tag":[],"class_list":{"0":"post-3137","1":"product","2":"type-product","3":"status-publish","4":"has-post-thumbnail","6":"product_cat-serite-civile","7":"product_cat-gewiss-system","9":"first","10":"instock","11":"shipping-taxable","12":"product-type-simple"},"acf":[],"_links":{"self":[{"href":"https:\/\/www.brikaelektrik.al\/al\/wp-json\/wp\/v2\/product\/3137","targetHints":{"allow":["GET"]}}],"collection":[{"href":"https:\/\/www.brikaelektrik.al\/al\/wp-json\/wp\/v2\/product"}],"about":[{"href":"https:\/\/www.brikaelektrik.al\/al\/wp-json\/wp\/v2\/types\/product"}],"replies":[{"embeddable":true,"href":"https:\/\/www.brikaelektrik.al\/al\/wp-json\/wp\/v2\/comments?post=3137"}],"wp:featuredmedia":[{"embeddable":true,"href":"https:\/\/www.brikaelektrik.al\/al\/wp-json\/wp\/v2\/media\/3138"}],"wp:attachment":[{"href":"https:\/\/www.brikaelektrik.al\/al\/wp-json\/wp\/v2\/media?parent=3137"}],"wp:term":[{"taxonomy":"product_brand","embeddable":true,"href":"https:\/\/www.brikaelektrik.al\/al\/wp-json\/wp\/v2\/product_brand?post=3137"},{"taxonomy":"product_cat","embeddable":true,"href":"https:\/\/www.brikaelektrik.al\/al\/wp-json\/wp\/v2\/product_cat?post=3137"},{"taxonomy":"product_tag","embeddable":true,"href":"https:\/\/www.brikaelektrik.al\/al\/wp-json\/wp\/v2\/product_tag?post=3137"}],"curies":[{"name":"wp","href":"https:\/\/api.w.org\/{rel}","templated":true}]}}